{"id":944,"date":"2019-06-18T06:33:19","date_gmt":"2019-06-18T04:33:19","guid":{"rendered":"https:\/\/www.kauhavanpuukkopaja.my.ee\/?post_type=product&#038;p=944"},"modified":"2026-03-19T17:18:38","modified_gmt":"2026-03-19T15:18:38","slug":"poronsarvi-visakoivupuukko-tuote-603-tera-85-mm","status":"publish","type":"product","link":"https:\/\/www.kauhavanpuukkopaja.fi\/en\/kauppa\/poronsarvi-visakoivupuukko-tuote-603-tera-85-mm\/","title":{"rendered":"Reindeer antler-curly birch knife, product 603, blade 85 mm"},"content":{"rendered":"<p><strong>\u00a0<\/strong>Individual and beautiful handles are made from reindeer antler and curly birch. Every knife is unique, there are no two same knives. Suitable both for use and as a gift. Longer blades are suitable as a general knife, shorter blades as a wood-carving and activity knife.\nReindeer antler knives always have a brown sheath.<\/p>\n<p>Sarviluun ja visakoivun v\u00e4liss\u00e4 n\u00e4kyv\u00e4t laput ovat kuitulevy\u00e4. Kaksikomponentti epoksiliima laitetaan jokaisen osan v\u00e4liin, ruoto kulkee kahvan l\u00e4pi ja niitataan kiinni puukon p\u00e4\u00e4dyst\u00e4. \u00a0Kahvat\u00a0 k\u00e4sitell\u00e4\u00e4n pellava\u00f6ljyll\u00e4 eiv\u00e4tk\u00e4 ole liukkaita k\u00e4teen. T\u00e4m\u00e4 koko sopii pienemp\u00e4\u00e4n, esim. nuoren k\u00e4teen.<\/p>","protected":false},"excerpt":{"rendered":"<p>If you would like your name to be engraved on the blade, then write it in the text box on the checkout page. The maximum length of the engraving depends on the length of the blade, check the additional information for each knife for the maximum length. Engraving is free of charge. Brown sheath.<\/p>","protected":false},"featured_media":945,"template":"","meta":[],"product_brand":[],"product_cat":[55],"product_tag":[],"class_list":{"0":"post-944","1":"product","2":"type-product","3":"status-publish","4":"has-post-thumbnail","6":"product_cat-poronsarvi-visakoivupuukot","8":"first","9":"instock","10":"taxable","11":"shipping-taxable","12":"purchasable","13":"product-type-simple"},"yoast_head":"<!-- This site is optimized with the Yoast SEO plugin v27.4 - https:\/\/yoast.com\/product\/yoast-seo-wordpress\/ -->\n<title>Poronsarvi-visakoivupuukko, tuote 603, ter\u00e4 85 mm - Kauhavan Puukkopaja<\/title>\n<meta name=\"robots\" content=\"index, follow, max-snippet:-1, max-image-preview:large, max-video-preview:-1\" \/>\n<link rel=\"canonical\" href=\"https:\/\/www.kauhavanpuukkopaja.fi\/en\/kauppa\/poronsarvi-visakoivupuukko-tuote-603-tera-85-mm\/\" \/>\n<meta property=\"og:locale\" content=\"en_US\" \/>\n<meta property=\"og:type\" content=\"article\" \/>\n<meta property=\"og:title\" content=\"Poronsarvi-visakoivupuukko, tuote 603, ter\u00e4 85 mm - Kauhavan Puukkopaja\" \/>\n<meta property=\"og:description\" content=\"Mik\u00e4li haluat ter\u00e4\u00e4n oman nimikaiverruksen, kirjoita se kassa-sivulla olevaan tekstikentt\u00e4\u00e4n. Kaiverruksen maksimipituus riippuu ter\u00e4n pituudesta, katso kohta lis\u00e4tiedot. Kaiverrus on maksuton. Tupen v\u00e4ri ruskea.\" \/>\n<meta property=\"og:url\" content=\"https:\/\/www.kauhavanpuukkopaja.fi\/en\/kauppa\/poronsarvi-visakoivupuukko-tuote-603-tera-85-mm\/\" \/>\n<meta property=\"og:site_name\" content=\"Kauhavan Puukkopaja\" \/>\n<meta property=\"article:modified_time\" content=\"2026-03-19T15:18:38+00:00\" \/>\n<meta property=\"og:image\" content=\"https:\/\/www.kauhavanpuukkopaja.fi\/wp-content\/uploads\/2019\/06\/luu-85-valk-p.jpg\" \/>\n\t<meta property=\"og:image:width\" content=\"1000\" \/>\n\t<meta property=\"og:image:height\" content=\"750\" \/>\n\t<meta property=\"og:image:type\" content=\"image\/jpeg\" \/>\n<meta name=\"twitter:card\" content=\"summary_large_image\" \/>\n<meta name=\"twitter:label1\" content=\"Est. reading time\" \/>\n\t<meta name=\"twitter:data1\" content=\"1 minute\" \/>\n<script type=\"application\/ld+json\" class=\"yoast-schema-graph\">{\"@context\":\"https:\\\/\\\/schema.org\",\"@graph\":[{\"@type\":\"WebPage\",\"@id\":\"https:\\\/\\\/www.kauhavanpuukkopaja.fi\\\/kauppa\\\/poronsarvi-visakoivupuukko-tuote-603-tera-85-mm\\\/\",\"url\":\"https:\\\/\\\/www.kauhavanpuukkopaja.fi\\\/kauppa\\\/poronsarvi-visakoivupuukko-tuote-603-tera-85-mm\\\/\",\"name\":\"Poronsarvi-visakoivupuukko, tuote 603, ter\u00e4 85 mm - Kauhavan Puukkopaja\",\"isPartOf\":{\"@id\":\"https:\\\/\\\/www.kauhavanpuukkopaja.fi\\\/#website\"},\"primaryImageOfPage\":{\"@id\":\"https:\\\/\\\/www.kauhavanpuukkopaja.fi\\\/kauppa\\\/poronsarvi-visakoivupuukko-tuote-603-tera-85-mm\\\/#primaryimage\"},\"image\":{\"@id\":\"https:\\\/\\\/www.kauhavanpuukkopaja.fi\\\/kauppa\\\/poronsarvi-visakoivupuukko-tuote-603-tera-85-mm\\\/#primaryimage\"},\"thumbnailUrl\":\"https:\\\/\\\/www.kauhavanpuukkopaja.fi\\\/wp-content\\\/uploads\\\/2019\\\/06\\\/luu-85-valk-p.jpg\",\"datePublished\":\"2019-06-18T04:33:19+00:00\",\"dateModified\":\"2026-03-19T15:18:38+00:00\",\"breadcrumb\":{\"@id\":\"https:\\\/\\\/www.kauhavanpuukkopaja.fi\\\/kauppa\\\/poronsarvi-visakoivupuukko-tuote-603-tera-85-mm\\\/#breadcrumb\"},\"inLanguage\":\"en-US\",\"potentialAction\":[{\"@type\":\"ReadAction\",\"target\":[\"https:\\\/\\\/www.kauhavanpuukkopaja.fi\\\/kauppa\\\/poronsarvi-visakoivupuukko-tuote-603-tera-85-mm\\\/\"]}]},{\"@type\":\"ImageObject\",\"inLanguage\":\"en-US\",\"@id\":\"https:\\\/\\\/www.kauhavanpuukkopaja.fi\\\/kauppa\\\/poronsarvi-visakoivupuukko-tuote-603-tera-85-mm\\\/#primaryimage\",\"url\":\"https:\\\/\\\/www.kauhavanpuukkopaja.fi\\\/wp-content\\\/uploads\\\/2019\\\/06\\\/luu-85-valk-p.jpg\",\"contentUrl\":\"https:\\\/\\\/www.kauhavanpuukkopaja.fi\\\/wp-content\\\/uploads\\\/2019\\\/06\\\/luu-85-valk-p.jpg\",\"width\":1000,\"height\":750},{\"@type\":\"BreadcrumbList\",\"@id\":\"https:\\\/\\\/www.kauhavanpuukkopaja.fi\\\/kauppa\\\/poronsarvi-visakoivupuukko-tuote-603-tera-85-mm\\\/#breadcrumb\",\"itemListElement\":[{\"@type\":\"ListItem\",\"position\":1,\"name\":\"Home\",\"item\":\"https:\\\/\\\/www.kauhavanpuukkopaja.fi\\\/\"},{\"@type\":\"ListItem\",\"position\":2,\"name\":\"Verkkokauppa\",\"item\":\"https:\\\/\\\/www.kauhavanpuukkopaja.fi\\\/kauppa\\\/\"},{\"@type\":\"ListItem\",\"position\":3,\"name\":\"Poronsarvi-visakoivupuukko, tuote 603, ter\u00e4 85 mm\"}]},{\"@type\":\"WebSite\",\"@id\":\"https:\\\/\\\/www.kauhavanpuukkopaja.fi\\\/#website\",\"url\":\"https:\\\/\\\/www.kauhavanpuukkopaja.fi\\\/\",\"name\":\"Kauhavan Puukkopaja\",\"description\":\"Laadukkaita, suomalaisia puukkoja Kauhavalta.\",\"potentialAction\":[{\"@type\":\"SearchAction\",\"target\":{\"@type\":\"EntryPoint\",\"urlTemplate\":\"https:\\\/\\\/www.kauhavanpuukkopaja.fi\\\/?s={search_term_string}\"},\"query-input\":{\"@type\":\"PropertyValueSpecification\",\"valueRequired\":true,\"valueName\":\"search_term_string\"}}],\"inLanguage\":\"en-US\"}]}<\/script>\n<!-- \/ Yoast SEO plugin. -->","yoast_head_json":{"title":"Poronsarvi-visakoivupuukko, tuote 603, ter\u00e4 85 mm - Kauhavan Puukkopaja","robots":{"index":"index","follow":"follow","max-snippet":"max-snippet:-1","max-image-preview":"max-image-preview:large","max-video-preview":"max-video-preview:-1"},"canonical":"https:\/\/www.kauhavanpuukkopaja.fi\/en\/kauppa\/poronsarvi-visakoivupuukko-tuote-603-tera-85-mm\/","og_locale":"en_US","og_type":"article","og_title":"Poronsarvi-visakoivupuukko, tuote 603, ter\u00e4 85 mm - Kauhavan Puukkopaja","og_description":"Mik\u00e4li haluat ter\u00e4\u00e4n oman nimikaiverruksen, kirjoita se kassa-sivulla olevaan tekstikentt\u00e4\u00e4n. Kaiverruksen maksimipituus riippuu ter\u00e4n pituudesta, katso kohta lis\u00e4tiedot. Kaiverrus on maksuton. Tupen v\u00e4ri ruskea.","og_url":"https:\/\/www.kauhavanpuukkopaja.fi\/en\/kauppa\/poronsarvi-visakoivupuukko-tuote-603-tera-85-mm\/","og_site_name":"Kauhavan Puukkopaja","article_modified_time":"2026-03-19T15:18:38+00:00","og_image":[{"width":1000,"height":750,"url":"https:\/\/www.kauhavanpuukkopaja.fi\/wp-content\/uploads\/2019\/06\/luu-85-valk-p.jpg","type":"image\/jpeg"}],"twitter_card":"summary_large_image","twitter_misc":{"Est. reading time":"1 minute"},"schema":{"@context":"https:\/\/schema.org","@graph":[{"@type":"WebPage","@id":"https:\/\/www.kauhavanpuukkopaja.fi\/kauppa\/poronsarvi-visakoivupuukko-tuote-603-tera-85-mm\/","url":"https:\/\/www.kauhavanpuukkopaja.fi\/kauppa\/poronsarvi-visakoivupuukko-tuote-603-tera-85-mm\/","name":"Poronsarvi-visakoivupuukko, tuote 603, ter\u00e4 85 mm - Kauhavan Puukkopaja","isPartOf":{"@id":"https:\/\/www.kauhavanpuukkopaja.fi\/#website"},"primaryImageOfPage":{"@id":"https:\/\/www.kauhavanpuukkopaja.fi\/kauppa\/poronsarvi-visakoivupuukko-tuote-603-tera-85-mm\/#primaryimage"},"image":{"@id":"https:\/\/www.kauhavanpuukkopaja.fi\/kauppa\/poronsarvi-visakoivupuukko-tuote-603-tera-85-mm\/#primaryimage"},"thumbnailUrl":"https:\/\/www.kauhavanpuukkopaja.fi\/wp-content\/uploads\/2019\/06\/luu-85-valk-p.jpg","datePublished":"2019-06-18T04:33:19+00:00","dateModified":"2026-03-19T15:18:38+00:00","breadcrumb":{"@id":"https:\/\/www.kauhavanpuukkopaja.fi\/kauppa\/poronsarvi-visakoivupuukko-tuote-603-tera-85-mm\/#breadcrumb"},"inLanguage":"en-US","potentialAction":[{"@type":"ReadAction","target":["https:\/\/www.kauhavanpuukkopaja.fi\/kauppa\/poronsarvi-visakoivupuukko-tuote-603-tera-85-mm\/"]}]},{"@type":"ImageObject","inLanguage":"en-US","@id":"https:\/\/www.kauhavanpuukkopaja.fi\/kauppa\/poronsarvi-visakoivupuukko-tuote-603-tera-85-mm\/#primaryimage","url":"https:\/\/www.kauhavanpuukkopaja.fi\/wp-content\/uploads\/2019\/06\/luu-85-valk-p.jpg","contentUrl":"https:\/\/www.kauhavanpuukkopaja.fi\/wp-content\/uploads\/2019\/06\/luu-85-valk-p.jpg","width":1000,"height":750},{"@type":"BreadcrumbList","@id":"https:\/\/www.kauhavanpuukkopaja.fi\/kauppa\/poronsarvi-visakoivupuukko-tuote-603-tera-85-mm\/#breadcrumb","itemListElement":[{"@type":"ListItem","position":1,"name":"Home","item":"https:\/\/www.kauhavanpuukkopaja.fi\/"},{"@type":"ListItem","position":2,"name":"Verkkokauppa","item":"https:\/\/www.kauhavanpuukkopaja.fi\/kauppa\/"},{"@type":"ListItem","position":3,"name":"Poronsarvi-visakoivupuukko, tuote 603, ter\u00e4 85 mm"}]},{"@type":"WebSite","@id":"https:\/\/www.kauhavanpuukkopaja.fi\/#website","url":"https:\/\/www.kauhavanpuukkopaja.fi\/","name":"Kauhavan Puukkopaja","description":"Laadukkaita, suomalaisia puukkoja Kauhavalta.","potentialAction":[{"@type":"SearchAction","target":{"@type":"EntryPoint","urlTemplate":"https:\/\/www.kauhavanpuukkopaja.fi\/?s={search_term_string}"},"query-input":{"@type":"PropertyValueSpecification","valueRequired":true,"valueName":"search_term_string"}}],"inLanguage":"en-US"}]}},"_links":{"self":[{"href":"https:\/\/www.kauhavanpuukkopaja.fi\/en\/wp-json\/wp\/v2\/product\/944","targetHints":{"allow":["GET"]}}],"collection":[{"href":"https:\/\/www.kauhavanpuukkopaja.fi\/en\/wp-json\/wp\/v2\/product"}],"about":[{"href":"https:\/\/www.kauhavanpuukkopaja.fi\/en\/wp-json\/wp\/v2\/types\/product"}],"wp:featuredmedia":[{"embeddable":true,"href":"https:\/\/www.kauhavanpuukkopaja.fi\/en\/wp-json\/wp\/v2\/media\/945"}],"wp:attachment":[{"href":"https:\/\/www.kauhavanpuukkopaja.fi\/en\/wp-json\/wp\/v2\/media?parent=944"}],"wp:term":[{"taxonomy":"product_brand","embeddable":true,"href":"https:\/\/www.kauhavanpuukkopaja.fi\/en\/wp-json\/wp\/v2\/product_brand?post=944"},{"taxonomy":"product_cat","embeddable":true,"href":"https:\/\/www.kauhavanpuukkopaja.fi\/en\/wp-json\/wp\/v2\/product_cat?post=944"},{"taxonomy":"product_tag","embeddable":true,"href":"https:\/\/www.kauhavanpuukkopaja.fi\/en\/wp-json\/wp\/v2\/product_tag?post=944"}],"curies":[{"name":"wp","href":"https:\/\/api.w.org\/{rel}","templated":true}]}}