{"id":879,"date":"2019-06-17T13:52:09","date_gmt":"2019-06-17T11:52:09","guid":{"rendered":"https:\/\/www.kauhavanpuukkopaja.my.ee\/?post_type=product&#038;p=879"},"modified":"2026-03-31T06:41:11","modified_gmt":"2026-03-31T04:41:11","slug":"partiopuukko-tuote-302-tera-85-mm-sormisuojalla","status":"publish","type":"product","link":"https:\/\/www.kauhavanpuukkopaja.fi\/en\/kauppa\/partiopuukko-tuote-302-tera-85-mm-sormisuojalla\/","title":{"rendered":"Scout knife, product 302, blade 62 mm, with finger protection"},"content":{"rendered":"<p>Sormisuojalla olevat partiopuukot on valmistettu lapsille ja nuorille. Kahvan koko on ohuempi ja lyhyempi kuin aikuisten puukoissa, samoin 62 mm:n pituinen ter\u00e4 on helpompi hallita kuin pidemm\u00e4t ter\u00e4t. \u00a0Kahvat on k\u00e4sitelty pellava\u00f6ljyll\u00e4 eiv\u00e4tk\u00e4 ole liukkaita k\u00e4teen.<\/p>\n<p>Tupissa hauskoja el\u00e4inkuvioita tai nuotio. Nuotiokuva on vakiona, mutta jos toivot jotain muuta kuvaa (orava, pupu, kala, mustassa vain nuotiokuva), kirjoita toiveesi kassa-sivulla olevaan Tilauksen lis\u00e4tiedot -kohtaan. Toteutamme toiveen mahdollisuuksien mukaan, mik\u00e4li toivomaasi kuvaa varastosta valmiina l\u00f6ytyy.<\/p>","protected":false},"excerpt":{"rendered":"<p>If you would like your name to be engraved on the blade, then write it in the text box on the checkout page. The maximum length of the engraving depends on the length of the blade, check the additional information for each knife for the maximum length. Engraving is free of charge.<\/p>\n<p>Choose the handle colour. Sheath colour is determined by the colour of the handle.<\/p>","protected":false},"featured_media":884,"template":"","meta":[],"product_brand":[],"product_cat":[53],"product_tag":[],"class_list":{"0":"post-879","1":"product","2":"type-product","3":"status-publish","4":"has-post-thumbnail","6":"product_cat-partiopuukot-ensipuukot","8":"first","9":"instock","10":"taxable","11":"shipping-taxable","12":"purchasable","13":"product-type-variable"},"yoast_head":"<!-- This site is optimized with the Yoast SEO plugin v27.4 - https:\/\/yoast.com\/product\/yoast-seo-wordpress\/ -->\n<title>Partiopuukko, tuote 302, ter\u00e4 62 mm, sormisuojalla - Kauhavan Puukkopaja<\/title>\n<meta name=\"robots\" content=\"index, follow, max-snippet:-1, max-image-preview:large, max-video-preview:-1\" \/>\n<link rel=\"canonical\" href=\"https:\/\/www.kauhavanpuukkopaja.fi\/en\/kauppa\/partiopuukko-tuote-302-tera-85-mm-sormisuojalla\/\" \/>\n<meta property=\"og:locale\" content=\"en_US\" \/>\n<meta property=\"og:type\" content=\"article\" \/>\n<meta property=\"og:title\" content=\"Partiopuukko, tuote 302, ter\u00e4 62 mm, sormisuojalla - Kauhavan Puukkopaja\" \/>\n<meta property=\"og:description\" content=\"Mik\u00e4li haluat ter\u00e4\u00e4n oman nimikaiverruksen, kirjoita se kassa-sivulla olevaan tekstikentt\u00e4\u00e4n. Kaiverruksen maksimipituus riippuu ter\u00e4n pituudesta, katso kohta lis\u00e4tiedot. Kaiverrus on maksuton.  Valitse puukon kahvan v\u00e4ri. Tupen v\u00e4ri m\u00e4\u00e4r\u00e4ytyy kahvan v\u00e4rin mukaan.\" \/>\n<meta property=\"og:url\" content=\"https:\/\/www.kauhavanpuukkopaja.fi\/en\/kauppa\/partiopuukko-tuote-302-tera-85-mm-sormisuojalla\/\" \/>\n<meta property=\"og:site_name\" content=\"Kauhavan Puukkopaja\" \/>\n<meta property=\"article:modified_time\" content=\"2026-03-31T04:41:11+00:00\" \/>\n<meta property=\"og:image\" content=\"https:\/\/www.kauhavanpuukkopaja.fi\/wp-content\/uploads\/2019\/06\/P62-vaalea-ja-ruskea-valk-p.jpg\" \/>\n\t<meta property=\"og:image:width\" content=\"1000\" \/>\n\t<meta property=\"og:image:height\" content=\"750\" \/>\n\t<meta property=\"og:image:type\" content=\"image\/jpeg\" \/>\n<meta name=\"twitter:card\" content=\"summary_large_image\" \/>\n<meta name=\"twitter:label1\" content=\"Est. reading time\" \/>\n\t<meta name=\"twitter:data1\" content=\"1 minute\" \/>\n<script type=\"application\/ld+json\" class=\"yoast-schema-graph\">{\"@context\":\"https:\\\/\\\/schema.org\",\"@graph\":[{\"@type\":\"WebPage\",\"@id\":\"https:\\\/\\\/www.kauhavanpuukkopaja.fi\\\/kauppa\\\/partiopuukko-tuote-302-tera-85-mm-sormisuojalla\\\/\",\"url\":\"https:\\\/\\\/www.kauhavanpuukkopaja.fi\\\/kauppa\\\/partiopuukko-tuote-302-tera-85-mm-sormisuojalla\\\/\",\"name\":\"Partiopuukko, tuote 302, ter\u00e4 62 mm, sormisuojalla - Kauhavan Puukkopaja\",\"isPartOf\":{\"@id\":\"https:\\\/\\\/www.kauhavanpuukkopaja.fi\\\/#website\"},\"primaryImageOfPage\":{\"@id\":\"https:\\\/\\\/www.kauhavanpuukkopaja.fi\\\/kauppa\\\/partiopuukko-tuote-302-tera-85-mm-sormisuojalla\\\/#primaryimage\"},\"image\":{\"@id\":\"https:\\\/\\\/www.kauhavanpuukkopaja.fi\\\/kauppa\\\/partiopuukko-tuote-302-tera-85-mm-sormisuojalla\\\/#primaryimage\"},\"thumbnailUrl\":\"https:\\\/\\\/www.kauhavanpuukkopaja.fi\\\/wp-content\\\/uploads\\\/2019\\\/06\\\/P62-vaalea-ja-ruskea-valk-p.jpg\",\"datePublished\":\"2019-06-17T11:52:09+00:00\",\"dateModified\":\"2026-03-31T04:41:11+00:00\",\"breadcrumb\":{\"@id\":\"https:\\\/\\\/www.kauhavanpuukkopaja.fi\\\/kauppa\\\/partiopuukko-tuote-302-tera-85-mm-sormisuojalla\\\/#breadcrumb\"},\"inLanguage\":\"en-US\",\"potentialAction\":[{\"@type\":\"ReadAction\",\"target\":[\"https:\\\/\\\/www.kauhavanpuukkopaja.fi\\\/kauppa\\\/partiopuukko-tuote-302-tera-85-mm-sormisuojalla\\\/\"]}]},{\"@type\":\"ImageObject\",\"inLanguage\":\"en-US\",\"@id\":\"https:\\\/\\\/www.kauhavanpuukkopaja.fi\\\/kauppa\\\/partiopuukko-tuote-302-tera-85-mm-sormisuojalla\\\/#primaryimage\",\"url\":\"https:\\\/\\\/www.kauhavanpuukkopaja.fi\\\/wp-content\\\/uploads\\\/2019\\\/06\\\/P62-vaalea-ja-ruskea-valk-p.jpg\",\"contentUrl\":\"https:\\\/\\\/www.kauhavanpuukkopaja.fi\\\/wp-content\\\/uploads\\\/2019\\\/06\\\/P62-vaalea-ja-ruskea-valk-p.jpg\",\"width\":1000,\"height\":750},{\"@type\":\"BreadcrumbList\",\"@id\":\"https:\\\/\\\/www.kauhavanpuukkopaja.fi\\\/kauppa\\\/partiopuukko-tuote-302-tera-85-mm-sormisuojalla\\\/#breadcrumb\",\"itemListElement\":[{\"@type\":\"ListItem\",\"position\":1,\"name\":\"Home\",\"item\":\"https:\\\/\\\/www.kauhavanpuukkopaja.fi\\\/\"},{\"@type\":\"ListItem\",\"position\":2,\"name\":\"Verkkokauppa\",\"item\":\"https:\\\/\\\/www.kauhavanpuukkopaja.fi\\\/kauppa\\\/\"},{\"@type\":\"ListItem\",\"position\":3,\"name\":\"Partiopuukko, tuote 302, ter\u00e4 62 mm, sormisuojalla\"}]},{\"@type\":\"WebSite\",\"@id\":\"https:\\\/\\\/www.kauhavanpuukkopaja.fi\\\/#website\",\"url\":\"https:\\\/\\\/www.kauhavanpuukkopaja.fi\\\/\",\"name\":\"Kauhavan Puukkopaja\",\"description\":\"Laadukkaita, suomalaisia puukkoja Kauhavalta.\",\"potentialAction\":[{\"@type\":\"SearchAction\",\"target\":{\"@type\":\"EntryPoint\",\"urlTemplate\":\"https:\\\/\\\/www.kauhavanpuukkopaja.fi\\\/?s={search_term_string}\"},\"query-input\":{\"@type\":\"PropertyValueSpecification\",\"valueRequired\":true,\"valueName\":\"search_term_string\"}}],\"inLanguage\":\"en-US\"}]}<\/script>\n<!-- \/ Yoast SEO plugin. -->","yoast_head_json":{"title":"Partiopuukko, tuote 302, ter\u00e4 62 mm, sormisuojalla - Kauhavan Puukkopaja","robots":{"index":"index","follow":"follow","max-snippet":"max-snippet:-1","max-image-preview":"max-image-preview:large","max-video-preview":"max-video-preview:-1"},"canonical":"https:\/\/www.kauhavanpuukkopaja.fi\/en\/kauppa\/partiopuukko-tuote-302-tera-85-mm-sormisuojalla\/","og_locale":"en_US","og_type":"article","og_title":"Partiopuukko, tuote 302, ter\u00e4 62 mm, sormisuojalla - Kauhavan Puukkopaja","og_description":"Mik\u00e4li haluat ter\u00e4\u00e4n oman nimikaiverruksen, kirjoita se kassa-sivulla olevaan tekstikentt\u00e4\u00e4n. Kaiverruksen maksimipituus riippuu ter\u00e4n pituudesta, katso kohta lis\u00e4tiedot. Kaiverrus on maksuton.  Valitse puukon kahvan v\u00e4ri. Tupen v\u00e4ri m\u00e4\u00e4r\u00e4ytyy kahvan v\u00e4rin mukaan.","og_url":"https:\/\/www.kauhavanpuukkopaja.fi\/en\/kauppa\/partiopuukko-tuote-302-tera-85-mm-sormisuojalla\/","og_site_name":"Kauhavan Puukkopaja","article_modified_time":"2026-03-31T04:41:11+00:00","og_image":[{"width":1000,"height":750,"url":"https:\/\/www.kauhavanpuukkopaja.fi\/wp-content\/uploads\/2019\/06\/P62-vaalea-ja-ruskea-valk-p.jpg","type":"image\/jpeg"}],"twitter_card":"summary_large_image","twitter_misc":{"Est. reading time":"1 minute"},"schema":{"@context":"https:\/\/schema.org","@graph":[{"@type":"WebPage","@id":"https:\/\/www.kauhavanpuukkopaja.fi\/kauppa\/partiopuukko-tuote-302-tera-85-mm-sormisuojalla\/","url":"https:\/\/www.kauhavanpuukkopaja.fi\/kauppa\/partiopuukko-tuote-302-tera-85-mm-sormisuojalla\/","name":"Partiopuukko, tuote 302, ter\u00e4 62 mm, sormisuojalla - Kauhavan Puukkopaja","isPartOf":{"@id":"https:\/\/www.kauhavanpuukkopaja.fi\/#website"},"primaryImageOfPage":{"@id":"https:\/\/www.kauhavanpuukkopaja.fi\/kauppa\/partiopuukko-tuote-302-tera-85-mm-sormisuojalla\/#primaryimage"},"image":{"@id":"https:\/\/www.kauhavanpuukkopaja.fi\/kauppa\/partiopuukko-tuote-302-tera-85-mm-sormisuojalla\/#primaryimage"},"thumbnailUrl":"https:\/\/www.kauhavanpuukkopaja.fi\/wp-content\/uploads\/2019\/06\/P62-vaalea-ja-ruskea-valk-p.jpg","datePublished":"2019-06-17T11:52:09+00:00","dateModified":"2026-03-31T04:41:11+00:00","breadcrumb":{"@id":"https:\/\/www.kauhavanpuukkopaja.fi\/kauppa\/partiopuukko-tuote-302-tera-85-mm-sormisuojalla\/#breadcrumb"},"inLanguage":"en-US","potentialAction":[{"@type":"ReadAction","target":["https:\/\/www.kauhavanpuukkopaja.fi\/kauppa\/partiopuukko-tuote-302-tera-85-mm-sormisuojalla\/"]}]},{"@type":"ImageObject","inLanguage":"en-US","@id":"https:\/\/www.kauhavanpuukkopaja.fi\/kauppa\/partiopuukko-tuote-302-tera-85-mm-sormisuojalla\/#primaryimage","url":"https:\/\/www.kauhavanpuukkopaja.fi\/wp-content\/uploads\/2019\/06\/P62-vaalea-ja-ruskea-valk-p.jpg","contentUrl":"https:\/\/www.kauhavanpuukkopaja.fi\/wp-content\/uploads\/2019\/06\/P62-vaalea-ja-ruskea-valk-p.jpg","width":1000,"height":750},{"@type":"BreadcrumbList","@id":"https:\/\/www.kauhavanpuukkopaja.fi\/kauppa\/partiopuukko-tuote-302-tera-85-mm-sormisuojalla\/#breadcrumb","itemListElement":[{"@type":"ListItem","position":1,"name":"Home","item":"https:\/\/www.kauhavanpuukkopaja.fi\/"},{"@type":"ListItem","position":2,"name":"Verkkokauppa","item":"https:\/\/www.kauhavanpuukkopaja.fi\/kauppa\/"},{"@type":"ListItem","position":3,"name":"Partiopuukko, tuote 302, ter\u00e4 62 mm, sormisuojalla"}]},{"@type":"WebSite","@id":"https:\/\/www.kauhavanpuukkopaja.fi\/#website","url":"https:\/\/www.kauhavanpuukkopaja.fi\/","name":"Kauhavan Puukkopaja","description":"Laadukkaita, suomalaisia puukkoja Kauhavalta.","potentialAction":[{"@type":"SearchAction","target":{"@type":"EntryPoint","urlTemplate":"https:\/\/www.kauhavanpuukkopaja.fi\/?s={search_term_string}"},"query-input":{"@type":"PropertyValueSpecification","valueRequired":true,"valueName":"search_term_string"}}],"inLanguage":"en-US"}]}},"_links":{"self":[{"href":"https:\/\/www.kauhavanpuukkopaja.fi\/en\/wp-json\/wp\/v2\/product\/879","targetHints":{"allow":["GET"]}}],"collection":[{"href":"https:\/\/www.kauhavanpuukkopaja.fi\/en\/wp-json\/wp\/v2\/product"}],"about":[{"href":"https:\/\/www.kauhavanpuukkopaja.fi\/en\/wp-json\/wp\/v2\/types\/product"}],"wp:featuredmedia":[{"embeddable":true,"href":"https:\/\/www.kauhavanpuukkopaja.fi\/en\/wp-json\/wp\/v2\/media\/884"}],"wp:attachment":[{"href":"https:\/\/www.kauhavanpuukkopaja.fi\/en\/wp-json\/wp\/v2\/media?parent=879"}],"wp:term":[{"taxonomy":"product_brand","embeddable":true,"href":"https:\/\/www.kauhavanpuukkopaja.fi\/en\/wp-json\/wp\/v2\/product_brand?post=879"},{"taxonomy":"product_cat","embeddable":true,"href":"https:\/\/www.kauhavanpuukkopaja.fi\/en\/wp-json\/wp\/v2\/product_cat?post=879"},{"taxonomy":"product_tag","embeddable":true,"href":"https:\/\/www.kauhavanpuukkopaja.fi\/en\/wp-json\/wp\/v2\/product_tag?post=879"}],"curies":[{"name":"wp","href":"https:\/\/api.w.org\/{rel}","templated":true}]}}