{"id":538,"date":"2019-06-03T12:14:08","date_gmt":"2019-06-03T10:14:08","guid":{"rendered":"https:\/\/www.kauhavanpuukkopaja.my.ee\/?post_type=product&#038;p=538"},"modified":"2026-03-27T14:30:39","modified_gmt":"2026-03-27T12:30:39","slug":"leuku-tuote-1202-tera-210-mm","status":"publish","type":"product","link":"https:\/\/www.kauhavanpuukkopaja.fi\/en\/kauppa\/leuku-tuote-1202-tera-210-mm\/","title":{"rendered":"Sami knife, product 1202, blade 210 mm"},"content":{"rendered":"<p>Medium sized Sami knives are intended for wilderness hiking.<\/p>\n<p>A large Sami knife combines a knife and billhook. The model is a traditional Lapland Sami knife model. The blade has been ground and rounded to a convex shape. Thanks to its heavy weight and the grinding of the blade, the Sami knife is durable for pruning and cutting small branches. Lapland themed patterning on the sheath; reindeers and aurora borealis.<\/p>","protected":false},"excerpt":{"rendered":"<p>If you would like your name to be engraved on the blade, then write it in the text box on the checkout page. The maximum length of the engraving depends on the length of the blade, check the additional information for each knife for the maximum length. Engraving is free of charge.<\/p>\n<p>Choose the handle colour. Sheath colour is determined by the colour of the handle.<\/p>","protected":false},"featured_media":601,"template":"","meta":[],"product_brand":[],"product_cat":[60],"product_tag":[],"class_list":{"0":"post-538","1":"product","2":"type-product","3":"status-publish","4":"has-post-thumbnail","6":"product_cat-leukut","8":"first","9":"instock","10":"taxable","11":"shipping-taxable","12":"purchasable","13":"product-type-variable"},"yoast_head":"<!-- This site is optimized with the Yoast SEO plugin v27.4 - https:\/\/yoast.com\/product\/yoast-seo-wordpress\/ -->\n<title>Leuku, tuote 1202, ter\u00e4 210 mm - Kauhavan Puukkopaja<\/title>\n<meta name=\"robots\" content=\"index, follow, max-snippet:-1, max-image-preview:large, max-video-preview:-1\" \/>\n<link rel=\"canonical\" href=\"https:\/\/www.kauhavanpuukkopaja.fi\/en\/kauppa\/leuku-tuote-1202-tera-210-mm\/\" \/>\n<meta property=\"og:locale\" content=\"en_US\" \/>\n<meta property=\"og:type\" content=\"article\" \/>\n<meta property=\"og:title\" content=\"Leuku, tuote 1202, ter\u00e4 210 mm - Kauhavan Puukkopaja\" \/>\n<meta property=\"og:description\" content=\"Mik\u00e4li haluat ter\u00e4\u00e4n oman nimikaiverruksen, kirjoita se kassa-sivulla olevaan tekstikentt\u00e4\u00e4n. Kaiverruksen maksimipituus riippuu ter\u00e4n pituudesta, katso kohta lis\u00e4tiedot. Kaiverrus on maksuton.  Valitse puukon kahvan v\u00e4ri. Tupen v\u00e4ri m\u00e4\u00e4r\u00e4ytyy kahvan v\u00e4rin mukaan.\" \/>\n<meta property=\"og:url\" content=\"https:\/\/www.kauhavanpuukkopaja.fi\/en\/kauppa\/leuku-tuote-1202-tera-210-mm\/\" \/>\n<meta property=\"og:site_name\" content=\"Kauhavan Puukkopaja\" \/>\n<meta property=\"article:modified_time\" content=\"2026-03-27T12:30:39+00:00\" \/>\n<meta property=\"og:image\" content=\"https:\/\/www.kauhavanpuukkopaja.fi\/wp-content\/uploads\/2019\/06\/Leuku-1202-valk-p-2-2.jpg\" \/>\n\t<meta property=\"og:image:width\" content=\"1000\" \/>\n\t<meta property=\"og:image:height\" content=\"750\" \/>\n\t<meta property=\"og:image:type\" content=\"image\/jpeg\" \/>\n<meta name=\"twitter:card\" content=\"summary_large_image\" \/>\n<meta name=\"twitter:label1\" content=\"Est. reading time\" \/>\n\t<meta name=\"twitter:data1\" content=\"1 minute\" \/>\n<script type=\"application\/ld+json\" class=\"yoast-schema-graph\">{\"@context\":\"https:\\\/\\\/schema.org\",\"@graph\":[{\"@type\":\"WebPage\",\"@id\":\"https:\\\/\\\/www.kauhavanpuukkopaja.fi\\\/kauppa\\\/leuku-tuote-1202-tera-210-mm\\\/\",\"url\":\"https:\\\/\\\/www.kauhavanpuukkopaja.fi\\\/kauppa\\\/leuku-tuote-1202-tera-210-mm\\\/\",\"name\":\"Leuku, tuote 1202, ter\u00e4 210 mm - Kauhavan Puukkopaja\",\"isPartOf\":{\"@id\":\"https:\\\/\\\/www.kauhavanpuukkopaja.fi\\\/#website\"},\"primaryImageOfPage\":{\"@id\":\"https:\\\/\\\/www.kauhavanpuukkopaja.fi\\\/kauppa\\\/leuku-tuote-1202-tera-210-mm\\\/#primaryimage\"},\"image\":{\"@id\":\"https:\\\/\\\/www.kauhavanpuukkopaja.fi\\\/kauppa\\\/leuku-tuote-1202-tera-210-mm\\\/#primaryimage\"},\"thumbnailUrl\":\"https:\\\/\\\/www.kauhavanpuukkopaja.fi\\\/wp-content\\\/uploads\\\/2019\\\/06\\\/Leuku-1202-valk-p-2-2.jpg\",\"datePublished\":\"2019-06-03T10:14:08+00:00\",\"dateModified\":\"2026-03-27T12:30:39+00:00\",\"breadcrumb\":{\"@id\":\"https:\\\/\\\/www.kauhavanpuukkopaja.fi\\\/kauppa\\\/leuku-tuote-1202-tera-210-mm\\\/#breadcrumb\"},\"inLanguage\":\"en-US\",\"potentialAction\":[{\"@type\":\"ReadAction\",\"target\":[\"https:\\\/\\\/www.kauhavanpuukkopaja.fi\\\/kauppa\\\/leuku-tuote-1202-tera-210-mm\\\/\"]}]},{\"@type\":\"ImageObject\",\"inLanguage\":\"en-US\",\"@id\":\"https:\\\/\\\/www.kauhavanpuukkopaja.fi\\\/kauppa\\\/leuku-tuote-1202-tera-210-mm\\\/#primaryimage\",\"url\":\"https:\\\/\\\/www.kauhavanpuukkopaja.fi\\\/wp-content\\\/uploads\\\/2019\\\/06\\\/Leuku-1202-valk-p-2-2.jpg\",\"contentUrl\":\"https:\\\/\\\/www.kauhavanpuukkopaja.fi\\\/wp-content\\\/uploads\\\/2019\\\/06\\\/Leuku-1202-valk-p-2-2.jpg\",\"width\":1000,\"height\":750},{\"@type\":\"BreadcrumbList\",\"@id\":\"https:\\\/\\\/www.kauhavanpuukkopaja.fi\\\/kauppa\\\/leuku-tuote-1202-tera-210-mm\\\/#breadcrumb\",\"itemListElement\":[{\"@type\":\"ListItem\",\"position\":1,\"name\":\"Home\",\"item\":\"https:\\\/\\\/www.kauhavanpuukkopaja.fi\\\/\"},{\"@type\":\"ListItem\",\"position\":2,\"name\":\"Verkkokauppa\",\"item\":\"https:\\\/\\\/www.kauhavanpuukkopaja.fi\\\/kauppa\\\/\"},{\"@type\":\"ListItem\",\"position\":3,\"name\":\"Leuku, tuote 1202, ter\u00e4 210 mm\"}]},{\"@type\":\"WebSite\",\"@id\":\"https:\\\/\\\/www.kauhavanpuukkopaja.fi\\\/#website\",\"url\":\"https:\\\/\\\/www.kauhavanpuukkopaja.fi\\\/\",\"name\":\"Kauhavan Puukkopaja\",\"description\":\"Laadukkaita, suomalaisia puukkoja Kauhavalta.\",\"potentialAction\":[{\"@type\":\"SearchAction\",\"target\":{\"@type\":\"EntryPoint\",\"urlTemplate\":\"https:\\\/\\\/www.kauhavanpuukkopaja.fi\\\/?s={search_term_string}\"},\"query-input\":{\"@type\":\"PropertyValueSpecification\",\"valueRequired\":true,\"valueName\":\"search_term_string\"}}],\"inLanguage\":\"en-US\"}]}<\/script>\n<!-- \/ Yoast SEO plugin. -->","yoast_head_json":{"title":"Leuku, tuote 1202, ter\u00e4 210 mm - Kauhavan Puukkopaja","robots":{"index":"index","follow":"follow","max-snippet":"max-snippet:-1","max-image-preview":"max-image-preview:large","max-video-preview":"max-video-preview:-1"},"canonical":"https:\/\/www.kauhavanpuukkopaja.fi\/en\/kauppa\/leuku-tuote-1202-tera-210-mm\/","og_locale":"en_US","og_type":"article","og_title":"Leuku, tuote 1202, ter\u00e4 210 mm - Kauhavan Puukkopaja","og_description":"Mik\u00e4li haluat ter\u00e4\u00e4n oman nimikaiverruksen, kirjoita se kassa-sivulla olevaan tekstikentt\u00e4\u00e4n. Kaiverruksen maksimipituus riippuu ter\u00e4n pituudesta, katso kohta lis\u00e4tiedot. Kaiverrus on maksuton.  Valitse puukon kahvan v\u00e4ri. Tupen v\u00e4ri m\u00e4\u00e4r\u00e4ytyy kahvan v\u00e4rin mukaan.","og_url":"https:\/\/www.kauhavanpuukkopaja.fi\/en\/kauppa\/leuku-tuote-1202-tera-210-mm\/","og_site_name":"Kauhavan Puukkopaja","article_modified_time":"2026-03-27T12:30:39+00:00","og_image":[{"width":1000,"height":750,"url":"https:\/\/www.kauhavanpuukkopaja.fi\/wp-content\/uploads\/2019\/06\/Leuku-1202-valk-p-2-2.jpg","type":"image\/jpeg"}],"twitter_card":"summary_large_image","twitter_misc":{"Est. reading time":"1 minute"},"schema":{"@context":"https:\/\/schema.org","@graph":[{"@type":"WebPage","@id":"https:\/\/www.kauhavanpuukkopaja.fi\/kauppa\/leuku-tuote-1202-tera-210-mm\/","url":"https:\/\/www.kauhavanpuukkopaja.fi\/kauppa\/leuku-tuote-1202-tera-210-mm\/","name":"Leuku, tuote 1202, ter\u00e4 210 mm - Kauhavan Puukkopaja","isPartOf":{"@id":"https:\/\/www.kauhavanpuukkopaja.fi\/#website"},"primaryImageOfPage":{"@id":"https:\/\/www.kauhavanpuukkopaja.fi\/kauppa\/leuku-tuote-1202-tera-210-mm\/#primaryimage"},"image":{"@id":"https:\/\/www.kauhavanpuukkopaja.fi\/kauppa\/leuku-tuote-1202-tera-210-mm\/#primaryimage"},"thumbnailUrl":"https:\/\/www.kauhavanpuukkopaja.fi\/wp-content\/uploads\/2019\/06\/Leuku-1202-valk-p-2-2.jpg","datePublished":"2019-06-03T10:14:08+00:00","dateModified":"2026-03-27T12:30:39+00:00","breadcrumb":{"@id":"https:\/\/www.kauhavanpuukkopaja.fi\/kauppa\/leuku-tuote-1202-tera-210-mm\/#breadcrumb"},"inLanguage":"en-US","potentialAction":[{"@type":"ReadAction","target":["https:\/\/www.kauhavanpuukkopaja.fi\/kauppa\/leuku-tuote-1202-tera-210-mm\/"]}]},{"@type":"ImageObject","inLanguage":"en-US","@id":"https:\/\/www.kauhavanpuukkopaja.fi\/kauppa\/leuku-tuote-1202-tera-210-mm\/#primaryimage","url":"https:\/\/www.kauhavanpuukkopaja.fi\/wp-content\/uploads\/2019\/06\/Leuku-1202-valk-p-2-2.jpg","contentUrl":"https:\/\/www.kauhavanpuukkopaja.fi\/wp-content\/uploads\/2019\/06\/Leuku-1202-valk-p-2-2.jpg","width":1000,"height":750},{"@type":"BreadcrumbList","@id":"https:\/\/www.kauhavanpuukkopaja.fi\/kauppa\/leuku-tuote-1202-tera-210-mm\/#breadcrumb","itemListElement":[{"@type":"ListItem","position":1,"name":"Home","item":"https:\/\/www.kauhavanpuukkopaja.fi\/"},{"@type":"ListItem","position":2,"name":"Verkkokauppa","item":"https:\/\/www.kauhavanpuukkopaja.fi\/kauppa\/"},{"@type":"ListItem","position":3,"name":"Leuku, tuote 1202, ter\u00e4 210 mm"}]},{"@type":"WebSite","@id":"https:\/\/www.kauhavanpuukkopaja.fi\/#website","url":"https:\/\/www.kauhavanpuukkopaja.fi\/","name":"Kauhavan Puukkopaja","description":"Laadukkaita, suomalaisia puukkoja Kauhavalta.","potentialAction":[{"@type":"SearchAction","target":{"@type":"EntryPoint","urlTemplate":"https:\/\/www.kauhavanpuukkopaja.fi\/?s={search_term_string}"},"query-input":{"@type":"PropertyValueSpecification","valueRequired":true,"valueName":"search_term_string"}}],"inLanguage":"en-US"}]}},"_links":{"self":[{"href":"https:\/\/www.kauhavanpuukkopaja.fi\/en\/wp-json\/wp\/v2\/product\/538","targetHints":{"allow":["GET"]}}],"collection":[{"href":"https:\/\/www.kauhavanpuukkopaja.fi\/en\/wp-json\/wp\/v2\/product"}],"about":[{"href":"https:\/\/www.kauhavanpuukkopaja.fi\/en\/wp-json\/wp\/v2\/types\/product"}],"wp:featuredmedia":[{"embeddable":true,"href":"https:\/\/www.kauhavanpuukkopaja.fi\/en\/wp-json\/wp\/v2\/media\/601"}],"wp:attachment":[{"href":"https:\/\/www.kauhavanpuukkopaja.fi\/en\/wp-json\/wp\/v2\/media?parent=538"}],"wp:term":[{"taxonomy":"product_brand","embeddable":true,"href":"https:\/\/www.kauhavanpuukkopaja.fi\/en\/wp-json\/wp\/v2\/product_brand?post=538"},{"taxonomy":"product_cat","embeddable":true,"href":"https:\/\/www.kauhavanpuukkopaja.fi\/en\/wp-json\/wp\/v2\/product_cat?post=538"},{"taxonomy":"product_tag","embeddable":true,"href":"https:\/\/www.kauhavanpuukkopaja.fi\/en\/wp-json\/wp\/v2\/product_tag?post=538"}],"curies":[{"name":"wp","href":"https:\/\/api.w.org\/{rel}","templated":true}]}}