{"id":2302,"date":"2020-11-28T16:20:35","date_gmt":"2020-11-28T14:20:35","guid":{"rendered":"https:\/\/www.kauhavanpuukkopaja.fi\/?post_type=product&#038;p=2302"},"modified":"2026-04-07T22:40:46","modified_gmt":"2026-04-07T20:40:46","slug":"yleispuukko-erakivi-hiomakivi-lahjarasiassa","status":"publish","type":"product","link":"https:\/\/www.kauhavanpuukkopaja.fi\/en\/kauppa\/yleispuukko-erakivi-hiomakivi-lahjarasiassa\/","title":{"rendered":"Yleispuukko + Er\u00e4kivi-hiomakivi lahjarasiassa"},"content":{"rendered":"<p>Yleispuukko (tuote 108) on monik\u00e4ytt\u00f6inen, laadukas hiiliter\u00e4spuukko, joka soveltuu yleisk\u00e4ytt\u00f6\u00f6n, esim. vuolemiseen ja er\u00e4retkeilyyn. Perinteinen malli, sopii aikuisen k\u00e4teen sek\u00e4 miehille, ett\u00e4 naisille. Kahvat k\u00e4sitelty pellava\u00f6ljyll\u00e4 eiv\u00e4tk\u00e4 ole liukkaita k\u00e4teen. Ter\u00e4n pituus 108 mm.<\/p>\n<p>K\u00e4sin muotoiltu Er\u00e4kivi-hiomakivi, pureva ja hienojakoinen luonnonkivi. Kaikki ter\u00e4ty\u00f6kalut, kuten puukot ja veitset tarvitsevat ajoittain huoltoa. Kiven koko n. 120 x 30 x 10 mm.<\/p>\n<p>Kotimainen, Suomessa valmistettu W\u00e4stikiven hiomakivi on ter\u00e4n kunnossapitoon eritt\u00e4in hyvin toimiva ty\u00f6kalu. Teroitusohjeet\u00a0 ovat\u00a0 tuotepakkauksessa.<\/p>","protected":false},"excerpt":{"rendered":"<p>Mik\u00e4li haluat ter\u00e4\u00e4n oman nimikaiverruksen, kirjoita se kassa-sivulla olevaan tekstikentt\u00e4\u00e4n. Kaiverruksen maksimipituus noin 20 merkki\u00e4. Kaiverrus on maksuton.<br \/>\nTuotepaketti sis\u00e4lt\u00e4\u00e4 puukon 108 mm:n ter\u00e4ll\u00e4, hiomakiven ja lahjarasian.<\/p>","protected":false},"featured_media":2290,"template":"","meta":[],"product_brand":[],"product_cat":[23],"product_tag":[],"class_list":{"0":"post-2302","1":"product","2":"type-product","3":"status-publish","4":"has-post-thumbnail","6":"product_cat-yleispuukko","8":"first","9":"instock","10":"sale","11":"taxable","12":"shipping-taxable","13":"purchasable","14":"product-type-simple"},"yoast_head":"<!-- This site is optimized with the Yoast SEO plugin v27.4 - https:\/\/yoast.com\/product\/yoast-seo-wordpress\/ -->\n<title>Yleispuukko + Er\u00e4kivi-hiomakivi lahjarasiassa - Kauhavan Puukkopaja<\/title>\n<meta name=\"robots\" content=\"index, follow, max-snippet:-1, max-image-preview:large, max-video-preview:-1\" \/>\n<link rel=\"canonical\" href=\"https:\/\/www.kauhavanpuukkopaja.fi\/en\/kauppa\/yleispuukko-erakivi-hiomakivi-lahjarasiassa\/\" \/>\n<meta property=\"og:locale\" content=\"en_US\" \/>\n<meta property=\"og:type\" content=\"article\" \/>\n<meta property=\"og:title\" content=\"Yleispuukko + Er\u00e4kivi-hiomakivi lahjarasiassa - Kauhavan Puukkopaja\" \/>\n<meta property=\"og:description\" content=\"Mik\u00e4li haluat ter\u00e4\u00e4n oman nimikaiverruksen, kirjoita se kassa-sivulla olevaan tekstikentt\u00e4\u00e4n. Kaiverruksen maksimipituus noin 20 merkki\u00e4. Kaiverrus on maksuton. Tuotepaketti sis\u00e4lt\u00e4\u00e4 puukon 108 mm:n ter\u00e4ll\u00e4, hiomakiven ja lahjarasian.\" \/>\n<meta property=\"og:url\" content=\"https:\/\/www.kauhavanpuukkopaja.fi\/en\/kauppa\/yleispuukko-erakivi-hiomakivi-lahjarasiassa\/\" \/>\n<meta property=\"og:site_name\" content=\"Kauhavan Puukkopaja\" \/>\n<meta property=\"article:modified_time\" content=\"2026-04-07T20:40:46+00:00\" \/>\n<meta property=\"og:image\" content=\"https:\/\/www.kauhavanpuukkopaja.fi\/wp-content\/uploads\/2020\/11\/IMG_2219p.jpg\" \/>\n\t<meta property=\"og:image:width\" content=\"1000\" \/>\n\t<meta property=\"og:image:height\" content=\"750\" \/>\n\t<meta property=\"og:image:type\" content=\"image\/jpeg\" \/>\n<meta name=\"twitter:card\" content=\"summary_large_image\" \/>\n<meta name=\"twitter:label1\" content=\"Est. reading time\" \/>\n\t<meta name=\"twitter:data1\" content=\"1 minute\" \/>\n<script type=\"application\/ld+json\" class=\"yoast-schema-graph\">{\"@context\":\"https:\\\/\\\/schema.org\",\"@graph\":[{\"@type\":\"WebPage\",\"@id\":\"https:\\\/\\\/www.kauhavanpuukkopaja.fi\\\/kauppa\\\/yleispuukko-erakivi-hiomakivi-lahjarasiassa\\\/\",\"url\":\"https:\\\/\\\/www.kauhavanpuukkopaja.fi\\\/kauppa\\\/yleispuukko-erakivi-hiomakivi-lahjarasiassa\\\/\",\"name\":\"Yleispuukko + Er\u00e4kivi-hiomakivi lahjarasiassa - Kauhavan Puukkopaja\",\"isPartOf\":{\"@id\":\"https:\\\/\\\/www.kauhavanpuukkopaja.fi\\\/#website\"},\"primaryImageOfPage\":{\"@id\":\"https:\\\/\\\/www.kauhavanpuukkopaja.fi\\\/kauppa\\\/yleispuukko-erakivi-hiomakivi-lahjarasiassa\\\/#primaryimage\"},\"image\":{\"@id\":\"https:\\\/\\\/www.kauhavanpuukkopaja.fi\\\/kauppa\\\/yleispuukko-erakivi-hiomakivi-lahjarasiassa\\\/#primaryimage\"},\"thumbnailUrl\":\"https:\\\/\\\/www.kauhavanpuukkopaja.fi\\\/wp-content\\\/uploads\\\/2020\\\/11\\\/IMG_2219p.jpg\",\"datePublished\":\"2020-11-28T14:20:35+00:00\",\"dateModified\":\"2026-04-07T20:40:46+00:00\",\"breadcrumb\":{\"@id\":\"https:\\\/\\\/www.kauhavanpuukkopaja.fi\\\/kauppa\\\/yleispuukko-erakivi-hiomakivi-lahjarasiassa\\\/#breadcrumb\"},\"inLanguage\":\"en-US\",\"potentialAction\":[{\"@type\":\"ReadAction\",\"target\":[\"https:\\\/\\\/www.kauhavanpuukkopaja.fi\\\/kauppa\\\/yleispuukko-erakivi-hiomakivi-lahjarasiassa\\\/\"]}]},{\"@type\":\"ImageObject\",\"inLanguage\":\"en-US\",\"@id\":\"https:\\\/\\\/www.kauhavanpuukkopaja.fi\\\/kauppa\\\/yleispuukko-erakivi-hiomakivi-lahjarasiassa\\\/#primaryimage\",\"url\":\"https:\\\/\\\/www.kauhavanpuukkopaja.fi\\\/wp-content\\\/uploads\\\/2020\\\/11\\\/IMG_2219p.jpg\",\"contentUrl\":\"https:\\\/\\\/www.kauhavanpuukkopaja.fi\\\/wp-content\\\/uploads\\\/2020\\\/11\\\/IMG_2219p.jpg\",\"width\":1000,\"height\":750},{\"@type\":\"BreadcrumbList\",\"@id\":\"https:\\\/\\\/www.kauhavanpuukkopaja.fi\\\/kauppa\\\/yleispuukko-erakivi-hiomakivi-lahjarasiassa\\\/#breadcrumb\",\"itemListElement\":[{\"@type\":\"ListItem\",\"position\":1,\"name\":\"Home\",\"item\":\"https:\\\/\\\/www.kauhavanpuukkopaja.fi\\\/\"},{\"@type\":\"ListItem\",\"position\":2,\"name\":\"Verkkokauppa\",\"item\":\"https:\\\/\\\/www.kauhavanpuukkopaja.fi\\\/kauppa\\\/\"},{\"@type\":\"ListItem\",\"position\":3,\"name\":\"Yleispuukko + Er\u00e4kivi-hiomakivi lahjarasiassa\"}]},{\"@type\":\"WebSite\",\"@id\":\"https:\\\/\\\/www.kauhavanpuukkopaja.fi\\\/#website\",\"url\":\"https:\\\/\\\/www.kauhavanpuukkopaja.fi\\\/\",\"name\":\"Kauhavan Puukkopaja\",\"description\":\"Laadukkaita, suomalaisia puukkoja Kauhavalta.\",\"potentialAction\":[{\"@type\":\"SearchAction\",\"target\":{\"@type\":\"EntryPoint\",\"urlTemplate\":\"https:\\\/\\\/www.kauhavanpuukkopaja.fi\\\/?s={search_term_string}\"},\"query-input\":{\"@type\":\"PropertyValueSpecification\",\"valueRequired\":true,\"valueName\":\"search_term_string\"}}],\"inLanguage\":\"en-US\"}]}<\/script>\n<!-- \/ Yoast SEO plugin. -->","yoast_head_json":{"title":"Yleispuukko + Er\u00e4kivi-hiomakivi lahjarasiassa - Kauhavan Puukkopaja","robots":{"index":"index","follow":"follow","max-snippet":"max-snippet:-1","max-image-preview":"max-image-preview:large","max-video-preview":"max-video-preview:-1"},"canonical":"https:\/\/www.kauhavanpuukkopaja.fi\/en\/kauppa\/yleispuukko-erakivi-hiomakivi-lahjarasiassa\/","og_locale":"en_US","og_type":"article","og_title":"Yleispuukko + Er\u00e4kivi-hiomakivi lahjarasiassa - Kauhavan Puukkopaja","og_description":"Mik\u00e4li haluat ter\u00e4\u00e4n oman nimikaiverruksen, kirjoita se kassa-sivulla olevaan tekstikentt\u00e4\u00e4n. Kaiverruksen maksimipituus noin 20 merkki\u00e4. Kaiverrus on maksuton. Tuotepaketti sis\u00e4lt\u00e4\u00e4 puukon 108 mm:n ter\u00e4ll\u00e4, hiomakiven ja lahjarasian.","og_url":"https:\/\/www.kauhavanpuukkopaja.fi\/en\/kauppa\/yleispuukko-erakivi-hiomakivi-lahjarasiassa\/","og_site_name":"Kauhavan Puukkopaja","article_modified_time":"2026-04-07T20:40:46+00:00","og_image":[{"width":1000,"height":750,"url":"https:\/\/www.kauhavanpuukkopaja.fi\/wp-content\/uploads\/2020\/11\/IMG_2219p.jpg","type":"image\/jpeg"}],"twitter_card":"summary_large_image","twitter_misc":{"Est. reading time":"1 minute"},"schema":{"@context":"https:\/\/schema.org","@graph":[{"@type":"WebPage","@id":"https:\/\/www.kauhavanpuukkopaja.fi\/kauppa\/yleispuukko-erakivi-hiomakivi-lahjarasiassa\/","url":"https:\/\/www.kauhavanpuukkopaja.fi\/kauppa\/yleispuukko-erakivi-hiomakivi-lahjarasiassa\/","name":"Yleispuukko + Er\u00e4kivi-hiomakivi lahjarasiassa - Kauhavan Puukkopaja","isPartOf":{"@id":"https:\/\/www.kauhavanpuukkopaja.fi\/#website"},"primaryImageOfPage":{"@id":"https:\/\/www.kauhavanpuukkopaja.fi\/kauppa\/yleispuukko-erakivi-hiomakivi-lahjarasiassa\/#primaryimage"},"image":{"@id":"https:\/\/www.kauhavanpuukkopaja.fi\/kauppa\/yleispuukko-erakivi-hiomakivi-lahjarasiassa\/#primaryimage"},"thumbnailUrl":"https:\/\/www.kauhavanpuukkopaja.fi\/wp-content\/uploads\/2020\/11\/IMG_2219p.jpg","datePublished":"2020-11-28T14:20:35+00:00","dateModified":"2026-04-07T20:40:46+00:00","breadcrumb":{"@id":"https:\/\/www.kauhavanpuukkopaja.fi\/kauppa\/yleispuukko-erakivi-hiomakivi-lahjarasiassa\/#breadcrumb"},"inLanguage":"en-US","potentialAction":[{"@type":"ReadAction","target":["https:\/\/www.kauhavanpuukkopaja.fi\/kauppa\/yleispuukko-erakivi-hiomakivi-lahjarasiassa\/"]}]},{"@type":"ImageObject","inLanguage":"en-US","@id":"https:\/\/www.kauhavanpuukkopaja.fi\/kauppa\/yleispuukko-erakivi-hiomakivi-lahjarasiassa\/#primaryimage","url":"https:\/\/www.kauhavanpuukkopaja.fi\/wp-content\/uploads\/2020\/11\/IMG_2219p.jpg","contentUrl":"https:\/\/www.kauhavanpuukkopaja.fi\/wp-content\/uploads\/2020\/11\/IMG_2219p.jpg","width":1000,"height":750},{"@type":"BreadcrumbList","@id":"https:\/\/www.kauhavanpuukkopaja.fi\/kauppa\/yleispuukko-erakivi-hiomakivi-lahjarasiassa\/#breadcrumb","itemListElement":[{"@type":"ListItem","position":1,"name":"Home","item":"https:\/\/www.kauhavanpuukkopaja.fi\/"},{"@type":"ListItem","position":2,"name":"Verkkokauppa","item":"https:\/\/www.kauhavanpuukkopaja.fi\/kauppa\/"},{"@type":"ListItem","position":3,"name":"Yleispuukko + Er\u00e4kivi-hiomakivi lahjarasiassa"}]},{"@type":"WebSite","@id":"https:\/\/www.kauhavanpuukkopaja.fi\/#website","url":"https:\/\/www.kauhavanpuukkopaja.fi\/","name":"Kauhavan Puukkopaja","description":"Laadukkaita, suomalaisia puukkoja Kauhavalta.","potentialAction":[{"@type":"SearchAction","target":{"@type":"EntryPoint","urlTemplate":"https:\/\/www.kauhavanpuukkopaja.fi\/?s={search_term_string}"},"query-input":{"@type":"PropertyValueSpecification","valueRequired":true,"valueName":"search_term_string"}}],"inLanguage":"en-US"}]}},"_links":{"self":[{"href":"https:\/\/www.kauhavanpuukkopaja.fi\/en\/wp-json\/wp\/v2\/product\/2302","targetHints":{"allow":["GET"]}}],"collection":[{"href":"https:\/\/www.kauhavanpuukkopaja.fi\/en\/wp-json\/wp\/v2\/product"}],"about":[{"href":"https:\/\/www.kauhavanpuukkopaja.fi\/en\/wp-json\/wp\/v2\/types\/product"}],"wp:featuredmedia":[{"embeddable":true,"href":"https:\/\/www.kauhavanpuukkopaja.fi\/en\/wp-json\/wp\/v2\/media\/2290"}],"wp:attachment":[{"href":"https:\/\/www.kauhavanpuukkopaja.fi\/en\/wp-json\/wp\/v2\/media?parent=2302"}],"wp:term":[{"taxonomy":"product_brand","embeddable":true,"href":"https:\/\/www.kauhavanpuukkopaja.fi\/en\/wp-json\/wp\/v2\/product_brand?post=2302"},{"taxonomy":"product_cat","embeddable":true,"href":"https:\/\/www.kauhavanpuukkopaja.fi\/en\/wp-json\/wp\/v2\/product_cat?post=2302"},{"taxonomy":"product_tag","embeddable":true,"href":"https:\/\/www.kauhavanpuukkopaja.fi\/en\/wp-json\/wp\/v2\/product_tag?post=2302"}],"curies":[{"name":"wp","href":"https:\/\/api.w.org\/{rel}","templated":true}]}}