{"id":2201,"date":"2020-10-31T15:11:36","date_gmt":"2020-10-31T13:11:36","guid":{"rendered":"https:\/\/www.kauhavanpuukkopaja.fi\/?post_type=product&#038;p=2201"},"modified":"2026-03-19T15:11:38","modified_gmt":"2026-03-19T13:11:38","slug":"hiomakivet-erakivi","status":"publish","type":"product","link":"https:\/\/www.kauhavanpuukkopaja.fi\/en\/kauppa\/hiomakivet-erakivi\/","title":{"rendered":"Er\u00e4kivi-hiomakivi"},"content":{"rendered":"<p>K\u00e4sin muotoiltu hiomakivi, pureva ja hienojakoinen luonnonkivi. Kaikki ter\u00e4ty\u00f6kalut, kuten puukot ja veitset tarvitsevat ajoittain huoltoa.<\/p>\n<p>Kotimainen, Suomessa valmistettu W\u00e4stikiven hiomakivi on ter\u00e4n kunnossapitoon eritt\u00e4in hyvin toimiva ty\u00f6kalu. Teroitusohjeet\u00a0 ovat\u00a0 tuotepakkauksessa.<\/p>","protected":false},"excerpt":{"rendered":"<p>Er\u00e4kivi on n. 120 mm. pitk\u00e4, joten se kulkee k\u00e4tev\u00e4sti taskussa tai er\u00e4repussa,\u00a0 siin\u00e4 on kuitenkin riitt\u00e4v\u00e4n iso pinta puukon teroitukseen.<\/p>","protected":false},"featured_media":2193,"template":"","meta":[],"product_brand":[],"product_cat":[73],"product_tag":[],"class_list":{"0":"post-2201","1":"product","2":"type-product","3":"status-publish","4":"has-post-thumbnail","6":"product_cat-hiomakivet","8":"first","9":"instock","10":"taxable","11":"shipping-taxable","12":"purchasable","13":"product-type-simple"},"yoast_head":"<!-- This site is optimized with the Yoast SEO plugin v27.4 - https:\/\/yoast.com\/product\/yoast-seo-wordpress\/ -->\n<title>Er\u00e4kivi-hiomakivi - Kauhavan Puukkopaja<\/title>\n<meta name=\"robots\" content=\"index, follow, max-snippet:-1, max-image-preview:large, max-video-preview:-1\" \/>\n<link rel=\"canonical\" href=\"https:\/\/www.kauhavanpuukkopaja.fi\/en\/kauppa\/hiomakivet-erakivi\/\" \/>\n<meta property=\"og:locale\" content=\"en_US\" \/>\n<meta property=\"og:type\" content=\"article\" \/>\n<meta property=\"og:title\" content=\"Er\u00e4kivi-hiomakivi - Kauhavan Puukkopaja\" \/>\n<meta property=\"og:description\" content=\"Er\u00e4kivi on n. 120 mm. pitk\u00e4, joten se kulkee k\u00e4tev\u00e4sti taskussa tai er\u00e4repussa,\u00a0 siin\u00e4 on kuitenkin riitt\u00e4v\u00e4n iso pinta puukon teroitukseen.\" \/>\n<meta property=\"og:url\" content=\"https:\/\/www.kauhavanpuukkopaja.fi\/en\/kauppa\/hiomakivet-erakivi\/\" \/>\n<meta property=\"og:site_name\" content=\"Kauhavan Puukkopaja\" \/>\n<meta property=\"article:modified_time\" content=\"2026-03-19T13:11:38+00:00\" \/>\n<meta property=\"og:image\" content=\"https:\/\/www.kauhavanpuukkopaja.fi\/wp-content\/uploads\/2020\/10\/IMG_2152p.jpg\" \/>\n\t<meta property=\"og:image:width\" content=\"900\" \/>\n\t<meta property=\"og:image:height\" content=\"675\" \/>\n\t<meta property=\"og:image:type\" content=\"image\/jpeg\" \/>\n<meta name=\"twitter:card\" content=\"summary_large_image\" \/>\n<meta name=\"twitter:label1\" content=\"Est. reading time\" \/>\n\t<meta name=\"twitter:data1\" content=\"1 minute\" \/>\n<script type=\"application\/ld+json\" class=\"yoast-schema-graph\">{\"@context\":\"https:\\\/\\\/schema.org\",\"@graph\":[{\"@type\":\"WebPage\",\"@id\":\"https:\\\/\\\/www.kauhavanpuukkopaja.fi\\\/kauppa\\\/hiomakivet-erakivi\\\/\",\"url\":\"https:\\\/\\\/www.kauhavanpuukkopaja.fi\\\/kauppa\\\/hiomakivet-erakivi\\\/\",\"name\":\"Er\u00e4kivi-hiomakivi - Kauhavan Puukkopaja\",\"isPartOf\":{\"@id\":\"https:\\\/\\\/www.kauhavanpuukkopaja.fi\\\/#website\"},\"primaryImageOfPage\":{\"@id\":\"https:\\\/\\\/www.kauhavanpuukkopaja.fi\\\/kauppa\\\/hiomakivet-erakivi\\\/#primaryimage\"},\"image\":{\"@id\":\"https:\\\/\\\/www.kauhavanpuukkopaja.fi\\\/kauppa\\\/hiomakivet-erakivi\\\/#primaryimage\"},\"thumbnailUrl\":\"https:\\\/\\\/www.kauhavanpuukkopaja.fi\\\/wp-content\\\/uploads\\\/2020\\\/10\\\/IMG_2152p.jpg\",\"datePublished\":\"2020-10-31T13:11:36+00:00\",\"dateModified\":\"2026-03-19T13:11:38+00:00\",\"breadcrumb\":{\"@id\":\"https:\\\/\\\/www.kauhavanpuukkopaja.fi\\\/kauppa\\\/hiomakivet-erakivi\\\/#breadcrumb\"},\"inLanguage\":\"en-US\",\"potentialAction\":[{\"@type\":\"ReadAction\",\"target\":[\"https:\\\/\\\/www.kauhavanpuukkopaja.fi\\\/kauppa\\\/hiomakivet-erakivi\\\/\"]}]},{\"@type\":\"ImageObject\",\"inLanguage\":\"en-US\",\"@id\":\"https:\\\/\\\/www.kauhavanpuukkopaja.fi\\\/kauppa\\\/hiomakivet-erakivi\\\/#primaryimage\",\"url\":\"https:\\\/\\\/www.kauhavanpuukkopaja.fi\\\/wp-content\\\/uploads\\\/2020\\\/10\\\/IMG_2152p.jpg\",\"contentUrl\":\"https:\\\/\\\/www.kauhavanpuukkopaja.fi\\\/wp-content\\\/uploads\\\/2020\\\/10\\\/IMG_2152p.jpg\",\"width\":900,\"height\":675},{\"@type\":\"BreadcrumbList\",\"@id\":\"https:\\\/\\\/www.kauhavanpuukkopaja.fi\\\/kauppa\\\/hiomakivet-erakivi\\\/#breadcrumb\",\"itemListElement\":[{\"@type\":\"ListItem\",\"position\":1,\"name\":\"Home\",\"item\":\"https:\\\/\\\/www.kauhavanpuukkopaja.fi\\\/\"},{\"@type\":\"ListItem\",\"position\":2,\"name\":\"Verkkokauppa\",\"item\":\"https:\\\/\\\/www.kauhavanpuukkopaja.fi\\\/kauppa\\\/\"},{\"@type\":\"ListItem\",\"position\":3,\"name\":\"Er\u00e4kivi-hiomakivi\"}]},{\"@type\":\"WebSite\",\"@id\":\"https:\\\/\\\/www.kauhavanpuukkopaja.fi\\\/#website\",\"url\":\"https:\\\/\\\/www.kauhavanpuukkopaja.fi\\\/\",\"name\":\"Kauhavan Puukkopaja\",\"description\":\"Laadukkaita, suomalaisia puukkoja Kauhavalta.\",\"potentialAction\":[{\"@type\":\"SearchAction\",\"target\":{\"@type\":\"EntryPoint\",\"urlTemplate\":\"https:\\\/\\\/www.kauhavanpuukkopaja.fi\\\/?s={search_term_string}\"},\"query-input\":{\"@type\":\"PropertyValueSpecification\",\"valueRequired\":true,\"valueName\":\"search_term_string\"}}],\"inLanguage\":\"en-US\"}]}<\/script>\n<!-- \/ Yoast SEO plugin. -->","yoast_head_json":{"title":"Er\u00e4kivi-hiomakivi - Kauhavan Puukkopaja","robots":{"index":"index","follow":"follow","max-snippet":"max-snippet:-1","max-image-preview":"max-image-preview:large","max-video-preview":"max-video-preview:-1"},"canonical":"https:\/\/www.kauhavanpuukkopaja.fi\/en\/kauppa\/hiomakivet-erakivi\/","og_locale":"en_US","og_type":"article","og_title":"Er\u00e4kivi-hiomakivi - Kauhavan Puukkopaja","og_description":"Er\u00e4kivi on n. 120 mm. pitk\u00e4, joten se kulkee k\u00e4tev\u00e4sti taskussa tai er\u00e4repussa,\u00a0 siin\u00e4 on kuitenkin riitt\u00e4v\u00e4n iso pinta puukon teroitukseen.","og_url":"https:\/\/www.kauhavanpuukkopaja.fi\/en\/kauppa\/hiomakivet-erakivi\/","og_site_name":"Kauhavan Puukkopaja","article_modified_time":"2026-03-19T13:11:38+00:00","og_image":[{"width":900,"height":675,"url":"https:\/\/www.kauhavanpuukkopaja.fi\/wp-content\/uploads\/2020\/10\/IMG_2152p.jpg","type":"image\/jpeg"}],"twitter_card":"summary_large_image","twitter_misc":{"Est. reading time":"1 minute"},"schema":{"@context":"https:\/\/schema.org","@graph":[{"@type":"WebPage","@id":"https:\/\/www.kauhavanpuukkopaja.fi\/kauppa\/hiomakivet-erakivi\/","url":"https:\/\/www.kauhavanpuukkopaja.fi\/kauppa\/hiomakivet-erakivi\/","name":"Er\u00e4kivi-hiomakivi - Kauhavan Puukkopaja","isPartOf":{"@id":"https:\/\/www.kauhavanpuukkopaja.fi\/#website"},"primaryImageOfPage":{"@id":"https:\/\/www.kauhavanpuukkopaja.fi\/kauppa\/hiomakivet-erakivi\/#primaryimage"},"image":{"@id":"https:\/\/www.kauhavanpuukkopaja.fi\/kauppa\/hiomakivet-erakivi\/#primaryimage"},"thumbnailUrl":"https:\/\/www.kauhavanpuukkopaja.fi\/wp-content\/uploads\/2020\/10\/IMG_2152p.jpg","datePublished":"2020-10-31T13:11:36+00:00","dateModified":"2026-03-19T13:11:38+00:00","breadcrumb":{"@id":"https:\/\/www.kauhavanpuukkopaja.fi\/kauppa\/hiomakivet-erakivi\/#breadcrumb"},"inLanguage":"en-US","potentialAction":[{"@type":"ReadAction","target":["https:\/\/www.kauhavanpuukkopaja.fi\/kauppa\/hiomakivet-erakivi\/"]}]},{"@type":"ImageObject","inLanguage":"en-US","@id":"https:\/\/www.kauhavanpuukkopaja.fi\/kauppa\/hiomakivet-erakivi\/#primaryimage","url":"https:\/\/www.kauhavanpuukkopaja.fi\/wp-content\/uploads\/2020\/10\/IMG_2152p.jpg","contentUrl":"https:\/\/www.kauhavanpuukkopaja.fi\/wp-content\/uploads\/2020\/10\/IMG_2152p.jpg","width":900,"height":675},{"@type":"BreadcrumbList","@id":"https:\/\/www.kauhavanpuukkopaja.fi\/kauppa\/hiomakivet-erakivi\/#breadcrumb","itemListElement":[{"@type":"ListItem","position":1,"name":"Home","item":"https:\/\/www.kauhavanpuukkopaja.fi\/"},{"@type":"ListItem","position":2,"name":"Verkkokauppa","item":"https:\/\/www.kauhavanpuukkopaja.fi\/kauppa\/"},{"@type":"ListItem","position":3,"name":"Er\u00e4kivi-hiomakivi"}]},{"@type":"WebSite","@id":"https:\/\/www.kauhavanpuukkopaja.fi\/#website","url":"https:\/\/www.kauhavanpuukkopaja.fi\/","name":"Kauhavan Puukkopaja","description":"Laadukkaita, suomalaisia puukkoja Kauhavalta.","potentialAction":[{"@type":"SearchAction","target":{"@type":"EntryPoint","urlTemplate":"https:\/\/www.kauhavanpuukkopaja.fi\/?s={search_term_string}"},"query-input":{"@type":"PropertyValueSpecification","valueRequired":true,"valueName":"search_term_string"}}],"inLanguage":"en-US"}]}},"_links":{"self":[{"href":"https:\/\/www.kauhavanpuukkopaja.fi\/en\/wp-json\/wp\/v2\/product\/2201","targetHints":{"allow":["GET"]}}],"collection":[{"href":"https:\/\/www.kauhavanpuukkopaja.fi\/en\/wp-json\/wp\/v2\/product"}],"about":[{"href":"https:\/\/www.kauhavanpuukkopaja.fi\/en\/wp-json\/wp\/v2\/types\/product"}],"wp:featuredmedia":[{"embeddable":true,"href":"https:\/\/www.kauhavanpuukkopaja.fi\/en\/wp-json\/wp\/v2\/media\/2193"}],"wp:attachment":[{"href":"https:\/\/www.kauhavanpuukkopaja.fi\/en\/wp-json\/wp\/v2\/media?parent=2201"}],"wp:term":[{"taxonomy":"product_brand","embeddable":true,"href":"https:\/\/www.kauhavanpuukkopaja.fi\/en\/wp-json\/wp\/v2\/product_brand?post=2201"},{"taxonomy":"product_cat","embeddable":true,"href":"https:\/\/www.kauhavanpuukkopaja.fi\/en\/wp-json\/wp\/v2\/product_cat?post=2201"},{"taxonomy":"product_tag","embeddable":true,"href":"https:\/\/www.kauhavanpuukkopaja.fi\/en\/wp-json\/wp\/v2\/product_tag?post=2201"}],"curies":[{"name":"wp","href":"https:\/\/api.w.org\/{rel}","templated":true}]}}