{"id":1877,"date":"2020-06-18T14:05:19","date_gmt":"2020-06-18T12:05:19","guid":{"rendered":"https:\/\/kauhavanpuukkopaja.fi\/?post_type=product&#038;p=1877"},"modified":"2026-04-02T19:06:03","modified_gmt":"2026-04-02T17:06:03","slug":"tuohipainen-veistopuukko-tera-80-mm","status":"publish","type":"product","link":"https:\/\/www.kauhavanpuukkopaja.fi\/en\/kauppa\/tuohipainen-veistopuukko-tera-80-mm\/","title":{"rendered":"Birch bark, carving knife, blade 75 mm"},"content":{"rendered":"<p>Koivun tuohesta valmistettu puukonp\u00e4\u00e4 on miellytt\u00e4v\u00e4 k\u00e4teen. Se on vanhimpia puukon kahvoihin k\u00e4ytettyj\u00e4 materiaaleja. Tuohikahvasta saa pit\u00e4v\u00e4n otteen eik\u00e4 se lipsu k\u00e4dess\u00e4. Tuohikahva ei vaadi erityist\u00e4 hoitoa. Kahva kootaan kymmenist\u00e4 tuohilapuista, puukon p\u00e4\u00e4ss\u00e4 on messinkinen lappu ja niittaus, joka pit\u00e4\u00e4 kahvan koossa. Tuohikahvainen puukko on pelkistetyn kaunis, se sopii k\u00e4ytt\u00f6puukoksi ja on arvostettu my\u00f6s lahjana. Ter\u00e4 malliltaan kiilamainen ja sen vuoksi erityisen hyv\u00e4 veistopuukoksi. Sopii my\u00f6s pienriistan k\u00e4sittelyyn.<\/p>","protected":false},"excerpt":{"rendered":"<p>If you would like your name to be engraved on the blade, then write it in the text box on the checkout page. The maximum length of the engraving depends on the length of the blade, check the additional information for each knife for the maximum length. Engraving is free of charge.<\/p>\n<p>Knife sheath unpatterned, brown tanned leather sheath.<\/p>\n<p>Also check out the gift boxes, choose a cardboard gift box for this knife.<\/p>","protected":false},"featured_media":1916,"template":"","meta":[],"product_brand":[],"product_cat":[71],"product_tag":[],"class_list":{"0":"post-1877","1":"product","2":"type-product","3":"status-publish","4":"has-post-thumbnail","6":"product_cat-tuohipaiset-puukot","8":"first","9":"instock","10":"taxable","11":"shipping-taxable","12":"purchasable","13":"product-type-simple"},"yoast_head":"<!-- This site is optimized with the Yoast SEO plugin v27.4 - https:\/\/yoast.com\/product\/yoast-seo-wordpress\/ -->\n<title>Tuohip\u00e4inen veistopuukko, ter\u00e4 75 mm - Kauhavan Puukkopaja<\/title>\n<meta name=\"robots\" content=\"index, follow, max-snippet:-1, max-image-preview:large, max-video-preview:-1\" \/>\n<link rel=\"canonical\" href=\"https:\/\/www.kauhavanpuukkopaja.fi\/en\/kauppa\/tuohipainen-veistopuukko-tera-80-mm\/\" \/>\n<meta property=\"og:locale\" content=\"en_US\" \/>\n<meta property=\"og:type\" content=\"article\" \/>\n<meta property=\"og:title\" content=\"Tuohip\u00e4inen veistopuukko, ter\u00e4 75 mm - Kauhavan Puukkopaja\" \/>\n<meta property=\"og:description\" content=\"Mik\u00e4li haluat ter\u00e4\u00e4n oman nimikaiverruksen, kirjoita se kassa-sivulla olevaan tekstikentt\u00e4\u00e4n. Kaiverruksen maksimipituus riippuu ter\u00e4n pituudesta, katso kohta lis\u00e4tiedot. Kaiverrus on maksuton.  Puukon tuppi kuvioimaton, ruskea parkkinahkatuppi.  Tutustu my\u00f6s lahjarasioihin, valitse t\u00e4lle puukolle pahvinen lahjarasia.\" \/>\n<meta property=\"og:url\" content=\"https:\/\/www.kauhavanpuukkopaja.fi\/en\/kauppa\/tuohipainen-veistopuukko-tera-80-mm\/\" \/>\n<meta property=\"og:site_name\" content=\"Kauhavan Puukkopaja\" \/>\n<meta property=\"article:modified_time\" content=\"2026-04-02T17:06:03+00:00\" \/>\n<meta property=\"og:image\" content=\"https:\/\/www.kauhavanpuukkopaja.fi\/wp-content\/uploads\/2020\/07\/IMG_1966P75.jpg\" \/>\n\t<meta property=\"og:image:width\" content=\"955\" \/>\n\t<meta property=\"og:image:height\" content=\"716\" \/>\n\t<meta property=\"og:image:type\" content=\"image\/jpeg\" \/>\n<meta name=\"twitter:card\" content=\"summary_large_image\" \/>\n<meta name=\"twitter:label1\" content=\"Est. reading time\" \/>\n\t<meta name=\"twitter:data1\" content=\"1 minute\" \/>\n<script type=\"application\/ld+json\" class=\"yoast-schema-graph\">{\"@context\":\"https:\\\/\\\/schema.org\",\"@graph\":[{\"@type\":\"WebPage\",\"@id\":\"https:\\\/\\\/www.kauhavanpuukkopaja.fi\\\/kauppa\\\/tuohipainen-veistopuukko-tera-80-mm\\\/\",\"url\":\"https:\\\/\\\/www.kauhavanpuukkopaja.fi\\\/kauppa\\\/tuohipainen-veistopuukko-tera-80-mm\\\/\",\"name\":\"Tuohip\u00e4inen veistopuukko, ter\u00e4 75 mm - Kauhavan Puukkopaja\",\"isPartOf\":{\"@id\":\"https:\\\/\\\/www.kauhavanpuukkopaja.fi\\\/#website\"},\"primaryImageOfPage\":{\"@id\":\"https:\\\/\\\/www.kauhavanpuukkopaja.fi\\\/kauppa\\\/tuohipainen-veistopuukko-tera-80-mm\\\/#primaryimage\"},\"image\":{\"@id\":\"https:\\\/\\\/www.kauhavanpuukkopaja.fi\\\/kauppa\\\/tuohipainen-veistopuukko-tera-80-mm\\\/#primaryimage\"},\"thumbnailUrl\":\"https:\\\/\\\/www.kauhavanpuukkopaja.fi\\\/wp-content\\\/uploads\\\/2020\\\/07\\\/IMG_1966P75.jpg\",\"datePublished\":\"2020-06-18T12:05:19+00:00\",\"dateModified\":\"2026-04-02T17:06:03+00:00\",\"breadcrumb\":{\"@id\":\"https:\\\/\\\/www.kauhavanpuukkopaja.fi\\\/kauppa\\\/tuohipainen-veistopuukko-tera-80-mm\\\/#breadcrumb\"},\"inLanguage\":\"en-US\",\"potentialAction\":[{\"@type\":\"ReadAction\",\"target\":[\"https:\\\/\\\/www.kauhavanpuukkopaja.fi\\\/kauppa\\\/tuohipainen-veistopuukko-tera-80-mm\\\/\"]}]},{\"@type\":\"ImageObject\",\"inLanguage\":\"en-US\",\"@id\":\"https:\\\/\\\/www.kauhavanpuukkopaja.fi\\\/kauppa\\\/tuohipainen-veistopuukko-tera-80-mm\\\/#primaryimage\",\"url\":\"https:\\\/\\\/www.kauhavanpuukkopaja.fi\\\/wp-content\\\/uploads\\\/2020\\\/07\\\/IMG_1966P75.jpg\",\"contentUrl\":\"https:\\\/\\\/www.kauhavanpuukkopaja.fi\\\/wp-content\\\/uploads\\\/2020\\\/07\\\/IMG_1966P75.jpg\",\"width\":955,\"height\":716},{\"@type\":\"BreadcrumbList\",\"@id\":\"https:\\\/\\\/www.kauhavanpuukkopaja.fi\\\/kauppa\\\/tuohipainen-veistopuukko-tera-80-mm\\\/#breadcrumb\",\"itemListElement\":[{\"@type\":\"ListItem\",\"position\":1,\"name\":\"Home\",\"item\":\"https:\\\/\\\/www.kauhavanpuukkopaja.fi\\\/\"},{\"@type\":\"ListItem\",\"position\":2,\"name\":\"Verkkokauppa\",\"item\":\"https:\\\/\\\/www.kauhavanpuukkopaja.fi\\\/kauppa\\\/\"},{\"@type\":\"ListItem\",\"position\":3,\"name\":\"Tuohip\u00e4inen veistopuukko, ter\u00e4 75 mm\"}]},{\"@type\":\"WebSite\",\"@id\":\"https:\\\/\\\/www.kauhavanpuukkopaja.fi\\\/#website\",\"url\":\"https:\\\/\\\/www.kauhavanpuukkopaja.fi\\\/\",\"name\":\"Kauhavan Puukkopaja\",\"description\":\"Laadukkaita, suomalaisia puukkoja Kauhavalta.\",\"potentialAction\":[{\"@type\":\"SearchAction\",\"target\":{\"@type\":\"EntryPoint\",\"urlTemplate\":\"https:\\\/\\\/www.kauhavanpuukkopaja.fi\\\/?s={search_term_string}\"},\"query-input\":{\"@type\":\"PropertyValueSpecification\",\"valueRequired\":true,\"valueName\":\"search_term_string\"}}],\"inLanguage\":\"en-US\"}]}<\/script>\n<!-- \/ Yoast SEO plugin. -->","yoast_head_json":{"title":"Tuohip\u00e4inen veistopuukko, ter\u00e4 75 mm - Kauhavan Puukkopaja","robots":{"index":"index","follow":"follow","max-snippet":"max-snippet:-1","max-image-preview":"max-image-preview:large","max-video-preview":"max-video-preview:-1"},"canonical":"https:\/\/www.kauhavanpuukkopaja.fi\/en\/kauppa\/tuohipainen-veistopuukko-tera-80-mm\/","og_locale":"en_US","og_type":"article","og_title":"Tuohip\u00e4inen veistopuukko, ter\u00e4 75 mm - Kauhavan Puukkopaja","og_description":"Mik\u00e4li haluat ter\u00e4\u00e4n oman nimikaiverruksen, kirjoita se kassa-sivulla olevaan tekstikentt\u00e4\u00e4n. Kaiverruksen maksimipituus riippuu ter\u00e4n pituudesta, katso kohta lis\u00e4tiedot. Kaiverrus on maksuton.  Puukon tuppi kuvioimaton, ruskea parkkinahkatuppi.  Tutustu my\u00f6s lahjarasioihin, valitse t\u00e4lle puukolle pahvinen lahjarasia.","og_url":"https:\/\/www.kauhavanpuukkopaja.fi\/en\/kauppa\/tuohipainen-veistopuukko-tera-80-mm\/","og_site_name":"Kauhavan Puukkopaja","article_modified_time":"2026-04-02T17:06:03+00:00","og_image":[{"width":955,"height":716,"url":"https:\/\/www.kauhavanpuukkopaja.fi\/wp-content\/uploads\/2020\/07\/IMG_1966P75.jpg","type":"image\/jpeg"}],"twitter_card":"summary_large_image","twitter_misc":{"Est. reading time":"1 minute"},"schema":{"@context":"https:\/\/schema.org","@graph":[{"@type":"WebPage","@id":"https:\/\/www.kauhavanpuukkopaja.fi\/kauppa\/tuohipainen-veistopuukko-tera-80-mm\/","url":"https:\/\/www.kauhavanpuukkopaja.fi\/kauppa\/tuohipainen-veistopuukko-tera-80-mm\/","name":"Tuohip\u00e4inen veistopuukko, ter\u00e4 75 mm - Kauhavan Puukkopaja","isPartOf":{"@id":"https:\/\/www.kauhavanpuukkopaja.fi\/#website"},"primaryImageOfPage":{"@id":"https:\/\/www.kauhavanpuukkopaja.fi\/kauppa\/tuohipainen-veistopuukko-tera-80-mm\/#primaryimage"},"image":{"@id":"https:\/\/www.kauhavanpuukkopaja.fi\/kauppa\/tuohipainen-veistopuukko-tera-80-mm\/#primaryimage"},"thumbnailUrl":"https:\/\/www.kauhavanpuukkopaja.fi\/wp-content\/uploads\/2020\/07\/IMG_1966P75.jpg","datePublished":"2020-06-18T12:05:19+00:00","dateModified":"2026-04-02T17:06:03+00:00","breadcrumb":{"@id":"https:\/\/www.kauhavanpuukkopaja.fi\/kauppa\/tuohipainen-veistopuukko-tera-80-mm\/#breadcrumb"},"inLanguage":"en-US","potentialAction":[{"@type":"ReadAction","target":["https:\/\/www.kauhavanpuukkopaja.fi\/kauppa\/tuohipainen-veistopuukko-tera-80-mm\/"]}]},{"@type":"ImageObject","inLanguage":"en-US","@id":"https:\/\/www.kauhavanpuukkopaja.fi\/kauppa\/tuohipainen-veistopuukko-tera-80-mm\/#primaryimage","url":"https:\/\/www.kauhavanpuukkopaja.fi\/wp-content\/uploads\/2020\/07\/IMG_1966P75.jpg","contentUrl":"https:\/\/www.kauhavanpuukkopaja.fi\/wp-content\/uploads\/2020\/07\/IMG_1966P75.jpg","width":955,"height":716},{"@type":"BreadcrumbList","@id":"https:\/\/www.kauhavanpuukkopaja.fi\/kauppa\/tuohipainen-veistopuukko-tera-80-mm\/#breadcrumb","itemListElement":[{"@type":"ListItem","position":1,"name":"Home","item":"https:\/\/www.kauhavanpuukkopaja.fi\/"},{"@type":"ListItem","position":2,"name":"Verkkokauppa","item":"https:\/\/www.kauhavanpuukkopaja.fi\/kauppa\/"},{"@type":"ListItem","position":3,"name":"Tuohip\u00e4inen veistopuukko, ter\u00e4 75 mm"}]},{"@type":"WebSite","@id":"https:\/\/www.kauhavanpuukkopaja.fi\/#website","url":"https:\/\/www.kauhavanpuukkopaja.fi\/","name":"Kauhavan Puukkopaja","description":"Laadukkaita, suomalaisia puukkoja Kauhavalta.","potentialAction":[{"@type":"SearchAction","target":{"@type":"EntryPoint","urlTemplate":"https:\/\/www.kauhavanpuukkopaja.fi\/?s={search_term_string}"},"query-input":{"@type":"PropertyValueSpecification","valueRequired":true,"valueName":"search_term_string"}}],"inLanguage":"en-US"}]}},"_links":{"self":[{"href":"https:\/\/www.kauhavanpuukkopaja.fi\/en\/wp-json\/wp\/v2\/product\/1877","targetHints":{"allow":["GET"]}}],"collection":[{"href":"https:\/\/www.kauhavanpuukkopaja.fi\/en\/wp-json\/wp\/v2\/product"}],"about":[{"href":"https:\/\/www.kauhavanpuukkopaja.fi\/en\/wp-json\/wp\/v2\/types\/product"}],"wp:featuredmedia":[{"embeddable":true,"href":"https:\/\/www.kauhavanpuukkopaja.fi\/en\/wp-json\/wp\/v2\/media\/1916"}],"wp:attachment":[{"href":"https:\/\/www.kauhavanpuukkopaja.fi\/en\/wp-json\/wp\/v2\/media?parent=1877"}],"wp:term":[{"taxonomy":"product_brand","embeddable":true,"href":"https:\/\/www.kauhavanpuukkopaja.fi\/en\/wp-json\/wp\/v2\/product_brand?post=1877"},{"taxonomy":"product_cat","embeddable":true,"href":"https:\/\/www.kauhavanpuukkopaja.fi\/en\/wp-json\/wp\/v2\/product_cat?post=1877"},{"taxonomy":"product_tag","embeddable":true,"href":"https:\/\/www.kauhavanpuukkopaja.fi\/en\/wp-json\/wp\/v2\/product_tag?post=1877"}],"curies":[{"name":"wp","href":"https:\/\/api.w.org\/{rel}","templated":true}]}}