{"id":1855,"date":"2020-06-18T10:53:35","date_gmt":"2020-06-18T08:53:35","guid":{"rendered":"https:\/\/kauhavanpuukkopaja.fi\/?post_type=product&#038;p=1855"},"modified":"2026-03-18T17:18:04","modified_gmt":"2026-03-18T15:18:04","slug":"tuohipainen-puukko-tera-95-mm-kuviotaottu","status":"publish","type":"product","link":"https:\/\/www.kauhavanpuukkopaja.fi\/en\/kauppa\/tuohipainen-puukko-tera-95-mm-kuviotaottu\/","title":{"rendered":"Knife handle made of birch park"},"content":{"rendered":"<p>The knife handle is made of birch bark which is one of the oldest material used in  handles.\nBirch bark is a natural product, comfortable and form good on the handle, and it does not require any special care.\n\nThe handle contains dozens of pieces of park.\nThere is a brazen patch and rivets at the end of the handle that hold the pieces together.\nThe knife with that handle is simply beautiful.\n\nIt is suitable for many different uses or even just as a gift.\n\nThe blade is made of carbon steel.\nKnife sheath is made of brown tanned leather without figures.<\/p>","protected":false},"excerpt":{"rendered":"<p>If you would like your name to be engraved on the blade, then write it in the text box on the checkout page. The maximum length of the engraving depends on the length of the blade, check the additional information for each knife for the maximum length. Engraving is free of charge.<\/p>\n<p>Knife sheath unpatterned, brown tanned leather sheath.<\/p>\n<p>Also check out the gift boxes, choose a cardboard gift box for this knife.<\/p>\n<p>&nbsp;<\/p>","protected":false},"featured_media":1856,"template":"","meta":[],"product_brand":[],"product_cat":[71],"product_tag":[],"class_list":{"0":"post-1855","1":"product","2":"type-product","3":"status-publish","4":"has-post-thumbnail","6":"product_cat-tuohipaiset-puukot","8":"first","9":"instock","10":"taxable","11":"shipping-taxable","12":"purchasable","13":"product-type-simple"},"yoast_head":"<!-- This site is optimized with the Yoast SEO plugin v27.4 - https:\/\/yoast.com\/product\/yoast-seo-wordpress\/ -->\n<title>Tuohip\u00e4inen puukko, ter\u00e4 95 mm, kuviotaottu - Kauhavan Puukkopaja<\/title>\n<meta name=\"robots\" content=\"index, follow, max-snippet:-1, max-image-preview:large, max-video-preview:-1\" \/>\n<link rel=\"canonical\" href=\"https:\/\/www.kauhavanpuukkopaja.fi\/en\/kauppa\/tuohipainen-puukko-tera-95-mm-kuviotaottu\/\" \/>\n<meta property=\"og:locale\" content=\"en_US\" \/>\n<meta property=\"og:type\" content=\"article\" \/>\n<meta property=\"og:title\" content=\"Tuohip\u00e4inen puukko, ter\u00e4 95 mm, kuviotaottu - Kauhavan Puukkopaja\" \/>\n<meta property=\"og:description\" content=\"Mik\u00e4li haluat ter\u00e4\u00e4n oman nimikaiverruksen, kirjoita se kassa-sivulla olevaan tekstikentt\u00e4\u00e4n. Kaiverruksen maksimipituus riippuu ter\u00e4n pituudesta, katso kohta lis\u00e4tiedot. Kaiverrus on maksuton.  Puukon tuppi kuvioimaton, ruskea parkkinahkatuppi.  Tutustu my\u00f6s lahjarasioihin, valitse t\u00e4lle puukolle pahvinen lahjarasia.  &nbsp;\" \/>\n<meta property=\"og:url\" content=\"https:\/\/www.kauhavanpuukkopaja.fi\/en\/kauppa\/tuohipainen-puukko-tera-95-mm-kuviotaottu\/\" \/>\n<meta property=\"og:site_name\" content=\"Kauhavan Puukkopaja\" \/>\n<meta property=\"article:modified_time\" content=\"2026-03-18T15:18:04+00:00\" \/>\n<meta property=\"og:image\" content=\"https:\/\/www.kauhavanpuukkopaja.fi\/wp-content\/uploads\/2020\/06\/IMG_1947-tuohiP.jpg\" \/>\n\t<meta property=\"og:image:width\" content=\"960\" \/>\n\t<meta property=\"og:image:height\" content=\"720\" \/>\n\t<meta property=\"og:image:type\" content=\"image\/jpeg\" \/>\n<meta name=\"twitter:card\" content=\"summary_large_image\" \/>\n<meta name=\"twitter:label1\" content=\"Est. reading time\" \/>\n\t<meta name=\"twitter:data1\" content=\"1 minute\" \/>\n<script type=\"application\/ld+json\" class=\"yoast-schema-graph\">{\"@context\":\"https:\\\/\\\/schema.org\",\"@graph\":[{\"@type\":\"WebPage\",\"@id\":\"https:\\\/\\\/www.kauhavanpuukkopaja.fi\\\/kauppa\\\/tuohipainen-puukko-tera-95-mm-kuviotaottu\\\/\",\"url\":\"https:\\\/\\\/www.kauhavanpuukkopaja.fi\\\/kauppa\\\/tuohipainen-puukko-tera-95-mm-kuviotaottu\\\/\",\"name\":\"Tuohip\u00e4inen puukko, ter\u00e4 95 mm, kuviotaottu - Kauhavan Puukkopaja\",\"isPartOf\":{\"@id\":\"https:\\\/\\\/www.kauhavanpuukkopaja.fi\\\/#website\"},\"primaryImageOfPage\":{\"@id\":\"https:\\\/\\\/www.kauhavanpuukkopaja.fi\\\/kauppa\\\/tuohipainen-puukko-tera-95-mm-kuviotaottu\\\/#primaryimage\"},\"image\":{\"@id\":\"https:\\\/\\\/www.kauhavanpuukkopaja.fi\\\/kauppa\\\/tuohipainen-puukko-tera-95-mm-kuviotaottu\\\/#primaryimage\"},\"thumbnailUrl\":\"https:\\\/\\\/www.kauhavanpuukkopaja.fi\\\/wp-content\\\/uploads\\\/2020\\\/06\\\/IMG_1947-tuohiP.jpg\",\"datePublished\":\"2020-06-18T08:53:35+00:00\",\"dateModified\":\"2026-03-18T15:18:04+00:00\",\"breadcrumb\":{\"@id\":\"https:\\\/\\\/www.kauhavanpuukkopaja.fi\\\/kauppa\\\/tuohipainen-puukko-tera-95-mm-kuviotaottu\\\/#breadcrumb\"},\"inLanguage\":\"en-US\",\"potentialAction\":[{\"@type\":\"ReadAction\",\"target\":[\"https:\\\/\\\/www.kauhavanpuukkopaja.fi\\\/kauppa\\\/tuohipainen-puukko-tera-95-mm-kuviotaottu\\\/\"]}]},{\"@type\":\"ImageObject\",\"inLanguage\":\"en-US\",\"@id\":\"https:\\\/\\\/www.kauhavanpuukkopaja.fi\\\/kauppa\\\/tuohipainen-puukko-tera-95-mm-kuviotaottu\\\/#primaryimage\",\"url\":\"https:\\\/\\\/www.kauhavanpuukkopaja.fi\\\/wp-content\\\/uploads\\\/2020\\\/06\\\/IMG_1947-tuohiP.jpg\",\"contentUrl\":\"https:\\\/\\\/www.kauhavanpuukkopaja.fi\\\/wp-content\\\/uploads\\\/2020\\\/06\\\/IMG_1947-tuohiP.jpg\",\"width\":960,\"height\":720},{\"@type\":\"BreadcrumbList\",\"@id\":\"https:\\\/\\\/www.kauhavanpuukkopaja.fi\\\/kauppa\\\/tuohipainen-puukko-tera-95-mm-kuviotaottu\\\/#breadcrumb\",\"itemListElement\":[{\"@type\":\"ListItem\",\"position\":1,\"name\":\"Home\",\"item\":\"https:\\\/\\\/www.kauhavanpuukkopaja.fi\\\/\"},{\"@type\":\"ListItem\",\"position\":2,\"name\":\"Verkkokauppa\",\"item\":\"https:\\\/\\\/www.kauhavanpuukkopaja.fi\\\/kauppa\\\/\"},{\"@type\":\"ListItem\",\"position\":3,\"name\":\"Tuohip\u00e4inen puukko, ter\u00e4 95 mm, kuviotaottu\"}]},{\"@type\":\"WebSite\",\"@id\":\"https:\\\/\\\/www.kauhavanpuukkopaja.fi\\\/#website\",\"url\":\"https:\\\/\\\/www.kauhavanpuukkopaja.fi\\\/\",\"name\":\"Kauhavan Puukkopaja\",\"description\":\"Laadukkaita, suomalaisia puukkoja Kauhavalta.\",\"potentialAction\":[{\"@type\":\"SearchAction\",\"target\":{\"@type\":\"EntryPoint\",\"urlTemplate\":\"https:\\\/\\\/www.kauhavanpuukkopaja.fi\\\/?s={search_term_string}\"},\"query-input\":{\"@type\":\"PropertyValueSpecification\",\"valueRequired\":true,\"valueName\":\"search_term_string\"}}],\"inLanguage\":\"en-US\"}]}<\/script>\n<!-- \/ Yoast SEO plugin. -->","yoast_head_json":{"title":"Tuohip\u00e4inen puukko, ter\u00e4 95 mm, kuviotaottu - Kauhavan Puukkopaja","robots":{"index":"index","follow":"follow","max-snippet":"max-snippet:-1","max-image-preview":"max-image-preview:large","max-video-preview":"max-video-preview:-1"},"canonical":"https:\/\/www.kauhavanpuukkopaja.fi\/en\/kauppa\/tuohipainen-puukko-tera-95-mm-kuviotaottu\/","og_locale":"en_US","og_type":"article","og_title":"Tuohip\u00e4inen puukko, ter\u00e4 95 mm, kuviotaottu - Kauhavan Puukkopaja","og_description":"Mik\u00e4li haluat ter\u00e4\u00e4n oman nimikaiverruksen, kirjoita se kassa-sivulla olevaan tekstikentt\u00e4\u00e4n. Kaiverruksen maksimipituus riippuu ter\u00e4n pituudesta, katso kohta lis\u00e4tiedot. Kaiverrus on maksuton.  Puukon tuppi kuvioimaton, ruskea parkkinahkatuppi.  Tutustu my\u00f6s lahjarasioihin, valitse t\u00e4lle puukolle pahvinen lahjarasia.  &nbsp;","og_url":"https:\/\/www.kauhavanpuukkopaja.fi\/en\/kauppa\/tuohipainen-puukko-tera-95-mm-kuviotaottu\/","og_site_name":"Kauhavan Puukkopaja","article_modified_time":"2026-03-18T15:18:04+00:00","og_image":[{"width":960,"height":720,"url":"https:\/\/www.kauhavanpuukkopaja.fi\/wp-content\/uploads\/2020\/06\/IMG_1947-tuohiP.jpg","type":"image\/jpeg"}],"twitter_card":"summary_large_image","twitter_misc":{"Est. reading time":"1 minute"},"schema":{"@context":"https:\/\/schema.org","@graph":[{"@type":"WebPage","@id":"https:\/\/www.kauhavanpuukkopaja.fi\/kauppa\/tuohipainen-puukko-tera-95-mm-kuviotaottu\/","url":"https:\/\/www.kauhavanpuukkopaja.fi\/kauppa\/tuohipainen-puukko-tera-95-mm-kuviotaottu\/","name":"Tuohip\u00e4inen puukko, ter\u00e4 95 mm, kuviotaottu - Kauhavan Puukkopaja","isPartOf":{"@id":"https:\/\/www.kauhavanpuukkopaja.fi\/#website"},"primaryImageOfPage":{"@id":"https:\/\/www.kauhavanpuukkopaja.fi\/kauppa\/tuohipainen-puukko-tera-95-mm-kuviotaottu\/#primaryimage"},"image":{"@id":"https:\/\/www.kauhavanpuukkopaja.fi\/kauppa\/tuohipainen-puukko-tera-95-mm-kuviotaottu\/#primaryimage"},"thumbnailUrl":"https:\/\/www.kauhavanpuukkopaja.fi\/wp-content\/uploads\/2020\/06\/IMG_1947-tuohiP.jpg","datePublished":"2020-06-18T08:53:35+00:00","dateModified":"2026-03-18T15:18:04+00:00","breadcrumb":{"@id":"https:\/\/www.kauhavanpuukkopaja.fi\/kauppa\/tuohipainen-puukko-tera-95-mm-kuviotaottu\/#breadcrumb"},"inLanguage":"en-US","potentialAction":[{"@type":"ReadAction","target":["https:\/\/www.kauhavanpuukkopaja.fi\/kauppa\/tuohipainen-puukko-tera-95-mm-kuviotaottu\/"]}]},{"@type":"ImageObject","inLanguage":"en-US","@id":"https:\/\/www.kauhavanpuukkopaja.fi\/kauppa\/tuohipainen-puukko-tera-95-mm-kuviotaottu\/#primaryimage","url":"https:\/\/www.kauhavanpuukkopaja.fi\/wp-content\/uploads\/2020\/06\/IMG_1947-tuohiP.jpg","contentUrl":"https:\/\/www.kauhavanpuukkopaja.fi\/wp-content\/uploads\/2020\/06\/IMG_1947-tuohiP.jpg","width":960,"height":720},{"@type":"BreadcrumbList","@id":"https:\/\/www.kauhavanpuukkopaja.fi\/kauppa\/tuohipainen-puukko-tera-95-mm-kuviotaottu\/#breadcrumb","itemListElement":[{"@type":"ListItem","position":1,"name":"Home","item":"https:\/\/www.kauhavanpuukkopaja.fi\/"},{"@type":"ListItem","position":2,"name":"Verkkokauppa","item":"https:\/\/www.kauhavanpuukkopaja.fi\/kauppa\/"},{"@type":"ListItem","position":3,"name":"Tuohip\u00e4inen puukko, ter\u00e4 95 mm, kuviotaottu"}]},{"@type":"WebSite","@id":"https:\/\/www.kauhavanpuukkopaja.fi\/#website","url":"https:\/\/www.kauhavanpuukkopaja.fi\/","name":"Kauhavan Puukkopaja","description":"Laadukkaita, suomalaisia puukkoja Kauhavalta.","potentialAction":[{"@type":"SearchAction","target":{"@type":"EntryPoint","urlTemplate":"https:\/\/www.kauhavanpuukkopaja.fi\/?s={search_term_string}"},"query-input":{"@type":"PropertyValueSpecification","valueRequired":true,"valueName":"search_term_string"}}],"inLanguage":"en-US"}]}},"_links":{"self":[{"href":"https:\/\/www.kauhavanpuukkopaja.fi\/en\/wp-json\/wp\/v2\/product\/1855","targetHints":{"allow":["GET"]}}],"collection":[{"href":"https:\/\/www.kauhavanpuukkopaja.fi\/en\/wp-json\/wp\/v2\/product"}],"about":[{"href":"https:\/\/www.kauhavanpuukkopaja.fi\/en\/wp-json\/wp\/v2\/types\/product"}],"wp:featuredmedia":[{"embeddable":true,"href":"https:\/\/www.kauhavanpuukkopaja.fi\/en\/wp-json\/wp\/v2\/media\/1856"}],"wp:attachment":[{"href":"https:\/\/www.kauhavanpuukkopaja.fi\/en\/wp-json\/wp\/v2\/media?parent=1855"}],"wp:term":[{"taxonomy":"product_brand","embeddable":true,"href":"https:\/\/www.kauhavanpuukkopaja.fi\/en\/wp-json\/wp\/v2\/product_brand?post=1855"},{"taxonomy":"product_cat","embeddable":true,"href":"https:\/\/www.kauhavanpuukkopaja.fi\/en\/wp-json\/wp\/v2\/product_cat?post=1855"},{"taxonomy":"product_tag","embeddable":true,"href":"https:\/\/www.kauhavanpuukkopaja.fi\/en\/wp-json\/wp\/v2\/product_tag?post=1855"}],"curies":[{"name":"wp","href":"https:\/\/api.w.org\/{rel}","templated":true}]}}