{"id":1375,"date":"2020-05-01T10:58:15","date_gmt":"2020-05-01T08:58:15","guid":{"rendered":"https:\/\/kauhavanpuukkopaja.fi\/?post_type=product&#038;p=1375"},"modified":"2026-03-31T22:21:59","modified_gmt":"2026-03-31T20:21:59","slug":"lahjarasiat","status":"publish","type":"product","link":"https:\/\/www.kauhavanpuukkopaja.fi\/en\/kauppa\/lahjarasiat\/","title":{"rendered":"Gift boxes"},"content":{"rendered":"<p>Pahvinen, ruskea lahjarasia, jossa ikkuna ja pohjalla haapalastua.<br \/>\nPahvirasioita on kolmea kokoa:<\/p>\n<p>Pikkupuukoille: tuotteet 102 ja 601 oma rasia.<br \/>\nrasia numero 1: 270x90x35 mm<br \/>\nrasia numero 2: 300x80x50 mm.<\/p>\n<p>Jos ostat pahvisen lahjarasian, valitsemme ostamallesi puukolle oikean kokoisen rasian tai vaihtoehtoisesti voit laittaa lis\u00e4tietoihin rasian numeron.<\/p>\n<p>Lis\u00e4ksi Leukuille ja filerausveitselle saatavana kirkas, muovinen rasia numero 3. Mitat 63&#215;63 mm ja pituus vaihtelee puukon koon mukaan.<\/p>","protected":false},"excerpt":{"rendered":"<p>Hankkimalla my\u00f6s lahjarasian, saat n\u00e4ytt\u00e4v\u00e4mm\u00e4n n\u00e4k\u00f6isen lahjapaketin. Pahvisessa lahjarasiassa on ikkuna kannessa ja pohjalla vaaleaa haapalastua. Rasioita on kahta kokoa, valitsemme puukollesi sopivan kokoisen rasian. Muoviset lahjarasiat on tarkoitettu filerausveitsille ja leukuille. Hinta sis\u00e4lt\u00e4\u00e4 vain lahjarasian.<\/p>\n<p><strong>Huom: Lahjarasioita toimitamme vain puukko- ja teroitintilausten yhteydess\u00e4.<\/strong><\/p>","protected":false},"featured_media":1380,"template":"","meta":[],"product_brand":[],"product_cat":[69],"product_tag":[70],"class_list":{"0":"post-1375","1":"product","2":"type-product","3":"status-publish","4":"has-post-thumbnail","6":"product_cat-lahjarasiat","7":"product_tag-lahjarasia","9":"first","10":"instock","11":"taxable","12":"shipping-taxable","13":"purchasable","14":"product-type-variable"},"yoast_head":"<!-- This site is optimized with the Yoast SEO plugin v27.4 - https:\/\/yoast.com\/product\/yoast-seo-wordpress\/ -->\n<title>Lahjarasiat - Kauhavan Puukkopaja<\/title>\n<meta name=\"robots\" content=\"index, follow, max-snippet:-1, max-image-preview:large, max-video-preview:-1\" \/>\n<link rel=\"canonical\" href=\"https:\/\/www.kauhavanpuukkopaja.fi\/en\/kauppa\/lahjarasiat\/\" \/>\n<meta property=\"og:locale\" content=\"en_US\" \/>\n<meta property=\"og:type\" content=\"article\" \/>\n<meta property=\"og:title\" content=\"Lahjarasiat - Kauhavan Puukkopaja\" \/>\n<meta property=\"og:description\" content=\"Hankkimalla my\u00f6s lahjarasian, saat n\u00e4ytt\u00e4v\u00e4mm\u00e4n n\u00e4k\u00f6isen lahjapaketin. Pahvisessa lahjarasiassa on ikkuna kannessa ja pohjalla vaaleaa haapalastua. Rasioita on kahta kokoa, valitsemme puukollesi sopivan kokoisen rasian. Muoviset lahjarasiat on tarkoitettu filerausveitsille ja leukuille. Hinta sis\u00e4lt\u00e4\u00e4 vain lahjarasian.  Huom: Lahjarasioita toimitamme vain puukko- ja teroitintilausten yhteydess\u00e4.\" \/>\n<meta property=\"og:url\" content=\"https:\/\/www.kauhavanpuukkopaja.fi\/en\/kauppa\/lahjarasiat\/\" \/>\n<meta property=\"og:site_name\" content=\"Kauhavan Puukkopaja\" \/>\n<meta property=\"article:modified_time\" content=\"2026-03-31T20:21:59+00:00\" \/>\n<meta property=\"og:image\" content=\"https:\/\/www.kauhavanpuukkopaja.fi\/wp-content\/uploads\/2020\/05\/IMG_1764kaikkip.jpg\" \/>\n\t<meta property=\"og:image:width\" content=\"1000\" \/>\n\t<meta property=\"og:image:height\" content=\"750\" \/>\n\t<meta property=\"og:image:type\" content=\"image\/jpeg\" \/>\n<meta name=\"twitter:card\" content=\"summary_large_image\" \/>\n<meta name=\"twitter:label1\" content=\"Est. reading time\" \/>\n\t<meta name=\"twitter:data1\" content=\"1 minute\" \/>\n<script type=\"application\/ld+json\" class=\"yoast-schema-graph\">{\"@context\":\"https:\\\/\\\/schema.org\",\"@graph\":[{\"@type\":\"WebPage\",\"@id\":\"https:\\\/\\\/www.kauhavanpuukkopaja.fi\\\/kauppa\\\/lahjarasiat\\\/\",\"url\":\"https:\\\/\\\/www.kauhavanpuukkopaja.fi\\\/kauppa\\\/lahjarasiat\\\/\",\"name\":\"Lahjarasiat - Kauhavan Puukkopaja\",\"isPartOf\":{\"@id\":\"https:\\\/\\\/www.kauhavanpuukkopaja.fi\\\/#website\"},\"primaryImageOfPage\":{\"@id\":\"https:\\\/\\\/www.kauhavanpuukkopaja.fi\\\/kauppa\\\/lahjarasiat\\\/#primaryimage\"},\"image\":{\"@id\":\"https:\\\/\\\/www.kauhavanpuukkopaja.fi\\\/kauppa\\\/lahjarasiat\\\/#primaryimage\"},\"thumbnailUrl\":\"https:\\\/\\\/www.kauhavanpuukkopaja.fi\\\/wp-content\\\/uploads\\\/2020\\\/05\\\/IMG_1764kaikkip.jpg\",\"datePublished\":\"2020-05-01T08:58:15+00:00\",\"dateModified\":\"2026-03-31T20:21:59+00:00\",\"breadcrumb\":{\"@id\":\"https:\\\/\\\/www.kauhavanpuukkopaja.fi\\\/kauppa\\\/lahjarasiat\\\/#breadcrumb\"},\"inLanguage\":\"en-US\",\"potentialAction\":[{\"@type\":\"ReadAction\",\"target\":[\"https:\\\/\\\/www.kauhavanpuukkopaja.fi\\\/kauppa\\\/lahjarasiat\\\/\"]}]},{\"@type\":\"ImageObject\",\"inLanguage\":\"en-US\",\"@id\":\"https:\\\/\\\/www.kauhavanpuukkopaja.fi\\\/kauppa\\\/lahjarasiat\\\/#primaryimage\",\"url\":\"https:\\\/\\\/www.kauhavanpuukkopaja.fi\\\/wp-content\\\/uploads\\\/2020\\\/05\\\/IMG_1764kaikkip.jpg\",\"contentUrl\":\"https:\\\/\\\/www.kauhavanpuukkopaja.fi\\\/wp-content\\\/uploads\\\/2020\\\/05\\\/IMG_1764kaikkip.jpg\",\"width\":1000,\"height\":750},{\"@type\":\"BreadcrumbList\",\"@id\":\"https:\\\/\\\/www.kauhavanpuukkopaja.fi\\\/kauppa\\\/lahjarasiat\\\/#breadcrumb\",\"itemListElement\":[{\"@type\":\"ListItem\",\"position\":1,\"name\":\"Home\",\"item\":\"https:\\\/\\\/www.kauhavanpuukkopaja.fi\\\/\"},{\"@type\":\"ListItem\",\"position\":2,\"name\":\"Verkkokauppa\",\"item\":\"https:\\\/\\\/www.kauhavanpuukkopaja.fi\\\/kauppa\\\/\"},{\"@type\":\"ListItem\",\"position\":3,\"name\":\"Lahjarasiat\"}]},{\"@type\":\"WebSite\",\"@id\":\"https:\\\/\\\/www.kauhavanpuukkopaja.fi\\\/#website\",\"url\":\"https:\\\/\\\/www.kauhavanpuukkopaja.fi\\\/\",\"name\":\"Kauhavan Puukkopaja\",\"description\":\"Laadukkaita, suomalaisia puukkoja Kauhavalta.\",\"potentialAction\":[{\"@type\":\"SearchAction\",\"target\":{\"@type\":\"EntryPoint\",\"urlTemplate\":\"https:\\\/\\\/www.kauhavanpuukkopaja.fi\\\/?s={search_term_string}\"},\"query-input\":{\"@type\":\"PropertyValueSpecification\",\"valueRequired\":true,\"valueName\":\"search_term_string\"}}],\"inLanguage\":\"en-US\"}]}<\/script>\n<!-- \/ Yoast SEO plugin. -->","yoast_head_json":{"title":"Lahjarasiat - Kauhavan Puukkopaja","robots":{"index":"index","follow":"follow","max-snippet":"max-snippet:-1","max-image-preview":"max-image-preview:large","max-video-preview":"max-video-preview:-1"},"canonical":"https:\/\/www.kauhavanpuukkopaja.fi\/en\/kauppa\/lahjarasiat\/","og_locale":"en_US","og_type":"article","og_title":"Lahjarasiat - Kauhavan Puukkopaja","og_description":"Hankkimalla my\u00f6s lahjarasian, saat n\u00e4ytt\u00e4v\u00e4mm\u00e4n n\u00e4k\u00f6isen lahjapaketin. Pahvisessa lahjarasiassa on ikkuna kannessa ja pohjalla vaaleaa haapalastua. Rasioita on kahta kokoa, valitsemme puukollesi sopivan kokoisen rasian. Muoviset lahjarasiat on tarkoitettu filerausveitsille ja leukuille. Hinta sis\u00e4lt\u00e4\u00e4 vain lahjarasian.  Huom: Lahjarasioita toimitamme vain puukko- ja teroitintilausten yhteydess\u00e4.","og_url":"https:\/\/www.kauhavanpuukkopaja.fi\/en\/kauppa\/lahjarasiat\/","og_site_name":"Kauhavan Puukkopaja","article_modified_time":"2026-03-31T20:21:59+00:00","og_image":[{"width":1000,"height":750,"url":"https:\/\/www.kauhavanpuukkopaja.fi\/wp-content\/uploads\/2020\/05\/IMG_1764kaikkip.jpg","type":"image\/jpeg"}],"twitter_card":"summary_large_image","twitter_misc":{"Est. reading time":"1 minute"},"schema":{"@context":"https:\/\/schema.org","@graph":[{"@type":"WebPage","@id":"https:\/\/www.kauhavanpuukkopaja.fi\/kauppa\/lahjarasiat\/","url":"https:\/\/www.kauhavanpuukkopaja.fi\/kauppa\/lahjarasiat\/","name":"Lahjarasiat - Kauhavan Puukkopaja","isPartOf":{"@id":"https:\/\/www.kauhavanpuukkopaja.fi\/#website"},"primaryImageOfPage":{"@id":"https:\/\/www.kauhavanpuukkopaja.fi\/kauppa\/lahjarasiat\/#primaryimage"},"image":{"@id":"https:\/\/www.kauhavanpuukkopaja.fi\/kauppa\/lahjarasiat\/#primaryimage"},"thumbnailUrl":"https:\/\/www.kauhavanpuukkopaja.fi\/wp-content\/uploads\/2020\/05\/IMG_1764kaikkip.jpg","datePublished":"2020-05-01T08:58:15+00:00","dateModified":"2026-03-31T20:21:59+00:00","breadcrumb":{"@id":"https:\/\/www.kauhavanpuukkopaja.fi\/kauppa\/lahjarasiat\/#breadcrumb"},"inLanguage":"en-US","potentialAction":[{"@type":"ReadAction","target":["https:\/\/www.kauhavanpuukkopaja.fi\/kauppa\/lahjarasiat\/"]}]},{"@type":"ImageObject","inLanguage":"en-US","@id":"https:\/\/www.kauhavanpuukkopaja.fi\/kauppa\/lahjarasiat\/#primaryimage","url":"https:\/\/www.kauhavanpuukkopaja.fi\/wp-content\/uploads\/2020\/05\/IMG_1764kaikkip.jpg","contentUrl":"https:\/\/www.kauhavanpuukkopaja.fi\/wp-content\/uploads\/2020\/05\/IMG_1764kaikkip.jpg","width":1000,"height":750},{"@type":"BreadcrumbList","@id":"https:\/\/www.kauhavanpuukkopaja.fi\/kauppa\/lahjarasiat\/#breadcrumb","itemListElement":[{"@type":"ListItem","position":1,"name":"Home","item":"https:\/\/www.kauhavanpuukkopaja.fi\/"},{"@type":"ListItem","position":2,"name":"Verkkokauppa","item":"https:\/\/www.kauhavanpuukkopaja.fi\/kauppa\/"},{"@type":"ListItem","position":3,"name":"Lahjarasiat"}]},{"@type":"WebSite","@id":"https:\/\/www.kauhavanpuukkopaja.fi\/#website","url":"https:\/\/www.kauhavanpuukkopaja.fi\/","name":"Kauhavan Puukkopaja","description":"Laadukkaita, suomalaisia puukkoja Kauhavalta.","potentialAction":[{"@type":"SearchAction","target":{"@type":"EntryPoint","urlTemplate":"https:\/\/www.kauhavanpuukkopaja.fi\/?s={search_term_string}"},"query-input":{"@type":"PropertyValueSpecification","valueRequired":true,"valueName":"search_term_string"}}],"inLanguage":"en-US"}]}},"_links":{"self":[{"href":"https:\/\/www.kauhavanpuukkopaja.fi\/en\/wp-json\/wp\/v2\/product\/1375","targetHints":{"allow":["GET"]}}],"collection":[{"href":"https:\/\/www.kauhavanpuukkopaja.fi\/en\/wp-json\/wp\/v2\/product"}],"about":[{"href":"https:\/\/www.kauhavanpuukkopaja.fi\/en\/wp-json\/wp\/v2\/types\/product"}],"wp:featuredmedia":[{"embeddable":true,"href":"https:\/\/www.kauhavanpuukkopaja.fi\/en\/wp-json\/wp\/v2\/media\/1380"}],"wp:attachment":[{"href":"https:\/\/www.kauhavanpuukkopaja.fi\/en\/wp-json\/wp\/v2\/media?parent=1375"}],"wp:term":[{"taxonomy":"product_brand","embeddable":true,"href":"https:\/\/www.kauhavanpuukkopaja.fi\/en\/wp-json\/wp\/v2\/product_brand?post=1375"},{"taxonomy":"product_cat","embeddable":true,"href":"https:\/\/www.kauhavanpuukkopaja.fi\/en\/wp-json\/wp\/v2\/product_cat?post=1375"},{"taxonomy":"product_tag","embeddable":true,"href":"https:\/\/www.kauhavanpuukkopaja.fi\/en\/wp-json\/wp\/v2\/product_tag?post=1375"}],"curies":[{"name":"wp","href":"https:\/\/api.w.org\/{rel}","templated":true}]}}