{"id":509,"date":"2019-06-01T17:13:49","date_gmt":"2019-06-01T15:13:49","guid":{"rendered":"https:\/\/www.kauhavanpuukkopaja.my.ee\/?page_id=509"},"modified":"2020-05-21T13:26:19","modified_gmt":"2020-05-21T11:26:19","slug":"poronsarvi-visakoivupuukot","status":"publish","type":"page","link":"https:\/\/www.kauhavanpuukkopaja.fi\/en\/mallisto\/poronsarvi-visakoivupuukot\/","title":{"rendered":"Reindeer antler-curly birch knives"},"content":{"rendered":"<table class=\"wp-block-table has-fixed-layout is-style-regular\">\r\n<tbody>\r\n<tr>\r\n<td>\r\n<p>Handle:<br \/>reindeer antler\/curly birch, shaped<\/p>\r\n<p>Blade:<br \/>60 mm, carbon steel<\/p>\r\n<p>Sheath: brown<\/p>\r\n<p><strong>Product number: 601<\/strong><\/p>\r\n<\/td>\r\n<td><a  href=\"https:\/\/www.kauhavanpuukkopaja.my.ee\/wp-content\/uploads\/2019\/06\/M-luu-601.jpg\" data-rel=\"lightbox-gallery-0\" data-rl_title=\"\" data-rl_caption=\"\" title=\"\"><img loading=\"lazy\" decoding=\"async\" class=\"size-medium wp-image-722 alignleft\" src=\"https:\/\/www.kauhavanpuukkopaja.my.ee\/wp-content\/uploads\/2019\/06\/M-luu-601-300x225.jpg\" alt=\"\" width=\"300\" height=\"225\" srcset=\"https:\/\/www.kauhavanpuukkopaja.fi\/wp-content\/uploads\/2019\/06\/M-luu-601-300x225.jpg 300w, https:\/\/www.kauhavanpuukkopaja.fi\/wp-content\/uploads\/2019\/06\/M-luu-601-768x576.jpg 768w, https:\/\/www.kauhavanpuukkopaja.fi\/wp-content\/uploads\/2019\/06\/M-luu-601-600x450.jpg 600w, https:\/\/www.kauhavanpuukkopaja.fi\/wp-content\/uploads\/2019\/06\/M-luu-601.jpg 1000w\" sizes=\"auto, (max-width: 300px) 100vw, 300px\" \/><\/a><\/td>\r\n<\/tr>\r\n<tr>\r\n<td>\r\n<p>Handle:<br \/>reindeer antler\/curly birch, shaped<\/p>\r\n<p>Blade:<br \/>62 mm, carbon steel<\/p>\r\n<p>Sheath: brown<\/p>\r\n<p><strong>Product number: 602<\/strong><\/p>\r\n<\/td>\r\n<td>Picture coming!<\/td>\r\n<\/tr>\r\n<tr>\r\n<td>\r\n<p>Handle:<br \/>reindeer antler\/curly birch, shaped<\/p>\r\n<p>Blade:<br \/>85 mm, carbon steel<\/p>\r\n<p>Sheath: brown<\/p>\r\n<p><strong>Product number: 603<\/strong><\/p>\r\n<\/td>\r\n<td><a  href=\"https:\/\/www.kauhavanpuukkopaja.my.ee\/wp-content\/uploads\/2019\/06\/M-luu-603.jpg\" data-rel=\"lightbox-gallery-0\" data-rl_title=\"\" data-rl_caption=\"\" title=\"\"><img loading=\"lazy\" decoding=\"async\" class=\"size-medium wp-image-723 alignleft\" src=\"https:\/\/www.kauhavanpuukkopaja.my.ee\/wp-content\/uploads\/2019\/06\/M-luu-603-300x225.jpg\" alt=\"\" width=\"300\" height=\"225\" srcset=\"https:\/\/www.kauhavanpuukkopaja.fi\/wp-content\/uploads\/2019\/06\/M-luu-603-300x225.jpg 300w, https:\/\/www.kauhavanpuukkopaja.fi\/wp-content\/uploads\/2019\/06\/M-luu-603-768x576.jpg 768w, https:\/\/www.kauhavanpuukkopaja.fi\/wp-content\/uploads\/2019\/06\/M-luu-603-600x450.jpg 600w, https:\/\/www.kauhavanpuukkopaja.fi\/wp-content\/uploads\/2019\/06\/M-luu-603.jpg 1000w\" sizes=\"auto, (max-width: 300px) 100vw, 300px\" \/><\/a><\/td>\r\n<\/tr>\r\n<tr>\r\n<td>\r\n<p>Handle:<br \/>reindeer antler\/curly birch, shaped<\/p>\r\n<p>Blade:<br \/>77 mm, carbon steel<\/p>\r\n<p>Sheath: brown<\/p>\r\n<p><strong>Product number: 604<\/strong><\/p>\r\n<\/td>\r\n<td><a  href=\"https:\/\/www.kauhavanpuukkopaja.my.ee\/wp-content\/uploads\/2019\/06\/M-luu-604.jpg\" data-rel=\"lightbox-gallery-0\" data-rl_title=\"\" data-rl_caption=\"\" title=\"\"><img loading=\"lazy\" decoding=\"async\" class=\"size-medium wp-image-724 alignleft\" src=\"https:\/\/www.kauhavanpuukkopaja.my.ee\/wp-content\/uploads\/2019\/06\/M-luu-604-300x225.jpg\" alt=\"\" width=\"300\" height=\"225\" srcset=\"https:\/\/www.kauhavanpuukkopaja.fi\/wp-content\/uploads\/2019\/06\/M-luu-604-300x225.jpg 300w, https:\/\/www.kauhavanpuukkopaja.fi\/wp-content\/uploads\/2019\/06\/M-luu-604-768x576.jpg 768w, https:\/\/www.kauhavanpuukkopaja.fi\/wp-content\/uploads\/2019\/06\/M-luu-604-600x450.jpg 600w, https:\/\/www.kauhavanpuukkopaja.fi\/wp-content\/uploads\/2019\/06\/M-luu-604.jpg 1000w\" sizes=\"auto, (max-width: 300px) 100vw, 300px\" \/><\/a><\/td>\r\n<\/tr>\r\n<tr>\r\n<td>\r\n<p>Handle:<br \/>reindeer antler\/curly birch, shaped<\/p>\r\n<p>Blade:<br \/>95 mm, carbon steel<\/p>\r\n<p>Sheath: brown<\/p>\r\n<p><strong>Product number: 606<\/strong><\/p>\r\n<\/td>\r\n<td><a  href=\"https:\/\/www.kauhavanpuukkopaja.my.ee\/wp-content\/uploads\/2019\/06\/M-luu-606.jpg\" data-rel=\"lightbox-gallery-0\" data-rl_title=\"\" data-rl_caption=\"\" title=\"\"><img loading=\"lazy\" decoding=\"async\" class=\"size-medium wp-image-725 alignleft\" src=\"https:\/\/www.kauhavanpuukkopaja.my.ee\/wp-content\/uploads\/2019\/06\/M-luu-606-300x225.jpg\" alt=\"\" width=\"300\" height=\"225\" srcset=\"https:\/\/www.kauhavanpuukkopaja.fi\/wp-content\/uploads\/2019\/06\/M-luu-606-300x225.jpg 300w, https:\/\/www.kauhavanpuukkopaja.fi\/wp-content\/uploads\/2019\/06\/M-luu-606-768x576.jpg 768w, https:\/\/www.kauhavanpuukkopaja.fi\/wp-content\/uploads\/2019\/06\/M-luu-606-600x450.jpg 600w, https:\/\/www.kauhavanpuukkopaja.fi\/wp-content\/uploads\/2019\/06\/M-luu-606.jpg 1000w\" sizes=\"auto, (max-width: 300px) 100vw, 300px\" \/><\/a><\/td>\r\n<\/tr>\r\n<tr>\r\n<td>\r\n<p>Handle:<br \/>reindeer antler\/curly birch, shaped<\/p>\r\n<p>Blade:<br \/>105 mm, carbon steel<\/p>\r\n<p>Sheath: brown<\/p>\r\n<p><strong>Product number: 607<\/strong><\/p>\r\n<\/td>\r\n<td><a  href=\"https:\/\/www.kauhavanpuukkopaja.my.ee\/wp-content\/uploads\/2019\/06\/M-luu-607.jpg\" data-rel=\"lightbox-gallery-0\" data-rl_title=\"\" data-rl_caption=\"\" title=\"\"><img loading=\"lazy\" decoding=\"async\" class=\"size-medium wp-image-726 alignleft\" src=\"https:\/\/www.kauhavanpuukkopaja.my.ee\/wp-content\/uploads\/2019\/06\/M-luu-607-300x225.jpg\" alt=\"\" width=\"300\" height=\"225\" srcset=\"https:\/\/www.kauhavanpuukkopaja.fi\/wp-content\/uploads\/2019\/06\/M-luu-607-300x225.jpg 300w, https:\/\/www.kauhavanpuukkopaja.fi\/wp-content\/uploads\/2019\/06\/M-luu-607-768x576.jpg 768w, https:\/\/www.kauhavanpuukkopaja.fi\/wp-content\/uploads\/2019\/06\/M-luu-607-600x450.jpg 600w, https:\/\/www.kauhavanpuukkopaja.fi\/wp-content\/uploads\/2019\/06\/M-luu-607.jpg 1000w\" sizes=\"auto, (max-width: 300px) 100vw, 300px\" \/><\/a><\/td>\r\n<\/tr>\r\n<tr>\r\n<td>\r\n<p>Handle:<br \/>reindeer antler\/curly birch, shaped<\/p>\r\n<p>Blade:<br \/>125 mm, carbon steel<\/p>\r\n<p>Sheath: brown<\/p>\r\n<p><strong>Product number: 608<\/strong><\/p>\r\n<\/td>\r\n<td><a  href=\"https:\/\/www.kauhavanpuukkopaja.my.ee\/wp-content\/uploads\/2019\/06\/M-luu-608.jpg\" data-rel=\"lightbox-gallery-0\" data-rl_title=\"\" data-rl_caption=\"\" title=\"\"><img loading=\"lazy\" decoding=\"async\" class=\"size-medium wp-image-720 alignleft\" src=\"https:\/\/www.kauhavanpuukkopaja.my.ee\/wp-content\/uploads\/2019\/06\/M-luu-608-300x225.jpg\" alt=\"\" width=\"300\" height=\"225\" srcset=\"https:\/\/www.kauhavanpuukkopaja.fi\/wp-content\/uploads\/2019\/06\/M-luu-608-300x225.jpg 300w, https:\/\/www.kauhavanpuukkopaja.fi\/wp-content\/uploads\/2019\/06\/M-luu-608-768x576.jpg 768w, https:\/\/www.kauhavanpuukkopaja.fi\/wp-content\/uploads\/2019\/06\/M-luu-608-600x450.jpg 600w, https:\/\/www.kauhavanpuukkopaja.fi\/wp-content\/uploads\/2019\/06\/M-luu-608.jpg 1000w\" sizes=\"auto, (max-width: 300px) 100vw, 300px\" \/><\/a><\/td>\r\n<\/tr>\r\n<\/tbody>\r\n<\/table>\r\n\r\n\r\n\r\n<p>&nbsp;<\/p>","protected":false},"excerpt":{"rendered":"<p>Puukon p\u00e4\u00e4:poronsarviluu \/ visakoivu, muotoiltu Ter\u00e4:60 mm, hiiliter\u00e4s Tuppi: ruskea Tuotenumero: 601 Puukon p\u00e4\u00e4:poronsarviluu \/ visakoivu, muotoiltu Ter\u00e4:62 mm, hiiliter\u00e4s Tuppi: ruskea Tuotenumero: 602 Kuva tulossa! Puukon p\u00e4\u00e4:poronsarviluu \/ visakoivu, muotoiltu Ter\u00e4:85 mm, hiiliter\u00e4s Tuppi: ruskea Tuotenumero: 603 Puukon p\u00e4\u00e4:poronsarviluu \/ visakoivu, muotoiltu Ter\u00e4:77 mm, hiiliter\u00e4s Tuppi: ruskea Tuotenumero: 604 Puukon p\u00e4\u00e4:poronsarviluu \/ visakoivu, muotoiltu [&hellip;]<\/p>\n","protected":false},"author":1,"featured_media":0,"parent":497,"menu_order":4,"comment_status":"closed","ping_status":"closed","template":"template-fullwidth.php","meta":{"footnotes":""},"class_list":["post-509","page","type-page","status-publish","hentry"],"yoast_head":"<!-- This site is optimized with the Yoast SEO plugin v27.4 - https:\/\/yoast.com\/product\/yoast-seo-wordpress\/ -->\n<title>Poronsarvi-visakoivupuukot - Kauhavan Puukkopaja<\/title>\n<meta name=\"robots\" content=\"index, follow, max-snippet:-1, max-image-preview:large, max-video-preview:-1\" \/>\n<link rel=\"canonical\" href=\"https:\/\/www.kauhavanpuukkopaja.fi\/en\/mallisto\/poronsarvi-visakoivupuukot\/\" \/>\n<meta property=\"og:locale\" content=\"en_US\" \/>\n<meta property=\"og:type\" content=\"article\" \/>\n<meta property=\"og:title\" content=\"Poronsarvi-visakoivupuukot - Kauhavan Puukkopaja\" \/>\n<meta property=\"og:description\" content=\"Puukon p\u00e4\u00e4:poronsarviluu \/ visakoivu, muotoiltu Ter\u00e4:60 mm, hiiliter\u00e4s Tuppi: ruskea Tuotenumero: 601 Puukon p\u00e4\u00e4:poronsarviluu \/ visakoivu, muotoiltu Ter\u00e4:62 mm, hiiliter\u00e4s Tuppi: ruskea Tuotenumero: 602 Kuva tulossa! Puukon p\u00e4\u00e4:poronsarviluu \/ visakoivu, muotoiltu Ter\u00e4:85 mm, hiiliter\u00e4s Tuppi: ruskea Tuotenumero: 603 Puukon p\u00e4\u00e4:poronsarviluu \/ visakoivu, muotoiltu Ter\u00e4:77 mm, hiiliter\u00e4s Tuppi: ruskea Tuotenumero: 604 Puukon p\u00e4\u00e4:poronsarviluu \/ visakoivu, muotoiltu [&hellip;]\" \/>\n<meta property=\"og:url\" content=\"https:\/\/www.kauhavanpuukkopaja.fi\/en\/mallisto\/poronsarvi-visakoivupuukot\/\" \/>\n<meta property=\"og:site_name\" content=\"Kauhavan Puukkopaja\" \/>\n<meta property=\"article:modified_time\" content=\"2020-05-21T11:26:19+00:00\" \/>\n<meta property=\"og:image\" content=\"https:\/\/www.kauhavanpuukkopaja.my.ee\/wp-content\/uploads\/2019\/06\/M-luu-601-300x225.jpg\" \/>\n<meta name=\"twitter:card\" content=\"summary_large_image\" \/>\n<script type=\"application\/ld+json\" class=\"yoast-schema-graph\">{\"@context\":\"https:\\\/\\\/schema.org\",\"@graph\":[{\"@type\":\"WebPage\",\"@id\":\"https:\\\/\\\/www.kauhavanpuukkopaja.fi\\\/en\\\/mallisto\\\/poronsarvi-visakoivupuukot\\\/\",\"url\":\"https:\\\/\\\/www.kauhavanpuukkopaja.fi\\\/en\\\/mallisto\\\/poronsarvi-visakoivupuukot\\\/\",\"name\":\"Poronsarvi-visakoivupuukot - Kauhavan Puukkopaja\",\"isPartOf\":{\"@id\":\"https:\\\/\\\/www.kauhavanpuukkopaja.fi\\\/#website\"},\"primaryImageOfPage\":{\"@id\":\"https:\\\/\\\/www.kauhavanpuukkopaja.fi\\\/en\\\/mallisto\\\/poronsarvi-visakoivupuukot\\\/#primaryimage\"},\"image\":{\"@id\":\"https:\\\/\\\/www.kauhavanpuukkopaja.fi\\\/en\\\/mallisto\\\/poronsarvi-visakoivupuukot\\\/#primaryimage\"},\"thumbnailUrl\":\"https:\\\/\\\/www.kauhavanpuukkopaja.my.ee\\\/wp-content\\\/uploads\\\/2019\\\/06\\\/M-luu-601-300x225.jpg\",\"datePublished\":\"2019-06-01T15:13:49+00:00\",\"dateModified\":\"2020-05-21T11:26:19+00:00\",\"breadcrumb\":{\"@id\":\"https:\\\/\\\/www.kauhavanpuukkopaja.fi\\\/en\\\/mallisto\\\/poronsarvi-visakoivupuukot\\\/#breadcrumb\"},\"inLanguage\":\"en-US\",\"potentialAction\":[{\"@type\":\"ReadAction\",\"target\":[\"https:\\\/\\\/www.kauhavanpuukkopaja.fi\\\/en\\\/mallisto\\\/poronsarvi-visakoivupuukot\\\/\"]}]},{\"@type\":\"ImageObject\",\"inLanguage\":\"en-US\",\"@id\":\"https:\\\/\\\/www.kauhavanpuukkopaja.fi\\\/en\\\/mallisto\\\/poronsarvi-visakoivupuukot\\\/#primaryimage\",\"url\":\"https:\\\/\\\/www.kauhavanpuukkopaja.my.ee\\\/wp-content\\\/uploads\\\/2019\\\/06\\\/M-luu-601-300x225.jpg\",\"contentUrl\":\"https:\\\/\\\/www.kauhavanpuukkopaja.my.ee\\\/wp-content\\\/uploads\\\/2019\\\/06\\\/M-luu-601-300x225.jpg\"},{\"@type\":\"BreadcrumbList\",\"@id\":\"https:\\\/\\\/www.kauhavanpuukkopaja.fi\\\/en\\\/mallisto\\\/poronsarvi-visakoivupuukot\\\/#breadcrumb\",\"itemListElement\":[{\"@type\":\"ListItem\",\"position\":1,\"name\":\"Home\",\"item\":\"https:\\\/\\\/www.kauhavanpuukkopaja.fi\\\/\"},{\"@type\":\"ListItem\",\"position\":2,\"name\":\"Poronsarvi-visakoivupuukot\"}]},{\"@type\":\"WebSite\",\"@id\":\"https:\\\/\\\/www.kauhavanpuukkopaja.fi\\\/#website\",\"url\":\"https:\\\/\\\/www.kauhavanpuukkopaja.fi\\\/\",\"name\":\"Kauhavan Puukkopaja\",\"description\":\"Laadukkaita, suomalaisia puukkoja Kauhavalta.\",\"potentialAction\":[{\"@type\":\"SearchAction\",\"target\":{\"@type\":\"EntryPoint\",\"urlTemplate\":\"https:\\\/\\\/www.kauhavanpuukkopaja.fi\\\/?s={search_term_string}\"},\"query-input\":{\"@type\":\"PropertyValueSpecification\",\"valueRequired\":true,\"valueName\":\"search_term_string\"}}],\"inLanguage\":\"en-US\"}]}<\/script>\n<!-- \/ Yoast SEO plugin. -->","yoast_head_json":{"title":"Poronsarvi-visakoivupuukot - Kauhavan Puukkopaja","robots":{"index":"index","follow":"follow","max-snippet":"max-snippet:-1","max-image-preview":"max-image-preview:large","max-video-preview":"max-video-preview:-1"},"canonical":"https:\/\/www.kauhavanpuukkopaja.fi\/en\/mallisto\/poronsarvi-visakoivupuukot\/","og_locale":"en_US","og_type":"article","og_title":"Poronsarvi-visakoivupuukot - Kauhavan Puukkopaja","og_description":"Puukon p\u00e4\u00e4:poronsarviluu \/ visakoivu, muotoiltu Ter\u00e4:60 mm, hiiliter\u00e4s Tuppi: ruskea Tuotenumero: 601 Puukon p\u00e4\u00e4:poronsarviluu \/ visakoivu, muotoiltu Ter\u00e4:62 mm, hiiliter\u00e4s Tuppi: ruskea Tuotenumero: 602 Kuva tulossa! Puukon p\u00e4\u00e4:poronsarviluu \/ visakoivu, muotoiltu Ter\u00e4:85 mm, hiiliter\u00e4s Tuppi: ruskea Tuotenumero: 603 Puukon p\u00e4\u00e4:poronsarviluu \/ visakoivu, muotoiltu Ter\u00e4:77 mm, hiiliter\u00e4s Tuppi: ruskea Tuotenumero: 604 Puukon p\u00e4\u00e4:poronsarviluu \/ visakoivu, muotoiltu [&hellip;]","og_url":"https:\/\/www.kauhavanpuukkopaja.fi\/en\/mallisto\/poronsarvi-visakoivupuukot\/","og_site_name":"Kauhavan Puukkopaja","article_modified_time":"2020-05-21T11:26:19+00:00","og_image":[{"url":"https:\/\/www.kauhavanpuukkopaja.my.ee\/wp-content\/uploads\/2019\/06\/M-luu-601-300x225.jpg","type":"","width":"","height":""}],"twitter_card":"summary_large_image","schema":{"@context":"https:\/\/schema.org","@graph":[{"@type":"WebPage","@id":"https:\/\/www.kauhavanpuukkopaja.fi\/en\/mallisto\/poronsarvi-visakoivupuukot\/","url":"https:\/\/www.kauhavanpuukkopaja.fi\/en\/mallisto\/poronsarvi-visakoivupuukot\/","name":"Poronsarvi-visakoivupuukot - Kauhavan Puukkopaja","isPartOf":{"@id":"https:\/\/www.kauhavanpuukkopaja.fi\/#website"},"primaryImageOfPage":{"@id":"https:\/\/www.kauhavanpuukkopaja.fi\/en\/mallisto\/poronsarvi-visakoivupuukot\/#primaryimage"},"image":{"@id":"https:\/\/www.kauhavanpuukkopaja.fi\/en\/mallisto\/poronsarvi-visakoivupuukot\/#primaryimage"},"thumbnailUrl":"https:\/\/www.kauhavanpuukkopaja.my.ee\/wp-content\/uploads\/2019\/06\/M-luu-601-300x225.jpg","datePublished":"2019-06-01T15:13:49+00:00","dateModified":"2020-05-21T11:26:19+00:00","breadcrumb":{"@id":"https:\/\/www.kauhavanpuukkopaja.fi\/en\/mallisto\/poronsarvi-visakoivupuukot\/#breadcrumb"},"inLanguage":"en-US","potentialAction":[{"@type":"ReadAction","target":["https:\/\/www.kauhavanpuukkopaja.fi\/en\/mallisto\/poronsarvi-visakoivupuukot\/"]}]},{"@type":"ImageObject","inLanguage":"en-US","@id":"https:\/\/www.kauhavanpuukkopaja.fi\/en\/mallisto\/poronsarvi-visakoivupuukot\/#primaryimage","url":"https:\/\/www.kauhavanpuukkopaja.my.ee\/wp-content\/uploads\/2019\/06\/M-luu-601-300x225.jpg","contentUrl":"https:\/\/www.kauhavanpuukkopaja.my.ee\/wp-content\/uploads\/2019\/06\/M-luu-601-300x225.jpg"},{"@type":"BreadcrumbList","@id":"https:\/\/www.kauhavanpuukkopaja.fi\/en\/mallisto\/poronsarvi-visakoivupuukot\/#breadcrumb","itemListElement":[{"@type":"ListItem","position":1,"name":"Home","item":"https:\/\/www.kauhavanpuukkopaja.fi\/"},{"@type":"ListItem","position":2,"name":"Poronsarvi-visakoivupuukot"}]},{"@type":"WebSite","@id":"https:\/\/www.kauhavanpuukkopaja.fi\/#website","url":"https:\/\/www.kauhavanpuukkopaja.fi\/","name":"Kauhavan Puukkopaja","description":"Laadukkaita, suomalaisia puukkoja Kauhavalta.","potentialAction":[{"@type":"SearchAction","target":{"@type":"EntryPoint","urlTemplate":"https:\/\/www.kauhavanpuukkopaja.fi\/?s={search_term_string}"},"query-input":{"@type":"PropertyValueSpecification","valueRequired":true,"valueName":"search_term_string"}}],"inLanguage":"en-US"}]}},"_links":{"self":[{"href":"https:\/\/www.kauhavanpuukkopaja.fi\/en\/wp-json\/wp\/v2\/pages\/509","targetHints":{"allow":["GET"]}}],"collection":[{"href":"https:\/\/www.kauhavanpuukkopaja.fi\/en\/wp-json\/wp\/v2\/pages"}],"about":[{"href":"https:\/\/www.kauhavanpuukkopaja.fi\/en\/wp-json\/wp\/v2\/types\/page"}],"author":[{"embeddable":true,"href":"https:\/\/www.kauhavanpuukkopaja.fi\/en\/wp-json\/wp\/v2\/users\/1"}],"replies":[{"embeddable":true,"href":"https:\/\/www.kauhavanpuukkopaja.fi\/en\/wp-json\/wp\/v2\/comments?post=509"}],"version-history":[{"count":11,"href":"https:\/\/www.kauhavanpuukkopaja.fi\/en\/wp-json\/wp\/v2\/pages\/509\/revisions"}],"predecessor-version":[{"id":993,"href":"https:\/\/www.kauhavanpuukkopaja.fi\/en\/wp-json\/wp\/v2\/pages\/509\/revisions\/993"}],"up":[{"embeddable":true,"href":"https:\/\/www.kauhavanpuukkopaja.fi\/en\/wp-json\/wp\/v2\/pages\/497"}],"wp:attachment":[{"href":"https:\/\/www.kauhavanpuukkopaja.fi\/en\/wp-json\/wp\/v2\/media?parent=509"}],"curies":[{"name":"wp","href":"https:\/\/api.w.org\/{rel}","templated":true}]}}