{"id":507,"date":"2019-06-01T17:13:10","date_gmt":"2019-06-01T15:13:10","guid":{"rendered":"https:\/\/www.kauhavanpuukkopaja.my.ee\/?page_id=507"},"modified":"2020-05-21T13:26:19","modified_gmt":"2020-05-21T11:26:19","slug":"koristepuukot","status":"publish","type":"page","link":"https:\/\/www.kauhavanpuukkopaja.fi\/en\/mallisto\/koristepuukot\/","title":{"rendered":"Decoration knives"},"content":{"rendered":"<table class=\"wp-block-table has-fixed-layout is-style-regular\">\r\n<tbody>\r\n<tr>\r\n<td>\r\n<p>Handle: <br \/>curly birch, shaped <br \/>light, stained brown or red and black<\/p>\r\n<p>Blade:<br \/>62 mm, carbon steel<\/p>\r\n<p>Sheath: light, brown or black<\/p>\r\n<p><strong>Product number: 501<\/strong><\/p>\r\n<\/td>\r\n<td><a  href=\"https:\/\/www.kauhavanpuukkopaja.my.ee\/wp-content\/uploads\/2019\/06\/M-koriste-501.jpg\" data-rel=\"lightbox-gallery-0\" data-rl_title=\"\" data-rl_caption=\"\" title=\"\"><img loading=\"lazy\" decoding=\"async\" class=\"size-medium wp-image-712 alignleft\" src=\"https:\/\/www.kauhavanpuukkopaja.my.ee\/wp-content\/uploads\/2019\/06\/M-koriste-501-300x225.jpg\" alt=\"\" width=\"300\" height=\"225\" srcset=\"https:\/\/www.kauhavanpuukkopaja.fi\/wp-content\/uploads\/2019\/06\/M-koriste-501-300x225.jpg 300w, https:\/\/www.kauhavanpuukkopaja.fi\/wp-content\/uploads\/2019\/06\/M-koriste-501-768x576.jpg 768w, https:\/\/www.kauhavanpuukkopaja.fi\/wp-content\/uploads\/2019\/06\/M-koriste-501-600x450.jpg 600w, https:\/\/www.kauhavanpuukkopaja.fi\/wp-content\/uploads\/2019\/06\/M-koriste-501.jpg 1000w\" sizes=\"auto, (max-width: 300px) 100vw, 300px\" \/><\/a><\/td>\r\n<\/tr>\r\n<tr>\r\n<td>\r\n<p>Handle:<br \/>curly birch, shaped <br \/>light, stained brown or red and black<\/p>\r\n<p>Blade:<br \/>80 mm, carbon steel<\/p>\r\n<p>Sheath: light, brown or black<\/p>\r\n<p><strong>Product number: 502<\/strong><\/p>\r\n<\/td>\r\n<td><a  href=\"https:\/\/www.kauhavanpuukkopaja.my.ee\/wp-content\/uploads\/2019\/06\/M-koriste-502.jpg\" data-rel=\"lightbox-gallery-0\" data-rl_title=\"\" data-rl_caption=\"\" title=\"\"><img loading=\"lazy\" decoding=\"async\" class=\"size-medium wp-image-713 alignleft\" src=\"https:\/\/www.kauhavanpuukkopaja.my.ee\/wp-content\/uploads\/2019\/06\/M-koriste-502-300x225.jpg\" alt=\"\" width=\"300\" height=\"225\" srcset=\"https:\/\/www.kauhavanpuukkopaja.fi\/wp-content\/uploads\/2019\/06\/M-koriste-502-300x225.jpg 300w, https:\/\/www.kauhavanpuukkopaja.fi\/wp-content\/uploads\/2019\/06\/M-koriste-502-768x576.jpg 768w, https:\/\/www.kauhavanpuukkopaja.fi\/wp-content\/uploads\/2019\/06\/M-koriste-502-600x450.jpg 600w, https:\/\/www.kauhavanpuukkopaja.fi\/wp-content\/uploads\/2019\/06\/M-koriste-502.jpg 1000w\" sizes=\"auto, (max-width: 300px) 100vw, 300px\" \/><\/a><\/td>\r\n<\/tr>\r\n<tr>\r\n<td>\r\n<p>Handle:<br \/>curly birch, shaped <br \/>light, stained brown or red and black<\/p>\r\n<p>Blade:<br \/>95 mm, carbon steel<\/p>\r\n<p>Sheath: light, brown or black<\/p>\r\n<p><strong>Product number: 503<\/strong><\/p>\r\n<\/td>\r\n<td><a  href=\"https:\/\/www.kauhavanpuukkopaja.my.ee\/wp-content\/uploads\/2019\/06\/M-koriste-503.jpg\" data-rel=\"lightbox-gallery-0\" data-rl_title=\"\" data-rl_caption=\"\" title=\"\"><img loading=\"lazy\" decoding=\"async\" class=\"size-medium wp-image-714 alignleft\" src=\"https:\/\/www.kauhavanpuukkopaja.my.ee\/wp-content\/uploads\/2019\/06\/M-koriste-503-300x225.jpg\" alt=\"\" width=\"300\" height=\"225\" srcset=\"https:\/\/www.kauhavanpuukkopaja.fi\/wp-content\/uploads\/2019\/06\/M-koriste-503-300x225.jpg 300w, https:\/\/www.kauhavanpuukkopaja.fi\/wp-content\/uploads\/2019\/06\/M-koriste-503-768x576.jpg 768w, https:\/\/www.kauhavanpuukkopaja.fi\/wp-content\/uploads\/2019\/06\/M-koriste-503-600x450.jpg 600w, https:\/\/www.kauhavanpuukkopaja.fi\/wp-content\/uploads\/2019\/06\/M-koriste-503.jpg 1000w\" sizes=\"auto, (max-width: 300px) 100vw, 300px\" \/><\/a><\/td>\r\n<\/tr>\r\n<tr>\r\n<td>\r\n<p>Handle:<br \/>curly birch, shaped <br \/>light, stained brown or red and black<\/p>\r\n<p>Blade:<br \/>95 mm, carbon steel, forged with a pattern<\/p>\r\n<p>Sheath: light, brown or black<\/p>\r\n<p><strong>Product number: 504<\/strong><\/p>\r\n<\/td>\r\n<td><a  href=\"https:\/\/www.kauhavanpuukkopaja.my.ee\/wp-content\/uploads\/2019\/06\/M-koriste-504-1.jpg\" data-rel=\"lightbox-gallery-0\" data-rl_title=\"\" data-rl_caption=\"\" title=\"\"><img loading=\"lazy\" decoding=\"async\" class=\"size-medium wp-image-717 alignleft\" src=\"https:\/\/www.kauhavanpuukkopaja.my.ee\/wp-content\/uploads\/2019\/06\/M-koriste-504-1-300x225.jpg\" alt=\"\" width=\"300\" height=\"225\" srcset=\"https:\/\/www.kauhavanpuukkopaja.fi\/wp-content\/uploads\/2019\/06\/M-koriste-504-1-300x225.jpg 300w, https:\/\/www.kauhavanpuukkopaja.fi\/wp-content\/uploads\/2019\/06\/M-koriste-504-1-768x576.jpg 768w, https:\/\/www.kauhavanpuukkopaja.fi\/wp-content\/uploads\/2019\/06\/M-koriste-504-1-600x450.jpg 600w, https:\/\/www.kauhavanpuukkopaja.fi\/wp-content\/uploads\/2019\/06\/M-koriste-504-1.jpg 1000w\" sizes=\"auto, (max-width: 300px) 100vw, 300px\" \/><\/a><\/td>\r\n<\/tr>\r\n<\/tbody>\r\n<\/table>\r\n\r\n\r\n\r\n<p>&nbsp;<\/p>","protected":false},"excerpt":{"rendered":"<p>Puukon p\u00e4\u00e4: visakoivua, muotoiltu vaalea, ruskeaksi tai punamustaksi petsattu Ter\u00e4:62 mm, hiiliter\u00e4s Tuppi: vaalea, ruskea tai musta Tuotenumero: 501 Puukon p\u00e4\u00e4:visakoivua, muotoiltu vaalea, ruskea tai punamustaksi petsattu Ter\u00e4:80 mm, hiiliter\u00e4s Tuppi: vaalea, ruskea tai musta Tuotenumero: 502 Puukon p\u00e4\u00e4:visakoivua, muotoiltu vaalea, ruskea tai punamustaksi petsattu Ter\u00e4:95 mm, hiiliter\u00e4s Tuppi: vaalea,ruskea tai musta Tuotenumero: 503 Puukon [&hellip;]<\/p>\n","protected":false},"author":1,"featured_media":0,"parent":497,"menu_order":3,"comment_status":"closed","ping_status":"closed","template":"template-fullwidth.php","meta":{"footnotes":""},"class_list":["post-507","page","type-page","status-publish","hentry"],"yoast_head":"<!-- This site is optimized with the Yoast SEO plugin v27.4 - https:\/\/yoast.com\/product\/yoast-seo-wordpress\/ -->\n<title>Koristepuukot - Kauhavan Puukkopaja<\/title>\n<meta name=\"robots\" content=\"index, follow, max-snippet:-1, max-image-preview:large, max-video-preview:-1\" \/>\n<link rel=\"canonical\" href=\"https:\/\/www.kauhavanpuukkopaja.fi\/en\/mallisto\/koristepuukot\/\" \/>\n<meta property=\"og:locale\" content=\"en_US\" \/>\n<meta property=\"og:type\" content=\"article\" \/>\n<meta property=\"og:title\" content=\"Koristepuukot - Kauhavan Puukkopaja\" \/>\n<meta property=\"og:description\" content=\"Puukon p\u00e4\u00e4: visakoivua, muotoiltu vaalea, ruskeaksi tai punamustaksi petsattu Ter\u00e4:62 mm, hiiliter\u00e4s Tuppi: vaalea, ruskea tai musta Tuotenumero: 501 Puukon p\u00e4\u00e4:visakoivua, muotoiltu vaalea, ruskea tai punamustaksi petsattu Ter\u00e4:80 mm, hiiliter\u00e4s Tuppi: vaalea, ruskea tai musta Tuotenumero: 502 Puukon p\u00e4\u00e4:visakoivua, muotoiltu vaalea, ruskea tai punamustaksi petsattu Ter\u00e4:95 mm, hiiliter\u00e4s Tuppi: vaalea,ruskea tai musta Tuotenumero: 503 Puukon [&hellip;]\" \/>\n<meta property=\"og:url\" content=\"https:\/\/www.kauhavanpuukkopaja.fi\/en\/mallisto\/koristepuukot\/\" \/>\n<meta property=\"og:site_name\" content=\"Kauhavan Puukkopaja\" \/>\n<meta property=\"article:modified_time\" content=\"2020-05-21T11:26:19+00:00\" \/>\n<meta property=\"og:image\" content=\"https:\/\/www.kauhavanpuukkopaja.my.ee\/wp-content\/uploads\/2019\/06\/M-koriste-501-300x225.jpg\" \/>\n<meta name=\"twitter:card\" content=\"summary_large_image\" \/>\n<script type=\"application\/ld+json\" class=\"yoast-schema-graph\">{\"@context\":\"https:\\\/\\\/schema.org\",\"@graph\":[{\"@type\":\"WebPage\",\"@id\":\"https:\\\/\\\/www.kauhavanpuukkopaja.fi\\\/en\\\/mallisto\\\/koristepuukot\\\/\",\"url\":\"https:\\\/\\\/www.kauhavanpuukkopaja.fi\\\/en\\\/mallisto\\\/koristepuukot\\\/\",\"name\":\"Koristepuukot - Kauhavan Puukkopaja\",\"isPartOf\":{\"@id\":\"https:\\\/\\\/www.kauhavanpuukkopaja.fi\\\/#website\"},\"primaryImageOfPage\":{\"@id\":\"https:\\\/\\\/www.kauhavanpuukkopaja.fi\\\/en\\\/mallisto\\\/koristepuukot\\\/#primaryimage\"},\"image\":{\"@id\":\"https:\\\/\\\/www.kauhavanpuukkopaja.fi\\\/en\\\/mallisto\\\/koristepuukot\\\/#primaryimage\"},\"thumbnailUrl\":\"https:\\\/\\\/www.kauhavanpuukkopaja.my.ee\\\/wp-content\\\/uploads\\\/2019\\\/06\\\/M-koriste-501-300x225.jpg\",\"datePublished\":\"2019-06-01T15:13:10+00:00\",\"dateModified\":\"2020-05-21T11:26:19+00:00\",\"breadcrumb\":{\"@id\":\"https:\\\/\\\/www.kauhavanpuukkopaja.fi\\\/en\\\/mallisto\\\/koristepuukot\\\/#breadcrumb\"},\"inLanguage\":\"en-US\",\"potentialAction\":[{\"@type\":\"ReadAction\",\"target\":[\"https:\\\/\\\/www.kauhavanpuukkopaja.fi\\\/en\\\/mallisto\\\/koristepuukot\\\/\"]}]},{\"@type\":\"ImageObject\",\"inLanguage\":\"en-US\",\"@id\":\"https:\\\/\\\/www.kauhavanpuukkopaja.fi\\\/en\\\/mallisto\\\/koristepuukot\\\/#primaryimage\",\"url\":\"https:\\\/\\\/www.kauhavanpuukkopaja.my.ee\\\/wp-content\\\/uploads\\\/2019\\\/06\\\/M-koriste-501-300x225.jpg\",\"contentUrl\":\"https:\\\/\\\/www.kauhavanpuukkopaja.my.ee\\\/wp-content\\\/uploads\\\/2019\\\/06\\\/M-koriste-501-300x225.jpg\"},{\"@type\":\"BreadcrumbList\",\"@id\":\"https:\\\/\\\/www.kauhavanpuukkopaja.fi\\\/en\\\/mallisto\\\/koristepuukot\\\/#breadcrumb\",\"itemListElement\":[{\"@type\":\"ListItem\",\"position\":1,\"name\":\"Home\",\"item\":\"https:\\\/\\\/www.kauhavanpuukkopaja.fi\\\/\"},{\"@type\":\"ListItem\",\"position\":2,\"name\":\"Koristepuukot\"}]},{\"@type\":\"WebSite\",\"@id\":\"https:\\\/\\\/www.kauhavanpuukkopaja.fi\\\/#website\",\"url\":\"https:\\\/\\\/www.kauhavanpuukkopaja.fi\\\/\",\"name\":\"Kauhavan Puukkopaja\",\"description\":\"Laadukkaita, suomalaisia puukkoja Kauhavalta.\",\"potentialAction\":[{\"@type\":\"SearchAction\",\"target\":{\"@type\":\"EntryPoint\",\"urlTemplate\":\"https:\\\/\\\/www.kauhavanpuukkopaja.fi\\\/?s={search_term_string}\"},\"query-input\":{\"@type\":\"PropertyValueSpecification\",\"valueRequired\":true,\"valueName\":\"search_term_string\"}}],\"inLanguage\":\"en-US\"}]}<\/script>\n<!-- \/ Yoast SEO plugin. -->","yoast_head_json":{"title":"Koristepuukot - Kauhavan Puukkopaja","robots":{"index":"index","follow":"follow","max-snippet":"max-snippet:-1","max-image-preview":"max-image-preview:large","max-video-preview":"max-video-preview:-1"},"canonical":"https:\/\/www.kauhavanpuukkopaja.fi\/en\/mallisto\/koristepuukot\/","og_locale":"en_US","og_type":"article","og_title":"Koristepuukot - Kauhavan Puukkopaja","og_description":"Puukon p\u00e4\u00e4: visakoivua, muotoiltu vaalea, ruskeaksi tai punamustaksi petsattu Ter\u00e4:62 mm, hiiliter\u00e4s Tuppi: vaalea, ruskea tai musta Tuotenumero: 501 Puukon p\u00e4\u00e4:visakoivua, muotoiltu vaalea, ruskea tai punamustaksi petsattu Ter\u00e4:80 mm, hiiliter\u00e4s Tuppi: vaalea, ruskea tai musta Tuotenumero: 502 Puukon p\u00e4\u00e4:visakoivua, muotoiltu vaalea, ruskea tai punamustaksi petsattu Ter\u00e4:95 mm, hiiliter\u00e4s Tuppi: vaalea,ruskea tai musta Tuotenumero: 503 Puukon [&hellip;]","og_url":"https:\/\/www.kauhavanpuukkopaja.fi\/en\/mallisto\/koristepuukot\/","og_site_name":"Kauhavan Puukkopaja","article_modified_time":"2020-05-21T11:26:19+00:00","og_image":[{"url":"https:\/\/www.kauhavanpuukkopaja.my.ee\/wp-content\/uploads\/2019\/06\/M-koriste-501-300x225.jpg","type":"","width":"","height":""}],"twitter_card":"summary_large_image","schema":{"@context":"https:\/\/schema.org","@graph":[{"@type":"WebPage","@id":"https:\/\/www.kauhavanpuukkopaja.fi\/en\/mallisto\/koristepuukot\/","url":"https:\/\/www.kauhavanpuukkopaja.fi\/en\/mallisto\/koristepuukot\/","name":"Koristepuukot - Kauhavan Puukkopaja","isPartOf":{"@id":"https:\/\/www.kauhavanpuukkopaja.fi\/#website"},"primaryImageOfPage":{"@id":"https:\/\/www.kauhavanpuukkopaja.fi\/en\/mallisto\/koristepuukot\/#primaryimage"},"image":{"@id":"https:\/\/www.kauhavanpuukkopaja.fi\/en\/mallisto\/koristepuukot\/#primaryimage"},"thumbnailUrl":"https:\/\/www.kauhavanpuukkopaja.my.ee\/wp-content\/uploads\/2019\/06\/M-koriste-501-300x225.jpg","datePublished":"2019-06-01T15:13:10+00:00","dateModified":"2020-05-21T11:26:19+00:00","breadcrumb":{"@id":"https:\/\/www.kauhavanpuukkopaja.fi\/en\/mallisto\/koristepuukot\/#breadcrumb"},"inLanguage":"en-US","potentialAction":[{"@type":"ReadAction","target":["https:\/\/www.kauhavanpuukkopaja.fi\/en\/mallisto\/koristepuukot\/"]}]},{"@type":"ImageObject","inLanguage":"en-US","@id":"https:\/\/www.kauhavanpuukkopaja.fi\/en\/mallisto\/koristepuukot\/#primaryimage","url":"https:\/\/www.kauhavanpuukkopaja.my.ee\/wp-content\/uploads\/2019\/06\/M-koriste-501-300x225.jpg","contentUrl":"https:\/\/www.kauhavanpuukkopaja.my.ee\/wp-content\/uploads\/2019\/06\/M-koriste-501-300x225.jpg"},{"@type":"BreadcrumbList","@id":"https:\/\/www.kauhavanpuukkopaja.fi\/en\/mallisto\/koristepuukot\/#breadcrumb","itemListElement":[{"@type":"ListItem","position":1,"name":"Home","item":"https:\/\/www.kauhavanpuukkopaja.fi\/"},{"@type":"ListItem","position":2,"name":"Koristepuukot"}]},{"@type":"WebSite","@id":"https:\/\/www.kauhavanpuukkopaja.fi\/#website","url":"https:\/\/www.kauhavanpuukkopaja.fi\/","name":"Kauhavan Puukkopaja","description":"Laadukkaita, suomalaisia puukkoja Kauhavalta.","potentialAction":[{"@type":"SearchAction","target":{"@type":"EntryPoint","urlTemplate":"https:\/\/www.kauhavanpuukkopaja.fi\/?s={search_term_string}"},"query-input":{"@type":"PropertyValueSpecification","valueRequired":true,"valueName":"search_term_string"}}],"inLanguage":"en-US"}]}},"_links":{"self":[{"href":"https:\/\/www.kauhavanpuukkopaja.fi\/en\/wp-json\/wp\/v2\/pages\/507","targetHints":{"allow":["GET"]}}],"collection":[{"href":"https:\/\/www.kauhavanpuukkopaja.fi\/en\/wp-json\/wp\/v2\/pages"}],"about":[{"href":"https:\/\/www.kauhavanpuukkopaja.fi\/en\/wp-json\/wp\/v2\/types\/page"}],"author":[{"embeddable":true,"href":"https:\/\/www.kauhavanpuukkopaja.fi\/en\/wp-json\/wp\/v2\/users\/1"}],"replies":[{"embeddable":true,"href":"https:\/\/www.kauhavanpuukkopaja.fi\/en\/wp-json\/wp\/v2\/comments?post=507"}],"version-history":[{"count":9,"href":"https:\/\/www.kauhavanpuukkopaja.fi\/en\/wp-json\/wp\/v2\/pages\/507\/revisions"}],"predecessor-version":[{"id":822,"href":"https:\/\/www.kauhavanpuukkopaja.fi\/en\/wp-json\/wp\/v2\/pages\/507\/revisions\/822"}],"up":[{"embeddable":true,"href":"https:\/\/www.kauhavanpuukkopaja.fi\/en\/wp-json\/wp\/v2\/pages\/497"}],"wp:attachment":[{"href":"https:\/\/www.kauhavanpuukkopaja.fi\/en\/wp-json\/wp\/v2\/media?parent=507"}],"curies":[{"name":"wp","href":"https:\/\/api.w.org\/{rel}","templated":true}]}}