{"id":505,"date":"2019-06-01T17:11:11","date_gmt":"2019-06-01T15:11:11","guid":{"rendered":"https:\/\/www.kauhavanpuukkopaja.my.ee\/?page_id=505"},"modified":"2020-05-21T13:26:19","modified_gmt":"2020-05-21T11:26:19","slug":"partiopuukot-ensipuukko","status":"publish","type":"page","link":"https:\/\/www.kauhavanpuukkopaja.fi\/en\/mallisto\/partiopuukot-ensipuukko\/","title":{"rendered":"Scoutknives, first knives"},"content":{"rendered":"<table class=\"wp-block-table has-fixed-layout is-style-regular\">\r\n<tbody>\r\n<tr>\r\n<td>\r\n<p>Scout knife with finger protector<br \/>curly birch, light or stained brown<\/p>\r\n<p>Blade:<br \/>62 mm, carbon steel<\/p>\r\n<p>Sheath:<br \/>light or brown<br \/>Sheath pattern options: campfire, squirrel, fish, rabbit\u00a0<\/p>\r\n<p><strong>Product number: 302<\/strong><\/p>\r\n<\/td>\r\n<td><a  href=\"https:\/\/www.kauhavanpuukkopaja.my.ee\/wp-content\/uploads\/2019\/06\/M-partio-302.jpg\" data-rel=\"lightbox-gallery-0\" data-rl_title=\"\" data-rl_caption=\"\" title=\"\"><img loading=\"lazy\" decoding=\"async\" class=\"size-medium wp-image-710 alignleft\" src=\"https:\/\/www.kauhavanpuukkopaja.my.ee\/wp-content\/uploads\/2019\/06\/M-partio-302-300x225.jpg\" alt=\"\" width=\"300\" height=\"225\" srcset=\"https:\/\/www.kauhavanpuukkopaja.fi\/wp-content\/uploads\/2019\/06\/M-partio-302-300x225.jpg 300w, https:\/\/www.kauhavanpuukkopaja.fi\/wp-content\/uploads\/2019\/06\/M-partio-302-768x576.jpg 768w, https:\/\/www.kauhavanpuukkopaja.fi\/wp-content\/uploads\/2019\/06\/M-partio-302-600x450.jpg 600w, https:\/\/www.kauhavanpuukkopaja.fi\/wp-content\/uploads\/2019\/06\/M-partio-302.jpg 1000w\" sizes=\"auto, (max-width: 300px) 100vw, 300px\" \/><\/a><\/td>\r\n<\/tr>\r\n<tr>\r\n<td>\r\n<p>Scout knife with finger protector<br \/>curly birch, light or stained brown<\/p>\r\n<p>Blade:<br \/>85 mm, carbon steel<\/p>\r\n<p>Sheath:<br \/>light or brown<br \/>Sheath pattern options: campfire and fish<\/p>\r\n<p><strong>Product number: 305<\/strong><\/p>\r\n<\/td>\r\n<td><a  href=\"https:\/\/www.kauhavanpuukkopaja.my.ee\/wp-content\/uploads\/2019\/06\/M-partio-305.jpg\" data-rel=\"lightbox-gallery-0\" data-rl_title=\"\" data-rl_caption=\"\" title=\"\"><img loading=\"lazy\" decoding=\"async\" class=\"size-medium wp-image-708 alignleft\" src=\"https:\/\/www.kauhavanpuukkopaja.my.ee\/wp-content\/uploads\/2019\/06\/M-partio-305-300x225.jpg\" alt=\"\" width=\"300\" height=\"225\" srcset=\"https:\/\/www.kauhavanpuukkopaja.fi\/wp-content\/uploads\/2019\/06\/M-partio-305-300x225.jpg 300w, https:\/\/www.kauhavanpuukkopaja.fi\/wp-content\/uploads\/2019\/06\/M-partio-305-768x576.jpg 768w, https:\/\/www.kauhavanpuukkopaja.fi\/wp-content\/uploads\/2019\/06\/M-partio-305-600x450.jpg 600w, https:\/\/www.kauhavanpuukkopaja.fi\/wp-content\/uploads\/2019\/06\/M-partio-305.jpg 1000w\" sizes=\"auto, (max-width: 300px) 100vw, 300px\" \/><\/a><\/td>\r\n<\/tr>\r\n<tr>\r\n<td>\r\n<p>Ensipuukko sormisuojalla<br \/>curly birch, light or stained brown<\/p>\r\n<p>Blade:<br \/>59 mm, blunt tipped, carbon steel<\/p>\r\n<p>Sheath:<br \/>light or brown<\/p>\r\n<p>Sheath pattern options: campfire, squirrel, fish, rabbit<\/p>\r\n<p><strong>Product number: 402<\/strong><\/p>\r\n<\/td>\r\n<td><a  href=\"https:\/\/www.kauhavanpuukkopaja.my.ee\/wp-content\/uploads\/2019\/06\/M-ensip-402.jpg\" data-rel=\"lightbox-gallery-0\" data-rl_title=\"\" data-rl_caption=\"\" title=\"\"><img loading=\"lazy\" decoding=\"async\" class=\"size-medium wp-image-709 alignleft\" src=\"https:\/\/www.kauhavanpuukkopaja.my.ee\/wp-content\/uploads\/2019\/06\/M-ensip-402-300x225.jpg\" alt=\"\" width=\"300\" height=\"225\" srcset=\"https:\/\/www.kauhavanpuukkopaja.fi\/wp-content\/uploads\/2019\/06\/M-ensip-402-300x225.jpg 300w, https:\/\/www.kauhavanpuukkopaja.fi\/wp-content\/uploads\/2019\/06\/M-ensip-402-768x576.jpg 768w, https:\/\/www.kauhavanpuukkopaja.fi\/wp-content\/uploads\/2019\/06\/M-ensip-402-600x450.jpg 600w, https:\/\/www.kauhavanpuukkopaja.fi\/wp-content\/uploads\/2019\/06\/M-ensip-402.jpg 1000w\" sizes=\"auto, (max-width: 300px) 100vw, 300px\" \/><\/a><\/td>\r\n<\/tr>\r\n<\/tbody>\r\n<\/table>\r\n<p>&nbsp;<\/p>\r\n\r\n\r\n\r\n<p>&nbsp;<\/p>","protected":false},"excerpt":{"rendered":"<p>Partiopuukko sormisuojallavisakoivua, vaalea tai ruskeaksi petsattu Ter\u00e4:62 mm, hiiliter\u00e4s Tuppi:vaalea tai ruskeaTupen kuvavaihtoehdot: nuotio, orava,\u00a0 kala, pupu\u00a0 Tuotenumero: 302 Partiopuukko sormisuojallavisakoivua, vaalea tai ruskeaksi petsattu Ter\u00e4:85 mm, hiiliter\u00e4s Tuppi:vaalea tai ruskeaTupen kuvavaihtoehdot: nuotio ja kala Tuotenumero: 305 Ensipuukko sormisuojallavisakoivua, vaalea tai ruskeaksi petsattu Ter\u00e4:59 mm, tylpp\u00e4k\u00e4rkinen, hiiliter\u00e4s Tuppi:vaalea tai ruskea Tupen kuvavaihtoehdot: nuotio, orava, pupu, [&hellip;]<\/p>\n","protected":false},"author":1,"featured_media":0,"parent":497,"menu_order":2,"comment_status":"closed","ping_status":"closed","template":"template-fullwidth.php","meta":{"footnotes":""},"class_list":["post-505","page","type-page","status-publish","hentry"],"yoast_head":"<!-- This site is optimized with the Yoast SEO plugin v27.4 - https:\/\/yoast.com\/product\/yoast-seo-wordpress\/ -->\n<title>Partiopuukot, ensipuukko - Kauhavan Puukkopaja<\/title>\n<meta name=\"robots\" content=\"index, follow, max-snippet:-1, max-image-preview:large, max-video-preview:-1\" \/>\n<link rel=\"canonical\" href=\"https:\/\/www.kauhavanpuukkopaja.fi\/en\/mallisto\/partiopuukot-ensipuukko\/\" \/>\n<meta property=\"og:locale\" content=\"en_US\" \/>\n<meta property=\"og:type\" content=\"article\" \/>\n<meta property=\"og:title\" content=\"Partiopuukot, ensipuukko - Kauhavan Puukkopaja\" \/>\n<meta property=\"og:description\" content=\"Partiopuukko sormisuojallavisakoivua, vaalea tai ruskeaksi petsattu Ter\u00e4:62 mm, hiiliter\u00e4s Tuppi:vaalea tai ruskeaTupen kuvavaihtoehdot: nuotio, orava,\u00a0 kala, pupu\u00a0 Tuotenumero: 302 Partiopuukko sormisuojallavisakoivua, vaalea tai ruskeaksi petsattu Ter\u00e4:85 mm, hiiliter\u00e4s Tuppi:vaalea tai ruskeaTupen kuvavaihtoehdot: nuotio ja kala Tuotenumero: 305 Ensipuukko sormisuojallavisakoivua, vaalea tai ruskeaksi petsattu Ter\u00e4:59 mm, tylpp\u00e4k\u00e4rkinen, hiiliter\u00e4s Tuppi:vaalea tai ruskea Tupen kuvavaihtoehdot: nuotio, orava, pupu, [&hellip;]\" \/>\n<meta property=\"og:url\" content=\"https:\/\/www.kauhavanpuukkopaja.fi\/en\/mallisto\/partiopuukot-ensipuukko\/\" \/>\n<meta property=\"og:site_name\" content=\"Kauhavan Puukkopaja\" \/>\n<meta property=\"article:modified_time\" content=\"2020-05-21T11:26:19+00:00\" \/>\n<meta property=\"og:image\" content=\"https:\/\/www.kauhavanpuukkopaja.my.ee\/wp-content\/uploads\/2019\/06\/M-partio-302-300x225.jpg\" \/>\n<meta name=\"twitter:card\" content=\"summary_large_image\" \/>\n<script type=\"application\/ld+json\" class=\"yoast-schema-graph\">{\"@context\":\"https:\\\/\\\/schema.org\",\"@graph\":[{\"@type\":\"WebPage\",\"@id\":\"https:\\\/\\\/www.kauhavanpuukkopaja.fi\\\/en\\\/mallisto\\\/partiopuukot-ensipuukko\\\/\",\"url\":\"https:\\\/\\\/www.kauhavanpuukkopaja.fi\\\/en\\\/mallisto\\\/partiopuukot-ensipuukko\\\/\",\"name\":\"Partiopuukot, ensipuukko - Kauhavan Puukkopaja\",\"isPartOf\":{\"@id\":\"https:\\\/\\\/www.kauhavanpuukkopaja.fi\\\/#website\"},\"primaryImageOfPage\":{\"@id\":\"https:\\\/\\\/www.kauhavanpuukkopaja.fi\\\/en\\\/mallisto\\\/partiopuukot-ensipuukko\\\/#primaryimage\"},\"image\":{\"@id\":\"https:\\\/\\\/www.kauhavanpuukkopaja.fi\\\/en\\\/mallisto\\\/partiopuukot-ensipuukko\\\/#primaryimage\"},\"thumbnailUrl\":\"https:\\\/\\\/www.kauhavanpuukkopaja.my.ee\\\/wp-content\\\/uploads\\\/2019\\\/06\\\/M-partio-302-300x225.jpg\",\"datePublished\":\"2019-06-01T15:11:11+00:00\",\"dateModified\":\"2020-05-21T11:26:19+00:00\",\"breadcrumb\":{\"@id\":\"https:\\\/\\\/www.kauhavanpuukkopaja.fi\\\/en\\\/mallisto\\\/partiopuukot-ensipuukko\\\/#breadcrumb\"},\"inLanguage\":\"en-US\",\"potentialAction\":[{\"@type\":\"ReadAction\",\"target\":[\"https:\\\/\\\/www.kauhavanpuukkopaja.fi\\\/en\\\/mallisto\\\/partiopuukot-ensipuukko\\\/\"]}]},{\"@type\":\"ImageObject\",\"inLanguage\":\"en-US\",\"@id\":\"https:\\\/\\\/www.kauhavanpuukkopaja.fi\\\/en\\\/mallisto\\\/partiopuukot-ensipuukko\\\/#primaryimage\",\"url\":\"https:\\\/\\\/www.kauhavanpuukkopaja.my.ee\\\/wp-content\\\/uploads\\\/2019\\\/06\\\/M-partio-302-300x225.jpg\",\"contentUrl\":\"https:\\\/\\\/www.kauhavanpuukkopaja.my.ee\\\/wp-content\\\/uploads\\\/2019\\\/06\\\/M-partio-302-300x225.jpg\"},{\"@type\":\"BreadcrumbList\",\"@id\":\"https:\\\/\\\/www.kauhavanpuukkopaja.fi\\\/en\\\/mallisto\\\/partiopuukot-ensipuukko\\\/#breadcrumb\",\"itemListElement\":[{\"@type\":\"ListItem\",\"position\":1,\"name\":\"Home\",\"item\":\"https:\\\/\\\/www.kauhavanpuukkopaja.fi\\\/\"},{\"@type\":\"ListItem\",\"position\":2,\"name\":\"Partiopuukot, ensipuukko\"}]},{\"@type\":\"WebSite\",\"@id\":\"https:\\\/\\\/www.kauhavanpuukkopaja.fi\\\/#website\",\"url\":\"https:\\\/\\\/www.kauhavanpuukkopaja.fi\\\/\",\"name\":\"Kauhavan Puukkopaja\",\"description\":\"Laadukkaita, suomalaisia puukkoja Kauhavalta.\",\"potentialAction\":[{\"@type\":\"SearchAction\",\"target\":{\"@type\":\"EntryPoint\",\"urlTemplate\":\"https:\\\/\\\/www.kauhavanpuukkopaja.fi\\\/?s={search_term_string}\"},\"query-input\":{\"@type\":\"PropertyValueSpecification\",\"valueRequired\":true,\"valueName\":\"search_term_string\"}}],\"inLanguage\":\"en-US\"}]}<\/script>\n<!-- \/ Yoast SEO plugin. -->","yoast_head_json":{"title":"Partiopuukot, ensipuukko - Kauhavan Puukkopaja","robots":{"index":"index","follow":"follow","max-snippet":"max-snippet:-1","max-image-preview":"max-image-preview:large","max-video-preview":"max-video-preview:-1"},"canonical":"https:\/\/www.kauhavanpuukkopaja.fi\/en\/mallisto\/partiopuukot-ensipuukko\/","og_locale":"en_US","og_type":"article","og_title":"Partiopuukot, ensipuukko - Kauhavan Puukkopaja","og_description":"Partiopuukko sormisuojallavisakoivua, vaalea tai ruskeaksi petsattu Ter\u00e4:62 mm, hiiliter\u00e4s Tuppi:vaalea tai ruskeaTupen kuvavaihtoehdot: nuotio, orava,\u00a0 kala, pupu\u00a0 Tuotenumero: 302 Partiopuukko sormisuojallavisakoivua, vaalea tai ruskeaksi petsattu Ter\u00e4:85 mm, hiiliter\u00e4s Tuppi:vaalea tai ruskeaTupen kuvavaihtoehdot: nuotio ja kala Tuotenumero: 305 Ensipuukko sormisuojallavisakoivua, vaalea tai ruskeaksi petsattu Ter\u00e4:59 mm, tylpp\u00e4k\u00e4rkinen, hiiliter\u00e4s Tuppi:vaalea tai ruskea Tupen kuvavaihtoehdot: nuotio, orava, pupu, [&hellip;]","og_url":"https:\/\/www.kauhavanpuukkopaja.fi\/en\/mallisto\/partiopuukot-ensipuukko\/","og_site_name":"Kauhavan Puukkopaja","article_modified_time":"2020-05-21T11:26:19+00:00","og_image":[{"url":"https:\/\/www.kauhavanpuukkopaja.my.ee\/wp-content\/uploads\/2019\/06\/M-partio-302-300x225.jpg","type":"","width":"","height":""}],"twitter_card":"summary_large_image","schema":{"@context":"https:\/\/schema.org","@graph":[{"@type":"WebPage","@id":"https:\/\/www.kauhavanpuukkopaja.fi\/en\/mallisto\/partiopuukot-ensipuukko\/","url":"https:\/\/www.kauhavanpuukkopaja.fi\/en\/mallisto\/partiopuukot-ensipuukko\/","name":"Partiopuukot, ensipuukko - Kauhavan Puukkopaja","isPartOf":{"@id":"https:\/\/www.kauhavanpuukkopaja.fi\/#website"},"primaryImageOfPage":{"@id":"https:\/\/www.kauhavanpuukkopaja.fi\/en\/mallisto\/partiopuukot-ensipuukko\/#primaryimage"},"image":{"@id":"https:\/\/www.kauhavanpuukkopaja.fi\/en\/mallisto\/partiopuukot-ensipuukko\/#primaryimage"},"thumbnailUrl":"https:\/\/www.kauhavanpuukkopaja.my.ee\/wp-content\/uploads\/2019\/06\/M-partio-302-300x225.jpg","datePublished":"2019-06-01T15:11:11+00:00","dateModified":"2020-05-21T11:26:19+00:00","breadcrumb":{"@id":"https:\/\/www.kauhavanpuukkopaja.fi\/en\/mallisto\/partiopuukot-ensipuukko\/#breadcrumb"},"inLanguage":"en-US","potentialAction":[{"@type":"ReadAction","target":["https:\/\/www.kauhavanpuukkopaja.fi\/en\/mallisto\/partiopuukot-ensipuukko\/"]}]},{"@type":"ImageObject","inLanguage":"en-US","@id":"https:\/\/www.kauhavanpuukkopaja.fi\/en\/mallisto\/partiopuukot-ensipuukko\/#primaryimage","url":"https:\/\/www.kauhavanpuukkopaja.my.ee\/wp-content\/uploads\/2019\/06\/M-partio-302-300x225.jpg","contentUrl":"https:\/\/www.kauhavanpuukkopaja.my.ee\/wp-content\/uploads\/2019\/06\/M-partio-302-300x225.jpg"},{"@type":"BreadcrumbList","@id":"https:\/\/www.kauhavanpuukkopaja.fi\/en\/mallisto\/partiopuukot-ensipuukko\/#breadcrumb","itemListElement":[{"@type":"ListItem","position":1,"name":"Home","item":"https:\/\/www.kauhavanpuukkopaja.fi\/"},{"@type":"ListItem","position":2,"name":"Partiopuukot, ensipuukko"}]},{"@type":"WebSite","@id":"https:\/\/www.kauhavanpuukkopaja.fi\/#website","url":"https:\/\/www.kauhavanpuukkopaja.fi\/","name":"Kauhavan Puukkopaja","description":"Laadukkaita, suomalaisia puukkoja Kauhavalta.","potentialAction":[{"@type":"SearchAction","target":{"@type":"EntryPoint","urlTemplate":"https:\/\/www.kauhavanpuukkopaja.fi\/?s={search_term_string}"},"query-input":{"@type":"PropertyValueSpecification","valueRequired":true,"valueName":"search_term_string"}}],"inLanguage":"en-US"}]}},"_links":{"self":[{"href":"https:\/\/www.kauhavanpuukkopaja.fi\/en\/wp-json\/wp\/v2\/pages\/505","targetHints":{"allow":["GET"]}}],"collection":[{"href":"https:\/\/www.kauhavanpuukkopaja.fi\/en\/wp-json\/wp\/v2\/pages"}],"about":[{"href":"https:\/\/www.kauhavanpuukkopaja.fi\/en\/wp-json\/wp\/v2\/types\/page"}],"author":[{"embeddable":true,"href":"https:\/\/www.kauhavanpuukkopaja.fi\/en\/wp-json\/wp\/v2\/users\/1"}],"replies":[{"embeddable":true,"href":"https:\/\/www.kauhavanpuukkopaja.fi\/en\/wp-json\/wp\/v2\/comments?post=505"}],"version-history":[{"count":11,"href":"https:\/\/www.kauhavanpuukkopaja.fi\/en\/wp-json\/wp\/v2\/pages\/505\/revisions"}],"predecessor-version":[{"id":818,"href":"https:\/\/www.kauhavanpuukkopaja.fi\/en\/wp-json\/wp\/v2\/pages\/505\/revisions\/818"}],"up":[{"embeddable":true,"href":"https:\/\/www.kauhavanpuukkopaja.fi\/en\/wp-json\/wp\/v2\/pages\/497"}],"wp:attachment":[{"href":"https:\/\/www.kauhavanpuukkopaja.fi\/en\/wp-json\/wp\/v2\/media?parent=505"}],"curies":[{"name":"wp","href":"https:\/\/api.w.org\/{rel}","templated":true}]}}