{"id":501,"date":"2019-06-01T17:09:28","date_gmt":"2019-06-01T15:09:28","guid":{"rendered":"https:\/\/www.kauhavanpuukkopaja.my.ee\/?page_id=501"},"modified":"2020-09-12T08:53:24","modified_gmt":"2020-09-12T06:53:24","slug":"yleispuukot","status":"publish","type":"page","link":"https:\/\/www.kauhavanpuukkopaja.fi\/en\/mallisto\/yleispuukot\/","title":{"rendered":"General knives"},"content":{"rendered":"<figure class=\"wp-block-table has-fixed-layout is-style-regular\"><table><tbody><tr><td>\n<p class=\"translation-block\">Handle:<br>curly birch, light or stained brown<\/p>\n<p>Blade 60 mm, carbon steel<\/p>\n<p>Sheath light or brown (no liner inside)<\/p>\n<p><strong>Product number: 102<\/strong><\/p>\n<\/td><td><a  href=\"https:\/\/www.kauhavanpuukkopaja.my.ee\/wp-content\/uploads\/2019\/06\/M-yleis-102.jpg\" data-rel=\"lightbox-gallery-0\" data-rl_title=\"\" data-rl_caption=\"\" title=\"\"><img loading=\"lazy\" decoding=\"async\" class=\"size-medium wp-image-642 alignleft\" src=\"https:\/\/www.kauhavanpuukkopaja.my.ee\/wp-content\/uploads\/2019\/06\/M-yleis-102-300x225.jpg\" alt=\"M yleis 102\" width=\"300\" height=\"225\" srcset=\"https:\/\/www.kauhavanpuukkopaja.fi\/wp-content\/uploads\/2019\/06\/M-yleis-102-300x225.jpg 300w, https:\/\/www.kauhavanpuukkopaja.fi\/wp-content\/uploads\/2019\/06\/M-yleis-102-768x576.jpg 768w, https:\/\/www.kauhavanpuukkopaja.fi\/wp-content\/uploads\/2019\/06\/M-yleis-102-600x450.jpg 600w, https:\/\/www.kauhavanpuukkopaja.fi\/wp-content\/uploads\/2019\/06\/M-yleis-102.jpg 1000w\" sizes=\"auto, (max-width: 300px) 100vw, 300px\" \/><\/a><\/td><\/tr><tr><td>Handle:<br>curly birch, light or stained brown<br><br>Blade 85 mm, carbon steel<br><br>Sheath light or brown<br><br><strong>Product number: 104<\/strong><\/td><td><a  href=\"https:\/\/www.kauhavanpuukkopaja.my.ee\/wp-content\/uploads\/2019\/06\/M-yleis-106.jpg\" data-rel=\"lightbox-gallery-0\" data-rl_title=\"\" data-rl_caption=\"\" title=\"\"><img loading=\"lazy\" decoding=\"async\" class=\"size-medium wp-image-644 alignleft\" src=\"https:\/\/www.kauhavanpuukkopaja.my.ee\/wp-content\/uploads\/2019\/06\/M-yleis-106-300x225.jpg\" alt=\"\" width=\"300\" height=\"225\" srcset=\"https:\/\/www.kauhavanpuukkopaja.fi\/wp-content\/uploads\/2019\/06\/M-yleis-106-300x225.jpg 300w, https:\/\/www.kauhavanpuukkopaja.fi\/wp-content\/uploads\/2019\/06\/M-yleis-106-768x576.jpg 768w, https:\/\/www.kauhavanpuukkopaja.fi\/wp-content\/uploads\/2019\/06\/M-yleis-106-600x450.jpg 600w, https:\/\/www.kauhavanpuukkopaja.fi\/wp-content\/uploads\/2019\/06\/M-yleis-106.jpg 1000w\" sizes=\"auto, (max-width: 300px) 100vw, 300px\" \/><\/a><\/td><\/tr><tr><td>Handle:<br>curly birch, light or stained brown<br><br>Blade 95 mm, carbon steel<br><br>Sheath light or brown<br><br><strong>Product number: 106<\/strong><\/td><td><a  href=\"https:\/\/www.kauhavanpuukkopaja.my.ee\/wp-content\/uploads\/2019\/06\/M-yleis-104.jpg\" data-rel=\"lightbox-gallery-0\" data-rl_title=\"\" data-rl_caption=\"\" title=\"\"><img loading=\"lazy\" decoding=\"async\" class=\"size-medium wp-image-643 alignleft\" src=\"https:\/\/www.kauhavanpuukkopaja.my.ee\/wp-content\/uploads\/2019\/06\/M-yleis-104-300x225.jpg\" alt=\"M yleis 106\" width=\"300\" height=\"225\" srcset=\"https:\/\/www.kauhavanpuukkopaja.fi\/wp-content\/uploads\/2019\/06\/M-yleis-104-300x225.jpg 300w, https:\/\/www.kauhavanpuukkopaja.fi\/wp-content\/uploads\/2019\/06\/M-yleis-104-768x576.jpg 768w, https:\/\/www.kauhavanpuukkopaja.fi\/wp-content\/uploads\/2019\/06\/M-yleis-104-600x450.jpg 600w, https:\/\/www.kauhavanpuukkopaja.fi\/wp-content\/uploads\/2019\/06\/M-yleis-104.jpg 1000w\" sizes=\"auto, (max-width: 300px) 100vw, 300px\" \/><\/a><\/td><\/tr><tr><td>Handle:<br>curly birch, light or stained brown<br><br>Blade 105 mm, carbon steel<br><br>Sheath light or brown<br><br><strong>Product number: 108<\/strong><\/td><td><a  href=\"https:\/\/www.kauhavanpuukkopaja.my.ee\/wp-content\/uploads\/2019\/06\/M-yleis-108.jpg\" data-rel=\"lightbox-gallery-0\" data-rl_title=\"\" data-rl_caption=\"\" title=\"\"><img loading=\"lazy\" decoding=\"async\" class=\"size-medium wp-image-645 alignleft\" src=\"https:\/\/www.kauhavanpuukkopaja.my.ee\/wp-content\/uploads\/2019\/06\/M-yleis-108-300x225.jpg\" alt=\"\" width=\"300\" height=\"225\" srcset=\"https:\/\/www.kauhavanpuukkopaja.fi\/wp-content\/uploads\/2019\/06\/M-yleis-108-300x225.jpg 300w, https:\/\/www.kauhavanpuukkopaja.fi\/wp-content\/uploads\/2019\/06\/M-yleis-108-768x576.jpg 768w, https:\/\/www.kauhavanpuukkopaja.fi\/wp-content\/uploads\/2019\/06\/M-yleis-108-600x450.jpg 600w, https:\/\/www.kauhavanpuukkopaja.fi\/wp-content\/uploads\/2019\/06\/M-yleis-108.jpg 1000w\" sizes=\"auto, (max-width: 300px) 100vw, 300px\" \/><\/a><\/td><\/tr><tr><td>Handle:<br>curly birch, light or stained brown<br><br>Blade 125 mm, carbon steel<br><br>Sheath light or brown<br><br><strong>Product number: 110<\/strong><\/td><td><a  href=\"https:\/\/www.kauhavanpuukkopaja.my.ee\/wp-content\/uploads\/2019\/06\/M-yleis-110.jpg\" data-rel=\"lightbox-gallery-0\" data-rl_title=\"\" data-rl_caption=\"\" title=\"\"><img loading=\"lazy\" decoding=\"async\" class=\"size-medium wp-image-646 alignleft\" src=\"https:\/\/www.kauhavanpuukkopaja.my.ee\/wp-content\/uploads\/2019\/06\/M-yleis-110-300x225.jpg\" alt=\"\" width=\"300\" height=\"225\" srcset=\"https:\/\/www.kauhavanpuukkopaja.fi\/wp-content\/uploads\/2019\/06\/M-yleis-110-300x225.jpg 300w, https:\/\/www.kauhavanpuukkopaja.fi\/wp-content\/uploads\/2019\/06\/M-yleis-110-768x576.jpg 768w, https:\/\/www.kauhavanpuukkopaja.fi\/wp-content\/uploads\/2019\/06\/M-yleis-110-600x450.jpg 600w, https:\/\/www.kauhavanpuukkopaja.fi\/wp-content\/uploads\/2019\/06\/M-yleis-110.jpg 1000w\" sizes=\"auto, (max-width: 300px) 100vw, 300px\" \/><\/a><\/td><\/tr><\/tbody><\/table><\/figure>\n\n\n\n<div class=\"wp-block-image\">&nbsp;<\/div>\n\n\n<p>&nbsp;<\/p>","protected":false},"excerpt":{"rendered":"<p>Puukon p\u00e4\u00e4:visakoivua, vaalea tai ruskeaksi petsattu Ter\u00e4 60 mm, hiiliter\u00e4s Tuppi vaalea tai ruskea (ei lestaa sis\u00e4ll\u00e4) Tuotenumero: 102 Puukon p\u00e4\u00e4:visakoivua, vaalea tai ruskeaksi petsattu Ter\u00e4 85 mm, hiiliter\u00e4s Tuppi vaalea tai ruskea Tuotenumero: 104 Puukon p\u00e4\u00e4:visakoivua, vaalea tai ruskeaksi petsattu Ter\u00e4 95 mm, hiiliter\u00e4s Tuppi vaalea tai ruskea Tuotenumero: 106 Puukon p\u00e4\u00e4:visakoivua, vaalea tai [&hellip;]<\/p>\n","protected":false},"author":1,"featured_media":0,"parent":497,"menu_order":0,"comment_status":"closed","ping_status":"closed","template":"template-fullwidth.php","meta":{"footnotes":""},"class_list":["post-501","page","type-page","status-publish","hentry"],"yoast_head":"<!-- This site is optimized with the Yoast SEO plugin v27.4 - https:\/\/yoast.com\/product\/yoast-seo-wordpress\/ -->\n<title>Yleispuukot - Kauhavan Puukkopaja<\/title>\n<meta name=\"robots\" content=\"index, follow, max-snippet:-1, max-image-preview:large, max-video-preview:-1\" \/>\n<link rel=\"canonical\" href=\"https:\/\/www.kauhavanpuukkopaja.fi\/en\/mallisto\/yleispuukot\/\" \/>\n<meta property=\"og:locale\" content=\"en_US\" \/>\n<meta property=\"og:type\" content=\"article\" \/>\n<meta property=\"og:title\" content=\"Yleispuukot - Kauhavan Puukkopaja\" \/>\n<meta property=\"og:description\" content=\"Puukon p\u00e4\u00e4:visakoivua, vaalea tai ruskeaksi petsattu Ter\u00e4 60 mm, hiiliter\u00e4s Tuppi vaalea tai ruskea (ei lestaa sis\u00e4ll\u00e4) Tuotenumero: 102 Puukon p\u00e4\u00e4:visakoivua, vaalea tai ruskeaksi petsattu Ter\u00e4 85 mm, hiiliter\u00e4s Tuppi vaalea tai ruskea Tuotenumero: 104 Puukon p\u00e4\u00e4:visakoivua, vaalea tai ruskeaksi petsattu Ter\u00e4 95 mm, hiiliter\u00e4s Tuppi vaalea tai ruskea Tuotenumero: 106 Puukon p\u00e4\u00e4:visakoivua, vaalea tai [&hellip;]\" \/>\n<meta property=\"og:url\" content=\"https:\/\/www.kauhavanpuukkopaja.fi\/en\/mallisto\/yleispuukot\/\" \/>\n<meta property=\"og:site_name\" content=\"Kauhavan Puukkopaja\" \/>\n<meta property=\"article:modified_time\" content=\"2020-09-12T06:53:24+00:00\" \/>\n<meta property=\"og:image\" content=\"https:\/\/www.kauhavanpuukkopaja.my.ee\/wp-content\/uploads\/2019\/06\/M-yleis-102-300x225.jpg\" \/>\n<meta name=\"twitter:card\" content=\"summary_large_image\" \/>\n<script type=\"application\/ld+json\" class=\"yoast-schema-graph\">{\"@context\":\"https:\\\/\\\/schema.org\",\"@graph\":[{\"@type\":\"WebPage\",\"@id\":\"https:\\\/\\\/www.kauhavanpuukkopaja.fi\\\/en\\\/mallisto\\\/yleispuukot\\\/\",\"url\":\"https:\\\/\\\/www.kauhavanpuukkopaja.fi\\\/en\\\/mallisto\\\/yleispuukot\\\/\",\"name\":\"Yleispuukot - Kauhavan Puukkopaja\",\"isPartOf\":{\"@id\":\"https:\\\/\\\/www.kauhavanpuukkopaja.fi\\\/#website\"},\"primaryImageOfPage\":{\"@id\":\"https:\\\/\\\/www.kauhavanpuukkopaja.fi\\\/en\\\/mallisto\\\/yleispuukot\\\/#primaryimage\"},\"image\":{\"@id\":\"https:\\\/\\\/www.kauhavanpuukkopaja.fi\\\/en\\\/mallisto\\\/yleispuukot\\\/#primaryimage\"},\"thumbnailUrl\":\"https:\\\/\\\/www.kauhavanpuukkopaja.my.ee\\\/wp-content\\\/uploads\\\/2019\\\/06\\\/M-yleis-102-300x225.jpg\",\"datePublished\":\"2019-06-01T15:09:28+00:00\",\"dateModified\":\"2020-09-12T06:53:24+00:00\",\"breadcrumb\":{\"@id\":\"https:\\\/\\\/www.kauhavanpuukkopaja.fi\\\/en\\\/mallisto\\\/yleispuukot\\\/#breadcrumb\"},\"inLanguage\":\"en-US\",\"potentialAction\":[{\"@type\":\"ReadAction\",\"target\":[\"https:\\\/\\\/www.kauhavanpuukkopaja.fi\\\/en\\\/mallisto\\\/yleispuukot\\\/\"]}]},{\"@type\":\"ImageObject\",\"inLanguage\":\"en-US\",\"@id\":\"https:\\\/\\\/www.kauhavanpuukkopaja.fi\\\/en\\\/mallisto\\\/yleispuukot\\\/#primaryimage\",\"url\":\"https:\\\/\\\/www.kauhavanpuukkopaja.my.ee\\\/wp-content\\\/uploads\\\/2019\\\/06\\\/M-yleis-102-300x225.jpg\",\"contentUrl\":\"https:\\\/\\\/www.kauhavanpuukkopaja.my.ee\\\/wp-content\\\/uploads\\\/2019\\\/06\\\/M-yleis-102-300x225.jpg\"},{\"@type\":\"BreadcrumbList\",\"@id\":\"https:\\\/\\\/www.kauhavanpuukkopaja.fi\\\/en\\\/mallisto\\\/yleispuukot\\\/#breadcrumb\",\"itemListElement\":[{\"@type\":\"ListItem\",\"position\":1,\"name\":\"Home\",\"item\":\"https:\\\/\\\/www.kauhavanpuukkopaja.fi\\\/\"},{\"@type\":\"ListItem\",\"position\":2,\"name\":\"Yleispuukot\"}]},{\"@type\":\"WebSite\",\"@id\":\"https:\\\/\\\/www.kauhavanpuukkopaja.fi\\\/#website\",\"url\":\"https:\\\/\\\/www.kauhavanpuukkopaja.fi\\\/\",\"name\":\"Kauhavan Puukkopaja\",\"description\":\"Laadukkaita, suomalaisia puukkoja Kauhavalta.\",\"potentialAction\":[{\"@type\":\"SearchAction\",\"target\":{\"@type\":\"EntryPoint\",\"urlTemplate\":\"https:\\\/\\\/www.kauhavanpuukkopaja.fi\\\/?s={search_term_string}\"},\"query-input\":{\"@type\":\"PropertyValueSpecification\",\"valueRequired\":true,\"valueName\":\"search_term_string\"}}],\"inLanguage\":\"en-US\"}]}<\/script>\n<!-- \/ Yoast SEO plugin. -->","yoast_head_json":{"title":"Yleispuukot - Kauhavan Puukkopaja","robots":{"index":"index","follow":"follow","max-snippet":"max-snippet:-1","max-image-preview":"max-image-preview:large","max-video-preview":"max-video-preview:-1"},"canonical":"https:\/\/www.kauhavanpuukkopaja.fi\/en\/mallisto\/yleispuukot\/","og_locale":"en_US","og_type":"article","og_title":"Yleispuukot - Kauhavan Puukkopaja","og_description":"Puukon p\u00e4\u00e4:visakoivua, vaalea tai ruskeaksi petsattu Ter\u00e4 60 mm, hiiliter\u00e4s Tuppi vaalea tai ruskea (ei lestaa sis\u00e4ll\u00e4) Tuotenumero: 102 Puukon p\u00e4\u00e4:visakoivua, vaalea tai ruskeaksi petsattu Ter\u00e4 85 mm, hiiliter\u00e4s Tuppi vaalea tai ruskea Tuotenumero: 104 Puukon p\u00e4\u00e4:visakoivua, vaalea tai ruskeaksi petsattu Ter\u00e4 95 mm, hiiliter\u00e4s Tuppi vaalea tai ruskea Tuotenumero: 106 Puukon p\u00e4\u00e4:visakoivua, vaalea tai [&hellip;]","og_url":"https:\/\/www.kauhavanpuukkopaja.fi\/en\/mallisto\/yleispuukot\/","og_site_name":"Kauhavan Puukkopaja","article_modified_time":"2020-09-12T06:53:24+00:00","og_image":[{"url":"https:\/\/www.kauhavanpuukkopaja.my.ee\/wp-content\/uploads\/2019\/06\/M-yleis-102-300x225.jpg","type":"","width":"","height":""}],"twitter_card":"summary_large_image","schema":{"@context":"https:\/\/schema.org","@graph":[{"@type":"WebPage","@id":"https:\/\/www.kauhavanpuukkopaja.fi\/en\/mallisto\/yleispuukot\/","url":"https:\/\/www.kauhavanpuukkopaja.fi\/en\/mallisto\/yleispuukot\/","name":"Yleispuukot - Kauhavan Puukkopaja","isPartOf":{"@id":"https:\/\/www.kauhavanpuukkopaja.fi\/#website"},"primaryImageOfPage":{"@id":"https:\/\/www.kauhavanpuukkopaja.fi\/en\/mallisto\/yleispuukot\/#primaryimage"},"image":{"@id":"https:\/\/www.kauhavanpuukkopaja.fi\/en\/mallisto\/yleispuukot\/#primaryimage"},"thumbnailUrl":"https:\/\/www.kauhavanpuukkopaja.my.ee\/wp-content\/uploads\/2019\/06\/M-yleis-102-300x225.jpg","datePublished":"2019-06-01T15:09:28+00:00","dateModified":"2020-09-12T06:53:24+00:00","breadcrumb":{"@id":"https:\/\/www.kauhavanpuukkopaja.fi\/en\/mallisto\/yleispuukot\/#breadcrumb"},"inLanguage":"en-US","potentialAction":[{"@type":"ReadAction","target":["https:\/\/www.kauhavanpuukkopaja.fi\/en\/mallisto\/yleispuukot\/"]}]},{"@type":"ImageObject","inLanguage":"en-US","@id":"https:\/\/www.kauhavanpuukkopaja.fi\/en\/mallisto\/yleispuukot\/#primaryimage","url":"https:\/\/www.kauhavanpuukkopaja.my.ee\/wp-content\/uploads\/2019\/06\/M-yleis-102-300x225.jpg","contentUrl":"https:\/\/www.kauhavanpuukkopaja.my.ee\/wp-content\/uploads\/2019\/06\/M-yleis-102-300x225.jpg"},{"@type":"BreadcrumbList","@id":"https:\/\/www.kauhavanpuukkopaja.fi\/en\/mallisto\/yleispuukot\/#breadcrumb","itemListElement":[{"@type":"ListItem","position":1,"name":"Home","item":"https:\/\/www.kauhavanpuukkopaja.fi\/"},{"@type":"ListItem","position":2,"name":"Yleispuukot"}]},{"@type":"WebSite","@id":"https:\/\/www.kauhavanpuukkopaja.fi\/#website","url":"https:\/\/www.kauhavanpuukkopaja.fi\/","name":"Kauhavan Puukkopaja","description":"Laadukkaita, suomalaisia puukkoja Kauhavalta.","potentialAction":[{"@type":"SearchAction","target":{"@type":"EntryPoint","urlTemplate":"https:\/\/www.kauhavanpuukkopaja.fi\/?s={search_term_string}"},"query-input":{"@type":"PropertyValueSpecification","valueRequired":true,"valueName":"search_term_string"}}],"inLanguage":"en-US"}]}},"_links":{"self":[{"href":"https:\/\/www.kauhavanpuukkopaja.fi\/en\/wp-json\/wp\/v2\/pages\/501","targetHints":{"allow":["GET"]}}],"collection":[{"href":"https:\/\/www.kauhavanpuukkopaja.fi\/en\/wp-json\/wp\/v2\/pages"}],"about":[{"href":"https:\/\/www.kauhavanpuukkopaja.fi\/en\/wp-json\/wp\/v2\/types\/page"}],"author":[{"embeddable":true,"href":"https:\/\/www.kauhavanpuukkopaja.fi\/en\/wp-json\/wp\/v2\/users\/1"}],"replies":[{"embeddable":true,"href":"https:\/\/www.kauhavanpuukkopaja.fi\/en\/wp-json\/wp\/v2\/comments?post=501"}],"version-history":[{"count":41,"href":"https:\/\/www.kauhavanpuukkopaja.fi\/en\/wp-json\/wp\/v2\/pages\/501\/revisions"}],"predecessor-version":[{"id":2021,"href":"https:\/\/www.kauhavanpuukkopaja.fi\/en\/wp-json\/wp\/v2\/pages\/501\/revisions\/2021"}],"up":[{"embeddable":true,"href":"https:\/\/www.kauhavanpuukkopaja.fi\/en\/wp-json\/wp\/v2\/pages\/497"}],"wp:attachment":[{"href":"https:\/\/www.kauhavanpuukkopaja.fi\/en\/wp-json\/wp\/v2\/media?parent=501"}],"curies":[{"name":"wp","href":"https:\/\/api.w.org\/{rel}","templated":true}]}}