{"id":419,"date":"2019-05-12T08:45:43","date_gmt":"2019-05-12T06:45:43","guid":{"rendered":"https:\/\/www.kauhavanpuukkopaja.my.ee\/?page_id=419"},"modified":"2021-06-01T12:41:26","modified_gmt":"2021-06-01T10:41:26","slug":"toimitusehdot","status":"publish","type":"page","link":"https:\/\/www.kauhavanpuukkopaja.fi\/en\/toimitusehdot\/","title":{"rendered":"Terms of delivery"},"content":{"rendered":"<p class=\"translation-block\">Kauhavan Puukkopaja, FI10074134, (hereafter online store) sells products to private individuals in Finland and abroad. We reserve the right to make changes to our terms of delivery and prices. The prices of the products include value added tax.<\/p>\n\n\n\n<p><em>Online store contact details<\/em> <\/p>\n\n\n\n<p>E-mail: matti.koski@kauhavanpuukkopaja.fi Telephone: +358 400 761 963 Postal address: Yrttikuja 5, 62200 Kauhava, Finland. <\/p>\n\n\n\n<p><strong>Ordering<\/strong> <\/p>\n\n\n\n<p>The products to be ordered are selected on the homepage by adding them to the cart. The order is sent by paying for the contents of the cart through the online store\u2019s checkout procedure. In making the order you accept these delivery terms, the prices of the products and delivery charges. If at the time of ordering you give an e-mail address, then an order confirmation will be sent to your e-mail address. The order confirmation shows the ordered products and price. <\/p>\n\n\n\n<p><strong>Payment<\/strong> <\/p>\n\n\n\n<p>Verkkokaupan maksuv\u00e4litt\u00e4j\u00e4n\u00e4 toimii Visma Pay (Paybyway Oy, y-tunnus 2486559-4), joka on rekister\u00f6ity Finanssivalvonnan yll\u00e4pit\u00e4m\u00e4\u00e4n maksulaitosrekisteriin. Maksamiseen siirryt\u00e4\u00e4n Visma Payn verkkopalvelun kautta ja tiliotteella ja laskulla maksun saajana n\u00e4kyy Visma Pay tai Paybyway Oy. Visma Pay v\u00e4litt\u00e4\u00e4 maksut verkkokauppiaalle. Maksaminen on turvallista, sill\u00e4 kaikki maksutapahtumaa koskevat tiedot v\u00e4litet\u00e4\u00e4n salattua yhteytt\u00e4 k\u00e4ytt\u00e4en niin ettei kukaan ulkopuolinen taho n\u00e4e maksutapahtuman tietoja. <\/p>\n\n\n\n<p>Kauppa syntyy verkkokaupan asiakkaan ja verkkokaupan v\u00e4lille. Verkkokaupan vastuulla ovat kaikki kauppaan liittyv\u00e4t velvoitteet. <\/p>\n\n\n\n<p>Lue lis\u00e4\u00e4 Visma Paysta: https:\/\/www.visma.fi\/vismapay\/<\/p>\n\n\n\n<p><strong>Payment methods<\/strong> <\/p>\n\n\n\n<p>Visma Pay -palvelun kautta voit maksaa verkkopankkitunnuksilla, lompakolla, maksukorteilla (credit\/debit), laskulla tai osamaksulla. K\u00e4ytett\u00e4viss\u00e4 ovat seuraavat maksutavat: Osuuspankki, Nordea, Danske Bank, Oma S\u00e4\u00e4st\u00f6pankki, S\u00e4\u00e4st\u00f6pankki, Aktia, Paikallisosuuspankit, S-Pankki, Handelsbanken, \u00c5landsbanken, MobilePay, Masterpass, Pivo, Visa-, Visa Debit-, Visa Electron-, MasterCard- ja Debit MasterCard -kortit, sek\u00e4 Jousto ja Enterpay Lasku yritykselle. <\/p>\n\n\n\n<p>MobilePay: You can pay by your MobilePay wallet if you have enabled paying in online stores from the application\u2019s settings. Payments made by MobilePay wallet are charged to the payment card connected to the wallet. If the payment charged to the payment card fails, then payment by MobilePay wallet is not possible on the online store.<\/p>\n\n\n\n<p>Pivo: Usage terms are available on Pivo\u2019s pages: https:\/\/pivo.fi\/kayttoehdot\/pivon-kayttoehdot\/ <\/p>\n\n\n\n<p>Jousto lasku ja osamaksu on kotimainen palvelu, jolla teet ostoksesi nopeasti ja turvallisesti. Jousto on tarkoitettu yksityishenkil\u00f6ille, jotka ovat hoitaneet raha-asiansa moitteettomasti. Joustolla saat 30 vuorokautta korotonta ja kulutonta maksuaikaa. Laskun saatuasi voit p\u00e4\u00e4tt\u00e4\u00e4 maksatko sen kokonaan vai osissa. Osamaksulla voit maksaa ostoksesi jopa 36:ssa er\u00e4ss\u00e4, alkaen 9,90 eur\/kk. Jousto osamaksun kustannukset ovat 3,90 eur\/kk ja 19,90%:n luottokorko. Voit maksaa Joustolla 30\u20133000 euron ostoksia. Luotonmy\u00f6nt\u00e4j\u00e4n\u00e4 toimii Aurajoki Nordic Oy. Lue lis\u00e4\u00e4 Joustosta osoitteessa www.jousto.com.   <\/p>\n\n\n\n<p>Visma Pay -maksupalvelun yhteystiedot<\/p>\n\n\n\n<p>Visma Pay, Paybyway Oy (Y-tunnus 2486559-4) <\/p>\n\n\n\n<p>S\u00e4hk\u00f6posti: helpdesk@vismapay.com <\/p>\n\n\n\n<p>Puhelin: 09 315 42 037 (arkisin klo 8-16) <\/p>\n\n\n\n<p>Postiosoite: Laserkatu 6, 53850 Lappeenranta<\/p>\n\n\n\n<p><strong>Delivery<\/strong> <\/p>\n\n\n\n<p>Orders are posted every weekday. Products supplied from stock generally have a delivery time of between 3 and 5 days. For made to order products the delivery time is generally between 1 and 3 weeks. Delivery expenses are determined by the selected method of delivery, possible extra services and by the weight and size of the order. You see the delivery costs in the online store\u2019s checkout procedure before final acceptance of the order. <\/p>\n\n\n\n<p>If the product has gone missing or been damaged during delivery, then the online store must be notified immediately, and at least within 14 days. If a package is damaged in transportation, then notification must be given immediately to the company responsible for the delivery. <\/p>\n\n\n\n<p><strong>Returns<\/strong> <\/p>\n\n\n\n<p>According to consumer protection law, online store customers have the right to exchange or return products within 14 days. A customer has the right to exchange or return part or all of the ordered products. Products to be returned or exchanged must be in their original package and in a saleable condition. Should you wish to return or exchange a product then first contact the online store and ask for return directions. Enclose in the package your name, contact details and your bank account number for possible refunds. <\/p>\n\n\n\n<p>Please note that engraved products do not have the right of return as in accordance to law concerning tailormade products. Except of course if there is a manufacturing fault in the product. <\/p>\n\n\n\n<p><em>Order cancellation, fault liability and reclamations<\/em> <\/p>\n\n\n\n<p>Before the order has been dispatched the order can be cancelled by a written notification by e-mail. <\/p>\n\n\n\n<p>The online store has a statutory fault liability for the products it sells.\nIn cases of reclamation, we kindly ask you to contact our customer service.\nThe consumer has the right to cake possible conflicts to the Consumer Disputes Board for adjudication.<\/p>\n\n\n\n<p>&nbsp;<\/p>\n<p><a href=\"\/en\/kauppa\/\">Go to the online store\u2019s home page<\/a><\/p>","protected":false},"excerpt":{"rendered":"<p>Kauhavan Puukkopaja, FI10074134, (j\u00e4ljemp\u00e4n\u00e4 verkkokauppa) myy tuotteita yksityishenkil\u00f6ille Suomeen ja my\u00f6s ulkomaille. Pid\u00e4t\u00e4mme oikeuden toimitusehtojen ja hintojen muutoksiin. Tuotteiden hinnat sis\u00e4lt\u00e4v\u00e4t arvonlis\u00e4veron. Verkkokaupan yhteystiedot S\u00e4hk\u00f6posti: matti.koski@kauhavanpuukkopaja.fi Puhelin: +358 400 761 963 Postiosoite: Yrttikuja 5, 62200 Kauhava Tilaaminen Tilattavat tuotteet valitaan kotisivuilla lis\u00e4\u00e4m\u00e4ll\u00e4 ne ostoskoriin. Tilaus l\u00e4hetet\u00e4\u00e4n maksamalla ostoskorin sis\u00e4lt\u00f6 verkkokaupan kassatoiminnossa. Tehdess\u00e4si tilauksen hyv\u00e4ksyt n\u00e4m\u00e4 [&hellip;]<\/p>\n","protected":false},"author":1,"featured_media":0,"parent":0,"menu_order":1,"comment_status":"closed","ping_status":"closed","template":"template-fullwidth.php","meta":{"footnotes":""},"class_list":["post-419","page","type-page","status-publish","hentry"],"yoast_head":"<!-- This site is optimized with the Yoast SEO plugin v27.4 - https:\/\/yoast.com\/product\/yoast-seo-wordpress\/ -->\n<title>Toimitusehdot - Kauhavan Puukkopaja<\/title>\n<meta name=\"robots\" content=\"index, follow, max-snippet:-1, max-image-preview:large, max-video-preview:-1\" \/>\n<link rel=\"canonical\" href=\"https:\/\/www.kauhavanpuukkopaja.fi\/en\/toimitusehdot\/\" \/>\n<meta property=\"og:locale\" content=\"en_US\" \/>\n<meta property=\"og:type\" content=\"article\" \/>\n<meta property=\"og:title\" content=\"Toimitusehdot - Kauhavan Puukkopaja\" \/>\n<meta property=\"og:description\" content=\"Kauhavan Puukkopaja, FI10074134, (j\u00e4ljemp\u00e4n\u00e4 verkkokauppa) myy tuotteita yksityishenkil\u00f6ille Suomeen ja my\u00f6s ulkomaille. Pid\u00e4t\u00e4mme oikeuden toimitusehtojen ja hintojen muutoksiin. Tuotteiden hinnat sis\u00e4lt\u00e4v\u00e4t arvonlis\u00e4veron. Verkkokaupan yhteystiedot S\u00e4hk\u00f6posti: matti.koski@kauhavanpuukkopaja.fi Puhelin: +358 400 761 963 Postiosoite: Yrttikuja 5, 62200 Kauhava Tilaaminen Tilattavat tuotteet valitaan kotisivuilla lis\u00e4\u00e4m\u00e4ll\u00e4 ne ostoskoriin. Tilaus l\u00e4hetet\u00e4\u00e4n maksamalla ostoskorin sis\u00e4lt\u00f6 verkkokaupan kassatoiminnossa. Tehdess\u00e4si tilauksen hyv\u00e4ksyt n\u00e4m\u00e4 [&hellip;]\" \/>\n<meta property=\"og:url\" content=\"https:\/\/www.kauhavanpuukkopaja.fi\/en\/toimitusehdot\/\" \/>\n<meta property=\"og:site_name\" content=\"Kauhavan Puukkopaja\" \/>\n<meta property=\"article:modified_time\" content=\"2021-06-01T10:41:26+00:00\" \/>\n<meta name=\"twitter:card\" content=\"summary_large_image\" \/>\n<meta name=\"twitter:label1\" content=\"Est. reading time\" \/>\n\t<meta name=\"twitter:data1\" content=\"3 minutes\" \/>\n<script type=\"application\/ld+json\" class=\"yoast-schema-graph\">{\"@context\":\"https:\\\/\\\/schema.org\",\"@graph\":[{\"@type\":\"WebPage\",\"@id\":\"https:\\\/\\\/www.kauhavanpuukkopaja.fi\\\/toimitusehdot\\\/\",\"url\":\"https:\\\/\\\/www.kauhavanpuukkopaja.fi\\\/toimitusehdot\\\/\",\"name\":\"Toimitusehdot - Kauhavan Puukkopaja\",\"isPartOf\":{\"@id\":\"https:\\\/\\\/www.kauhavanpuukkopaja.fi\\\/#website\"},\"datePublished\":\"2019-05-12T06:45:43+00:00\",\"dateModified\":\"2021-06-01T10:41:26+00:00\",\"breadcrumb\":{\"@id\":\"https:\\\/\\\/www.kauhavanpuukkopaja.fi\\\/toimitusehdot\\\/#breadcrumb\"},\"inLanguage\":\"en-US\",\"potentialAction\":[{\"@type\":\"ReadAction\",\"target\":[\"https:\\\/\\\/www.kauhavanpuukkopaja.fi\\\/toimitusehdot\\\/\"]}]},{\"@type\":\"BreadcrumbList\",\"@id\":\"https:\\\/\\\/www.kauhavanpuukkopaja.fi\\\/toimitusehdot\\\/#breadcrumb\",\"itemListElement\":[{\"@type\":\"ListItem\",\"position\":1,\"name\":\"Home\",\"item\":\"https:\\\/\\\/www.kauhavanpuukkopaja.fi\\\/\"},{\"@type\":\"ListItem\",\"position\":2,\"name\":\"Toimitusehdot\"}]},{\"@type\":\"WebSite\",\"@id\":\"https:\\\/\\\/www.kauhavanpuukkopaja.fi\\\/#website\",\"url\":\"https:\\\/\\\/www.kauhavanpuukkopaja.fi\\\/\",\"name\":\"Kauhavan Puukkopaja\",\"description\":\"Laadukkaita, suomalaisia puukkoja Kauhavalta.\",\"potentialAction\":[{\"@type\":\"SearchAction\",\"target\":{\"@type\":\"EntryPoint\",\"urlTemplate\":\"https:\\\/\\\/www.kauhavanpuukkopaja.fi\\\/?s={search_term_string}\"},\"query-input\":{\"@type\":\"PropertyValueSpecification\",\"valueRequired\":true,\"valueName\":\"search_term_string\"}}],\"inLanguage\":\"en-US\"}]}<\/script>\n<!-- \/ Yoast SEO plugin. -->","yoast_head_json":{"title":"Toimitusehdot - Kauhavan Puukkopaja","robots":{"index":"index","follow":"follow","max-snippet":"max-snippet:-1","max-image-preview":"max-image-preview:large","max-video-preview":"max-video-preview:-1"},"canonical":"https:\/\/www.kauhavanpuukkopaja.fi\/en\/toimitusehdot\/","og_locale":"en_US","og_type":"article","og_title":"Toimitusehdot - Kauhavan Puukkopaja","og_description":"Kauhavan Puukkopaja, FI10074134, (j\u00e4ljemp\u00e4n\u00e4 verkkokauppa) myy tuotteita yksityishenkil\u00f6ille Suomeen ja my\u00f6s ulkomaille. Pid\u00e4t\u00e4mme oikeuden toimitusehtojen ja hintojen muutoksiin. Tuotteiden hinnat sis\u00e4lt\u00e4v\u00e4t arvonlis\u00e4veron. Verkkokaupan yhteystiedot S\u00e4hk\u00f6posti: matti.koski@kauhavanpuukkopaja.fi Puhelin: +358 400 761 963 Postiosoite: Yrttikuja 5, 62200 Kauhava Tilaaminen Tilattavat tuotteet valitaan kotisivuilla lis\u00e4\u00e4m\u00e4ll\u00e4 ne ostoskoriin. Tilaus l\u00e4hetet\u00e4\u00e4n maksamalla ostoskorin sis\u00e4lt\u00f6 verkkokaupan kassatoiminnossa. Tehdess\u00e4si tilauksen hyv\u00e4ksyt n\u00e4m\u00e4 [&hellip;]","og_url":"https:\/\/www.kauhavanpuukkopaja.fi\/en\/toimitusehdot\/","og_site_name":"Kauhavan Puukkopaja","article_modified_time":"2021-06-01T10:41:26+00:00","twitter_card":"summary_large_image","twitter_misc":{"Est. reading time":"3 minutes"},"schema":{"@context":"https:\/\/schema.org","@graph":[{"@type":"WebPage","@id":"https:\/\/www.kauhavanpuukkopaja.fi\/toimitusehdot\/","url":"https:\/\/www.kauhavanpuukkopaja.fi\/toimitusehdot\/","name":"Toimitusehdot - Kauhavan Puukkopaja","isPartOf":{"@id":"https:\/\/www.kauhavanpuukkopaja.fi\/#website"},"datePublished":"2019-05-12T06:45:43+00:00","dateModified":"2021-06-01T10:41:26+00:00","breadcrumb":{"@id":"https:\/\/www.kauhavanpuukkopaja.fi\/toimitusehdot\/#breadcrumb"},"inLanguage":"en-US","potentialAction":[{"@type":"ReadAction","target":["https:\/\/www.kauhavanpuukkopaja.fi\/toimitusehdot\/"]}]},{"@type":"BreadcrumbList","@id":"https:\/\/www.kauhavanpuukkopaja.fi\/toimitusehdot\/#breadcrumb","itemListElement":[{"@type":"ListItem","position":1,"name":"Home","item":"https:\/\/www.kauhavanpuukkopaja.fi\/"},{"@type":"ListItem","position":2,"name":"Toimitusehdot"}]},{"@type":"WebSite","@id":"https:\/\/www.kauhavanpuukkopaja.fi\/#website","url":"https:\/\/www.kauhavanpuukkopaja.fi\/","name":"Kauhavan Puukkopaja","description":"Laadukkaita, suomalaisia puukkoja Kauhavalta.","potentialAction":[{"@type":"SearchAction","target":{"@type":"EntryPoint","urlTemplate":"https:\/\/www.kauhavanpuukkopaja.fi\/?s={search_term_string}"},"query-input":{"@type":"PropertyValueSpecification","valueRequired":true,"valueName":"search_term_string"}}],"inLanguage":"en-US"}]}},"_links":{"self":[{"href":"https:\/\/www.kauhavanpuukkopaja.fi\/en\/wp-json\/wp\/v2\/pages\/419","targetHints":{"allow":["GET"]}}],"collection":[{"href":"https:\/\/www.kauhavanpuukkopaja.fi\/en\/wp-json\/wp\/v2\/pages"}],"about":[{"href":"https:\/\/www.kauhavanpuukkopaja.fi\/en\/wp-json\/wp\/v2\/types\/page"}],"author":[{"embeddable":true,"href":"https:\/\/www.kauhavanpuukkopaja.fi\/en\/wp-json\/wp\/v2\/users\/1"}],"replies":[{"embeddable":true,"href":"https:\/\/www.kauhavanpuukkopaja.fi\/en\/wp-json\/wp\/v2\/comments?post=419"}],"version-history":[{"count":8,"href":"https:\/\/www.kauhavanpuukkopaja.fi\/en\/wp-json\/wp\/v2\/pages\/419\/revisions"}],"predecessor-version":[{"id":2675,"href":"https:\/\/www.kauhavanpuukkopaja.fi\/en\/wp-json\/wp\/v2\/pages\/419\/revisions\/2675"}],"wp:attachment":[{"href":"https:\/\/www.kauhavanpuukkopaja.fi\/en\/wp-json\/wp\/v2\/media?parent=419"}],"curies":[{"name":"wp","href":"https:\/\/api.w.org\/{rel}","templated":true}]}}