{"id":401,"date":"2019-04-21T21:22:28","date_gmt":"2019-04-21T19:22:28","guid":{"rendered":"https:\/\/www.kauhavanpuukkopaja.my.ee\/?page_id=401"},"modified":"2021-06-02T08:14:16","modified_gmt":"2021-06-02T06:14:16","slug":"maksutavat","status":"publish","type":"page","link":"https:\/\/www.kauhavanpuukkopaja.fi\/en\/maksutavat\/","title":{"rendered":"Payment methods"},"content":{"rendered":"<p>Kauhavan Puukkopajan verkkokaupassa on k\u00e4yt\u00f6ss\u00e4 Visma Pay kattavat maksupainikkeet. Ohessa tarkemmin maksuvaihtoehdoistamme:<\/p>\n\n\n\n<img decoding=\"async\" src=\"https:\/\/static.vismapay.com\/pay_banners\/row.png\">\n\n\n\n<p><strong>Online Bank Services<\/strong><\/p>\n\n\n\n<p>Nordea, OP, Danske Bank, POP Pankki, Aktia, S\u00e4\u00e4st\u00f6pankki, OmaSp, S-Pankki, Handelsbanken and \u00c5landsbanken.<\/p>\n\n\n\n<p><strong>Invoice and part payment<\/strong><\/p>\n\n\n\n<p>Mash, Jousto and Enterpay-payment.<\/p>\n\n\n\n<p><strong>Wallets<\/strong><\/p>\n\n\n\n<p>MobilePay, Masterpass and Pivo.<\/p>\n\n\n\n<p><strong>Card payment<\/strong><\/p>\n\n\n\n<p>Visa, Visa Electron and Mastercard.<\/p>\n\n\n\n<p>&nbsp;<\/p>\n<p><a href=\"\/en\/kauppa\/\">Go to the online store\u2019s home page<\/a><\/p>","protected":false},"excerpt":{"rendered":"<p>Kauhavan Puukkopajan verkkokaupassa on k\u00e4yt\u00f6ss\u00e4 Visma Pay kattavat maksupainikkeet. Ohessa tarkemmin maksuvaihtoehdoistamme: Verkkopankit Nordea, OP, Danske Bank, POP Pankki, Aktia, S\u00e4\u00e4st\u00f6pankki, OmaSp, S-Pankki, Handelsbanken ja \u00c5landsbanken. Lasku ja osamaksu Mash, Jousto ja Enterpay-yrityslasku. Lompakot MobilePay, Masterpass ja Pivo. Korttimaksaminen Visa, Visa Electron ja Mastercard. &nbsp; Siirry verkkokaupan etusivulle<\/p>","protected":false},"author":1,"featured_media":0,"parent":0,"menu_order":0,"comment_status":"closed","ping_status":"closed","template":"template-fullwidth.php","meta":{"footnotes":""},"class_list":["post-401","page","type-page","status-publish","hentry"],"yoast_head":"<!-- This site is optimized with the Yoast SEO plugin v27.4 - https:\/\/yoast.com\/product\/yoast-seo-wordpress\/ -->\n<title>Maksutavat - Kauhavan Puukkopaja<\/title>\n<meta name=\"robots\" content=\"index, follow, max-snippet:-1, max-image-preview:large, max-video-preview:-1\" \/>\n<link rel=\"canonical\" href=\"https:\/\/www.kauhavanpuukkopaja.fi\/en\/maksutavat\/\" \/>\n<meta property=\"og:locale\" content=\"en_US\" \/>\n<meta property=\"og:type\" content=\"article\" \/>\n<meta property=\"og:title\" content=\"Maksutavat - Kauhavan Puukkopaja\" \/>\n<meta property=\"og:description\" content=\"Kauhavan Puukkopajan verkkokaupassa on k\u00e4yt\u00f6ss\u00e4 Visma Pay kattavat maksupainikkeet. Ohessa tarkemmin maksuvaihtoehdoistamme: Verkkopankit Nordea, OP, Danske Bank, POP Pankki, Aktia, S\u00e4\u00e4st\u00f6pankki, OmaSp, S-Pankki, Handelsbanken ja \u00c5landsbanken. Lasku ja osamaksu Mash, Jousto ja Enterpay-yrityslasku. Lompakot MobilePay, Masterpass ja Pivo. Korttimaksaminen Visa, Visa Electron ja Mastercard. &nbsp; Siirry verkkokaupan etusivulle\" \/>\n<meta property=\"og:url\" content=\"https:\/\/www.kauhavanpuukkopaja.fi\/en\/maksutavat\/\" \/>\n<meta property=\"og:site_name\" content=\"Kauhavan Puukkopaja\" \/>\n<meta property=\"article:modified_time\" content=\"2021-06-02T06:14:16+00:00\" \/>\n<meta property=\"og:image\" content=\"https:\/\/static.vismapay.com\/pay_banners\/row.png\" \/>\n<meta name=\"twitter:card\" content=\"summary_large_image\" \/>\n<meta name=\"twitter:label1\" content=\"Est. reading time\" \/>\n\t<meta name=\"twitter:data1\" content=\"1 minute\" \/>\n<script type=\"application\/ld+json\" class=\"yoast-schema-graph\">{\"@context\":\"https:\\\/\\\/schema.org\",\"@graph\":[{\"@type\":\"WebPage\",\"@id\":\"https:\\\/\\\/www.kauhavanpuukkopaja.fi\\\/maksutavat\\\/\",\"url\":\"https:\\\/\\\/www.kauhavanpuukkopaja.fi\\\/maksutavat\\\/\",\"name\":\"Maksutavat - Kauhavan Puukkopaja\",\"isPartOf\":{\"@id\":\"https:\\\/\\\/www.kauhavanpuukkopaja.fi\\\/#website\"},\"primaryImageOfPage\":{\"@id\":\"https:\\\/\\\/www.kauhavanpuukkopaja.fi\\\/maksutavat\\\/#primaryimage\"},\"image\":{\"@id\":\"https:\\\/\\\/www.kauhavanpuukkopaja.fi\\\/maksutavat\\\/#primaryimage\"},\"thumbnailUrl\":\"https:\\\/\\\/static.vismapay.com\\\/pay_banners\\\/row.png\",\"datePublished\":\"2019-04-21T19:22:28+00:00\",\"dateModified\":\"2021-06-02T06:14:16+00:00\",\"breadcrumb\":{\"@id\":\"https:\\\/\\\/www.kauhavanpuukkopaja.fi\\\/maksutavat\\\/#breadcrumb\"},\"inLanguage\":\"en-US\",\"potentialAction\":[{\"@type\":\"ReadAction\",\"target\":[\"https:\\\/\\\/www.kauhavanpuukkopaja.fi\\\/maksutavat\\\/\"]}]},{\"@type\":\"ImageObject\",\"inLanguage\":\"en-US\",\"@id\":\"https:\\\/\\\/www.kauhavanpuukkopaja.fi\\\/maksutavat\\\/#primaryimage\",\"url\":\"https:\\\/\\\/static.vismapay.com\\\/pay_banners\\\/row.png\",\"contentUrl\":\"https:\\\/\\\/static.vismapay.com\\\/pay_banners\\\/row.png\"},{\"@type\":\"BreadcrumbList\",\"@id\":\"https:\\\/\\\/www.kauhavanpuukkopaja.fi\\\/maksutavat\\\/#breadcrumb\",\"itemListElement\":[{\"@type\":\"ListItem\",\"position\":1,\"name\":\"Home\",\"item\":\"https:\\\/\\\/www.kauhavanpuukkopaja.fi\\\/\"},{\"@type\":\"ListItem\",\"position\":2,\"name\":\"Maksutavat\"}]},{\"@type\":\"WebSite\",\"@id\":\"https:\\\/\\\/www.kauhavanpuukkopaja.fi\\\/#website\",\"url\":\"https:\\\/\\\/www.kauhavanpuukkopaja.fi\\\/\",\"name\":\"Kauhavan Puukkopaja\",\"description\":\"Laadukkaita, suomalaisia puukkoja Kauhavalta.\",\"potentialAction\":[{\"@type\":\"SearchAction\",\"target\":{\"@type\":\"EntryPoint\",\"urlTemplate\":\"https:\\\/\\\/www.kauhavanpuukkopaja.fi\\\/?s={search_term_string}\"},\"query-input\":{\"@type\":\"PropertyValueSpecification\",\"valueRequired\":true,\"valueName\":\"search_term_string\"}}],\"inLanguage\":\"en-US\"}]}<\/script>\n<!-- \/ Yoast SEO plugin. -->","yoast_head_json":{"title":"Maksutavat - Kauhavan Puukkopaja","robots":{"index":"index","follow":"follow","max-snippet":"max-snippet:-1","max-image-preview":"max-image-preview:large","max-video-preview":"max-video-preview:-1"},"canonical":"https:\/\/www.kauhavanpuukkopaja.fi\/en\/maksutavat\/","og_locale":"en_US","og_type":"article","og_title":"Maksutavat - Kauhavan Puukkopaja","og_description":"Kauhavan Puukkopajan verkkokaupassa on k\u00e4yt\u00f6ss\u00e4 Visma Pay kattavat maksupainikkeet. Ohessa tarkemmin maksuvaihtoehdoistamme: Verkkopankit Nordea, OP, Danske Bank, POP Pankki, Aktia, S\u00e4\u00e4st\u00f6pankki, OmaSp, S-Pankki, Handelsbanken ja \u00c5landsbanken. Lasku ja osamaksu Mash, Jousto ja Enterpay-yrityslasku. Lompakot MobilePay, Masterpass ja Pivo. Korttimaksaminen Visa, Visa Electron ja Mastercard. &nbsp; Siirry verkkokaupan etusivulle","og_url":"https:\/\/www.kauhavanpuukkopaja.fi\/en\/maksutavat\/","og_site_name":"Kauhavan Puukkopaja","article_modified_time":"2021-06-02T06:14:16+00:00","og_image":[{"url":"https:\/\/static.vismapay.com\/pay_banners\/row.png","type":"","width":"","height":""}],"twitter_card":"summary_large_image","twitter_misc":{"Est. reading time":"1 minute"},"schema":{"@context":"https:\/\/schema.org","@graph":[{"@type":"WebPage","@id":"https:\/\/www.kauhavanpuukkopaja.fi\/maksutavat\/","url":"https:\/\/www.kauhavanpuukkopaja.fi\/maksutavat\/","name":"Maksutavat - Kauhavan Puukkopaja","isPartOf":{"@id":"https:\/\/www.kauhavanpuukkopaja.fi\/#website"},"primaryImageOfPage":{"@id":"https:\/\/www.kauhavanpuukkopaja.fi\/maksutavat\/#primaryimage"},"image":{"@id":"https:\/\/www.kauhavanpuukkopaja.fi\/maksutavat\/#primaryimage"},"thumbnailUrl":"https:\/\/static.vismapay.com\/pay_banners\/row.png","datePublished":"2019-04-21T19:22:28+00:00","dateModified":"2021-06-02T06:14:16+00:00","breadcrumb":{"@id":"https:\/\/www.kauhavanpuukkopaja.fi\/maksutavat\/#breadcrumb"},"inLanguage":"en-US","potentialAction":[{"@type":"ReadAction","target":["https:\/\/www.kauhavanpuukkopaja.fi\/maksutavat\/"]}]},{"@type":"ImageObject","inLanguage":"en-US","@id":"https:\/\/www.kauhavanpuukkopaja.fi\/maksutavat\/#primaryimage","url":"https:\/\/static.vismapay.com\/pay_banners\/row.png","contentUrl":"https:\/\/static.vismapay.com\/pay_banners\/row.png"},{"@type":"BreadcrumbList","@id":"https:\/\/www.kauhavanpuukkopaja.fi\/maksutavat\/#breadcrumb","itemListElement":[{"@type":"ListItem","position":1,"name":"Home","item":"https:\/\/www.kauhavanpuukkopaja.fi\/"},{"@type":"ListItem","position":2,"name":"Maksutavat"}]},{"@type":"WebSite","@id":"https:\/\/www.kauhavanpuukkopaja.fi\/#website","url":"https:\/\/www.kauhavanpuukkopaja.fi\/","name":"Kauhavan Puukkopaja","description":"Laadukkaita, suomalaisia puukkoja Kauhavalta.","potentialAction":[{"@type":"SearchAction","target":{"@type":"EntryPoint","urlTemplate":"https:\/\/www.kauhavanpuukkopaja.fi\/?s={search_term_string}"},"query-input":{"@type":"PropertyValueSpecification","valueRequired":true,"valueName":"search_term_string"}}],"inLanguage":"en-US"}]}},"_links":{"self":[{"href":"https:\/\/www.kauhavanpuukkopaja.fi\/en\/wp-json\/wp\/v2\/pages\/401","targetHints":{"allow":["GET"]}}],"collection":[{"href":"https:\/\/www.kauhavanpuukkopaja.fi\/en\/wp-json\/wp\/v2\/pages"}],"about":[{"href":"https:\/\/www.kauhavanpuukkopaja.fi\/en\/wp-json\/wp\/v2\/types\/page"}],"author":[{"embeddable":true,"href":"https:\/\/www.kauhavanpuukkopaja.fi\/en\/wp-json\/wp\/v2\/users\/1"}],"replies":[{"embeddable":true,"href":"https:\/\/www.kauhavanpuukkopaja.fi\/en\/wp-json\/wp\/v2\/comments?post=401"}],"version-history":[{"count":7,"href":"https:\/\/www.kauhavanpuukkopaja.fi\/en\/wp-json\/wp\/v2\/pages\/401\/revisions"}],"predecessor-version":[{"id":2680,"href":"https:\/\/www.kauhavanpuukkopaja.fi\/en\/wp-json\/wp\/v2\/pages\/401\/revisions\/2680"}],"wp:attachment":[{"href":"https:\/\/www.kauhavanpuukkopaja.fi\/en\/wp-json\/wp\/v2\/media?parent=401"}],"curies":[{"name":"wp","href":"https:\/\/api.w.org\/{rel}","templated":true}]}}