{"id":158,"date":"2019-02-23T23:45:31","date_gmt":"2019-02-23T21:45:31","guid":{"rendered":"http:\/\/www.kauhavanpuukkopaja.my.ee\/?page_id=158"},"modified":"2019-07-14T17:20:32","modified_gmt":"2019-07-14T15:20:32","slug":"tietosuojaseloste","status":"publish","type":"page","link":"https:\/\/www.kauhavanpuukkopaja.fi\/en\/tietosuojaseloste\/","title":{"rendered":"Privacy Policy Statement"},"content":{"rendered":"<h2 class=\"wp-block-heading\">Who we are<\/h2>\n\n\n\n<p>Our internet address is www.kauhavanpuukkopaja.fi<\/p>\n\n\n\n<p>Visit our contact page and contact us!<\/p>\n\n\n\n<h2 class=\"wp-block-heading\">What personal information we collect and why<\/h2>\n\n\n\n<h3 class=\"wp-block-heading\">Comments<\/h3>\n\n\n\n<p>There are not any comment fields in use on our internet pages.<\/p>\n\n\n\n<h3 class=\"wp-block-heading\">Media<\/h3>\n\n\n\n<p>Visitors to our pages do not have the possibility to download media. <\/p>\n\n\n\n<h3 class=\"wp-block-heading\">Contact Forms<\/h3>\n\n\n\n<figure class=\"wp-block-embed-wordpress wp-block-embed is-type-wp-embed is-provider-kauhavan-puukkopaja\"><div class=\"wp-block-embed__wrapper\">\n<blockquote class=\"wp-embedded-content\" data-secret=\"oepbXpJoQH\"><a href=\"https:\/\/www.kauhavanpuukkopaja.fi\/en\/yhteydenotto\/\">Contact<\/a><\/blockquote><iframe loading=\"lazy\" class=\"wp-embedded-content\" sandbox=\"allow-scripts\" security=\"restricted\" style=\"position: absolute; clip: rect(1px, 1px, 1px, 1px);\" title=\"&#8221;Yhteydenotto&#8221; &#8212; Kauhavan Puukkopaja\" src=\"https:\/\/www.kauhavanpuukkopaja.fi\/yhteydenotto\/embed\/#?secret=oepbXpJoQH\" data-secret=\"oepbXpJoQH\" width=\"600\" height=\"338\" frameborder=\"0\" marginwidth=\"0\" marginheight=\"0\" scrolling=\"no\"><\/iframe>\n<\/div><\/figure>\n\n\n\n<h3 class=\"wp-block-heading\">Cookies<\/h3>\n\n\n\n<p>Visitors to our pages do not have the possibility to sign in or upload content to our internet service.<\/p>\n\n\n\n<h3 class=\"wp-block-heading\">Other embedded content<\/h3>\n\n\n\n<p>Articles on these pages can contain embedded content (such as videos, pictures, articles, etc.). Opening embedded content from other pages is comparable to a visitor themselves visiting a third-party site.<\/p>\n\n\n\n<p>These pages can collect information about you, use cookies, embed third party cookies and monitor your interaction with embedded content, including interaction monitoring if and when you have signed in as a user to the pages.<\/p>\n\n\n\n<h3 class=\"wp-block-heading\">Analytics<\/h3>\n\n\n\n<p>Our pages only collect anonymised data about our visitors with the help of WP Statistics plugin.<\/p>\n\n\n\n<h2 class=\"wp-block-heading\">Whom we share data with<\/h2>\n\n\n\n<p>We utilise your data only in association with the processing of online store orders. The pages do not collect recognisable information about you.<\/p>\n\n\n\n<h2 class=\"wp-block-heading\">How long we store data<\/h2>\n\n\n\n<p>We only save user profile data of users in order to handle online store orders. All users have the possibility to request the deletion of their data, whenever, by contacting our company. Only the internet site administrators can see and edit the data of user profiles.<\/p>\n\n\n\n<h2 class=\"wp-block-heading\">What rights do you have concerning your data<\/h2>\n\n\n\n<p>If you have made an order on our internet site you can request a compilation file of your own personal data, which contains all the personal data that you have given us. You can also request that your personal data is deleted. The right to have your data deleted does not concern personal data we must retain for maintenance, judicial or data security reasons.<\/p>\n\n\n\n<h2 class=\"wp-block-heading\">Where we send your information<\/h2>\n\n\n\n<p>Data fed in by visitors could be checked through automated junk mail filter services or other data checking services.<\/p>\n\n\n\n<h2 class=\"wp-block-heading\">Our contact details<\/h2>\n\n\n\n<p>Kauhavan Puukkopaja Matti Koski<\/p>\n\n\n\n<p class=\"translation-block\">Yrttikuja 5\n62200 KAUHAVA, FINLAND\nBusiness identity code 1007413-4<\/p>\n\n\n\n<p class=\"translation-block\">tel. +358 400 761 963\nE-mail: matti.koski (a) kauhavanpuukkopaja.fi<\/p>","protected":false},"excerpt":{"rendered":"<p>Keit\u00e4 olemme Verkkosivustomme osoite on: www.kauhavanpuukkopaja.fi Vieraile yhteydenottosivuillamme ja ota yhteytt\u00e4! Mit\u00e4 henkil\u00f6tietoa ker\u00e4\u00e4mme ja miksi Kommentit Sivustollamme ei ole k\u00e4yt\u00f6ss\u00e4 kommentointia. Media Sivustomme k\u00e4vij\u00f6ill\u00e4 ei ole k\u00e4yt\u00f6ss\u00e4 median latausmahdollisuutta. Yhteydenottolomakkeet Ev\u00e4steet Sivustomme k\u00e4vij\u00f6ill\u00e4 ei ole mahdollisuutta kirjautua sis\u00e4\u00e4n tai ladata sis\u00e4lt\u00f6\u00e4 verkkopalveluumme. Muilta sivustoilta upotettu sis\u00e4lt\u00f6 T\u00e4m\u00e4n sivuston artikkelit voivat sis\u00e4lt\u00e4\u00e4 upotettua sis\u00e4lt\u00f6\u00e4 (esimerkiksi [&hellip;]<\/p>\n","protected":false},"author":1,"featured_media":0,"parent":0,"menu_order":0,"comment_status":"closed","ping_status":"closed","template":"template-fullwidth.php","meta":{"footnotes":""},"class_list":["post-158","page","type-page","status-publish","hentry"],"yoast_head":"<!-- This site is optimized with the Yoast SEO plugin v27.4 - https:\/\/yoast.com\/product\/yoast-seo-wordpress\/ -->\n<title>Tietosuojaseloste - Kauhavan Puukkopaja<\/title>\n<meta name=\"robots\" content=\"index, follow, max-snippet:-1, max-image-preview:large, max-video-preview:-1\" \/>\n<link rel=\"canonical\" href=\"https:\/\/www.kauhavanpuukkopaja.fi\/en\/tietosuojaseloste\/\" \/>\n<meta property=\"og:locale\" content=\"en_US\" \/>\n<meta property=\"og:type\" content=\"article\" \/>\n<meta property=\"og:title\" content=\"Tietosuojaseloste - Kauhavan Puukkopaja\" \/>\n<meta property=\"og:description\" content=\"Keit\u00e4 olemme Verkkosivustomme osoite on: www.kauhavanpuukkopaja.fi Vieraile yhteydenottosivuillamme ja ota yhteytt\u00e4! Mit\u00e4 henkil\u00f6tietoa ker\u00e4\u00e4mme ja miksi Kommentit Sivustollamme ei ole k\u00e4yt\u00f6ss\u00e4 kommentointia. Media Sivustomme k\u00e4vij\u00f6ill\u00e4 ei ole k\u00e4yt\u00f6ss\u00e4 median latausmahdollisuutta. Yhteydenottolomakkeet Ev\u00e4steet Sivustomme k\u00e4vij\u00f6ill\u00e4 ei ole mahdollisuutta kirjautua sis\u00e4\u00e4n tai ladata sis\u00e4lt\u00f6\u00e4 verkkopalveluumme. Muilta sivustoilta upotettu sis\u00e4lt\u00f6 T\u00e4m\u00e4n sivuston artikkelit voivat sis\u00e4lt\u00e4\u00e4 upotettua sis\u00e4lt\u00f6\u00e4 (esimerkiksi [&hellip;]\" \/>\n<meta property=\"og:url\" content=\"https:\/\/www.kauhavanpuukkopaja.fi\/en\/tietosuojaseloste\/\" \/>\n<meta property=\"og:site_name\" content=\"Kauhavan Puukkopaja\" \/>\n<meta property=\"article:modified_time\" content=\"2019-07-14T15:20:32+00:00\" \/>\n<meta name=\"twitter:card\" content=\"summary_large_image\" \/>\n<meta name=\"twitter:label1\" content=\"Est. reading time\" \/>\n\t<meta name=\"twitter:data1\" content=\"2 minutes\" \/>\n<script type=\"application\/ld+json\" class=\"yoast-schema-graph\">{\"@context\":\"https:\\\/\\\/schema.org\",\"@graph\":[{\"@type\":\"WebPage\",\"@id\":\"https:\\\/\\\/www.kauhavanpuukkopaja.fi\\\/tietosuojaseloste\\\/\",\"url\":\"https:\\\/\\\/www.kauhavanpuukkopaja.fi\\\/tietosuojaseloste\\\/\",\"name\":\"Tietosuojaseloste - Kauhavan Puukkopaja\",\"isPartOf\":{\"@id\":\"https:\\\/\\\/www.kauhavanpuukkopaja.fi\\\/#website\"},\"datePublished\":\"2019-02-23T21:45:31+00:00\",\"dateModified\":\"2019-07-14T15:20:32+00:00\",\"breadcrumb\":{\"@id\":\"https:\\\/\\\/www.kauhavanpuukkopaja.fi\\\/tietosuojaseloste\\\/#breadcrumb\"},\"inLanguage\":\"en-US\",\"potentialAction\":[{\"@type\":\"ReadAction\",\"target\":[\"https:\\\/\\\/www.kauhavanpuukkopaja.fi\\\/tietosuojaseloste\\\/\"]}]},{\"@type\":\"BreadcrumbList\",\"@id\":\"https:\\\/\\\/www.kauhavanpuukkopaja.fi\\\/tietosuojaseloste\\\/#breadcrumb\",\"itemListElement\":[{\"@type\":\"ListItem\",\"position\":1,\"name\":\"Home\",\"item\":\"https:\\\/\\\/www.kauhavanpuukkopaja.fi\\\/\"},{\"@type\":\"ListItem\",\"position\":2,\"name\":\"Tietosuojaseloste\"}]},{\"@type\":\"WebSite\",\"@id\":\"https:\\\/\\\/www.kauhavanpuukkopaja.fi\\\/#website\",\"url\":\"https:\\\/\\\/www.kauhavanpuukkopaja.fi\\\/\",\"name\":\"Kauhavan Puukkopaja\",\"description\":\"Laadukkaita, suomalaisia puukkoja Kauhavalta.\",\"potentialAction\":[{\"@type\":\"SearchAction\",\"target\":{\"@type\":\"EntryPoint\",\"urlTemplate\":\"https:\\\/\\\/www.kauhavanpuukkopaja.fi\\\/?s={search_term_string}\"},\"query-input\":{\"@type\":\"PropertyValueSpecification\",\"valueRequired\":true,\"valueName\":\"search_term_string\"}}],\"inLanguage\":\"en-US\"}]}<\/script>\n<!-- \/ Yoast SEO plugin. -->","yoast_head_json":{"title":"Tietosuojaseloste - Kauhavan Puukkopaja","robots":{"index":"index","follow":"follow","max-snippet":"max-snippet:-1","max-image-preview":"max-image-preview:large","max-video-preview":"max-video-preview:-1"},"canonical":"https:\/\/www.kauhavanpuukkopaja.fi\/en\/tietosuojaseloste\/","og_locale":"en_US","og_type":"article","og_title":"Tietosuojaseloste - Kauhavan Puukkopaja","og_description":"Keit\u00e4 olemme Verkkosivustomme osoite on: www.kauhavanpuukkopaja.fi Vieraile yhteydenottosivuillamme ja ota yhteytt\u00e4! Mit\u00e4 henkil\u00f6tietoa ker\u00e4\u00e4mme ja miksi Kommentit Sivustollamme ei ole k\u00e4yt\u00f6ss\u00e4 kommentointia. Media Sivustomme k\u00e4vij\u00f6ill\u00e4 ei ole k\u00e4yt\u00f6ss\u00e4 median latausmahdollisuutta. Yhteydenottolomakkeet Ev\u00e4steet Sivustomme k\u00e4vij\u00f6ill\u00e4 ei ole mahdollisuutta kirjautua sis\u00e4\u00e4n tai ladata sis\u00e4lt\u00f6\u00e4 verkkopalveluumme. Muilta sivustoilta upotettu sis\u00e4lt\u00f6 T\u00e4m\u00e4n sivuston artikkelit voivat sis\u00e4lt\u00e4\u00e4 upotettua sis\u00e4lt\u00f6\u00e4 (esimerkiksi [&hellip;]","og_url":"https:\/\/www.kauhavanpuukkopaja.fi\/en\/tietosuojaseloste\/","og_site_name":"Kauhavan Puukkopaja","article_modified_time":"2019-07-14T15:20:32+00:00","twitter_card":"summary_large_image","twitter_misc":{"Est. reading time":"2 minutes"},"schema":{"@context":"https:\/\/schema.org","@graph":[{"@type":"WebPage","@id":"https:\/\/www.kauhavanpuukkopaja.fi\/tietosuojaseloste\/","url":"https:\/\/www.kauhavanpuukkopaja.fi\/tietosuojaseloste\/","name":"Tietosuojaseloste - Kauhavan Puukkopaja","isPartOf":{"@id":"https:\/\/www.kauhavanpuukkopaja.fi\/#website"},"datePublished":"2019-02-23T21:45:31+00:00","dateModified":"2019-07-14T15:20:32+00:00","breadcrumb":{"@id":"https:\/\/www.kauhavanpuukkopaja.fi\/tietosuojaseloste\/#breadcrumb"},"inLanguage":"en-US","potentialAction":[{"@type":"ReadAction","target":["https:\/\/www.kauhavanpuukkopaja.fi\/tietosuojaseloste\/"]}]},{"@type":"BreadcrumbList","@id":"https:\/\/www.kauhavanpuukkopaja.fi\/tietosuojaseloste\/#breadcrumb","itemListElement":[{"@type":"ListItem","position":1,"name":"Home","item":"https:\/\/www.kauhavanpuukkopaja.fi\/"},{"@type":"ListItem","position":2,"name":"Tietosuojaseloste"}]},{"@type":"WebSite","@id":"https:\/\/www.kauhavanpuukkopaja.fi\/#website","url":"https:\/\/www.kauhavanpuukkopaja.fi\/","name":"Kauhavan Puukkopaja","description":"Laadukkaita, suomalaisia puukkoja Kauhavalta.","potentialAction":[{"@type":"SearchAction","target":{"@type":"EntryPoint","urlTemplate":"https:\/\/www.kauhavanpuukkopaja.fi\/?s={search_term_string}"},"query-input":{"@type":"PropertyValueSpecification","valueRequired":true,"valueName":"search_term_string"}}],"inLanguage":"en-US"}]}},"_links":{"self":[{"href":"https:\/\/www.kauhavanpuukkopaja.fi\/en\/wp-json\/wp\/v2\/pages\/158","targetHints":{"allow":["GET"]}}],"collection":[{"href":"https:\/\/www.kauhavanpuukkopaja.fi\/en\/wp-json\/wp\/v2\/pages"}],"about":[{"href":"https:\/\/www.kauhavanpuukkopaja.fi\/en\/wp-json\/wp\/v2\/types\/page"}],"author":[{"embeddable":true,"href":"https:\/\/www.kauhavanpuukkopaja.fi\/en\/wp-json\/wp\/v2\/users\/1"}],"replies":[{"embeddable":true,"href":"https:\/\/www.kauhavanpuukkopaja.fi\/en\/wp-json\/wp\/v2\/comments?post=158"}],"version-history":[{"count":7,"href":"https:\/\/www.kauhavanpuukkopaja.fi\/en\/wp-json\/wp\/v2\/pages\/158\/revisions"}],"predecessor-version":[{"id":1039,"href":"https:\/\/www.kauhavanpuukkopaja.fi\/en\/wp-json\/wp\/v2\/pages\/158\/revisions\/1039"}],"wp:attachment":[{"href":"https:\/\/www.kauhavanpuukkopaja.fi\/en\/wp-json\/wp\/v2\/media?parent=158"}],"curies":[{"name":"wp","href":"https:\/\/api.w.org\/{rel}","templated":true}]}}